{"id":1500,"date":"2024-06-27T12:39:12","date_gmt":"2024-06-27T10:39:12","guid":{"rendered":"http:\/\/euromark.ppmkt.fr\/?page_id=1500"},"modified":"2025-11-06T17:01:42","modified_gmt":"2025-11-06T16:01:42","slug":"notre-politique-rh","status":"publish","type":"page","link":"http:\/\/euromark.ppmkt.fr\/fr\/nous-rejoindre\/notre-politique-rh\/","title":{"rendered":"Notre politique RH"},"content":{"rendered":"\n<div style=\"height:23px\" aria-hidden=\"true\" class=\"wp-block-spacer\"><\/div>\n\n\n\n<h6 class=\"wp-block-heading has-text-align-center has-vivid-red-color has-text-color has-link-color has-medium-font-size wp-elements-a887081de0dbeaf10a065920e886d66e\"><strong>ACCUEILLIR, ACCOMPAGNER ET FAIRE GRANDIR LES TALENTS<\/strong><\/h6>\n\n\n\n<div style=\"height:39px\" aria-hidden=\"true\" class=\"wp-block-spacer\"><\/div>\n\n\n\n<div class=\"wp-block-media-text alignwide is-stacked-on-mobile is-image-fill-element reveal has-background\" style=\"background-color:#8dd2fc1a;grid-template-columns:40% auto\"><figure class=\"wp-block-media-text__media\"><img loading=\"lazy\" decoding=\"async\" width=\"357\" height=\"535\" src=\"http:\/\/euromark.ppmkt.fr\/wp-content\/uploads\/2025\/09\/Euromark_2024_020-357x535.jpg\" alt=\"\" class=\"wp-image-3717 size-full\" style=\"object-position:50% 50%\" srcset=\"http:\/\/euromark.ppmkt.fr\/wp-content\/uploads\/2025\/09\/Euromark_2024_020-357x535.jpg 357w, http:\/\/euromark.ppmkt.fr\/wp-content\/uploads\/2025\/09\/Euromark_2024_020-167x250.jpg 167w, http:\/\/euromark.ppmkt.fr\/wp-content\/uploads\/2025\/09\/Euromark_2024_020-263x395.jpg 263w, http:\/\/euromark.ppmkt.fr\/wp-content\/uploads\/2025\/09\/Euromark_2024_020-1024x1536.jpg 1024w, http:\/\/euromark.ppmkt.fr\/wp-content\/uploads\/2025\/09\/Euromark_2024_020-1365x2048.jpg 1365w, http:\/\/euromark.ppmkt.fr\/wp-content\/uploads\/2025\/09\/Euromark_2024_020-scaled.jpg 1707w\" sizes=\"auto, (max-width: 357px) 100vw, 357px\" \/><\/figure><div class=\"wp-block-media-text__content\">\n<div style=\"height:20px\" aria-hidden=\"true\" class=\"wp-block-spacer\"><\/div>\n\n\n<div class=\"wp-block-image\">\n<figure class=\"aligncenter size-full is-resized\"><img decoding=\"async\" src=\"https:\/\/cardem.people-marketing.fr\/wp-content\/uploads\/2024\/01\/CARDEM-Nous-rejoindre-Accroche.png\" alt=\"\" class=\"wp-image-1475\" style=\"object-fit:cover;width:423px;height:auto\"\/><\/figure>\n<\/div>\n\n\n<p>Vous voulez contribuer \u00e0 am\u00e9liorer la vie de chacun, participer \u00e0 des projets qui ont du sens et vous permettront de gagner en comp\u00e9tences ?<\/p>\n\n\n\n<p>Euromark offre une diversit\u00e9 de m\u00e9tiers allant de la R&amp;D \u00e0 la qualit\u00e9, la pr\u00e9vention, l\u2019environnement ou le commerce&#8230; Nos collaboratrices et collaborateurs forment des \u00e9quipes de passionn\u00e9(e)s qui partagent toutes et tous la m\u00eame vision : <strong>&nbsp;<ins><a href=\"https:\/\/youtu.be\/Ijrj8ikHxX0\" target=\"_blank\" rel=\"noreferrer noopener\">Build Better Together<\/a><\/ins><\/strong>.<\/p>\n\n\n\n<div style=\"height:25px\" aria-hidden=\"true\" class=\"wp-block-spacer\"><\/div>\n<\/div><\/div>\n\n\n\n<div style=\"height:40px\" aria-hidden=\"true\" class=\"wp-block-spacer\"><\/div>\n\n\n\n<div class=\"wp-block-media-text is-stacked-on-mobile is-vertically-aligned-center\" style=\"grid-template-columns:40% auto\"><figure class=\"wp-block-media-text__media\"><img loading=\"lazy\" decoding=\"async\" width=\"378\" height=\"535\" src=\"http:\/\/euromark.ppmkt.fr\/wp-content\/uploads\/2025\/10\/6-378x535.png\" alt=\"\" class=\"wp-image-4351 size-full\" srcset=\"http:\/\/euromark.ppmkt.fr\/wp-content\/uploads\/2025\/10\/6-378x535.png 378w, http:\/\/euromark.ppmkt.fr\/wp-content\/uploads\/2025\/10\/6-177x250.png 177w, http:\/\/euromark.ppmkt.fr\/wp-content\/uploads\/2025\/10\/6-279x395.png 279w, http:\/\/euromark.ppmkt.fr\/wp-content\/uploads\/2025\/10\/6-1086x1536.png 1086w, http:\/\/euromark.ppmkt.fr\/wp-content\/uploads\/2025\/10\/6.png 1414w\" sizes=\"auto, (max-width: 378px) 100vw, 378px\" \/><\/figure><div class=\"wp-block-media-text__content\">\n<h2 class=\"wp-block-heading\"><strong><strong><strong>Construire son parcours<\/strong><\/strong><\/strong><\/h2>\n\n\n\n<p>Parce que nous partageons la m\u00eame&nbsp;passion de&nbsp;<strong>construire<\/strong>. Une&nbsp;<strong>passion utile<\/strong>. Au service des territoires. Un m\u00e9tier pour trouver des solutions. Et parce que chez nous, chacun a la possibilit\u00e9 de se construire. En d\u00e9veloppant sans cesse ses comp\u00e9tences. En utilisant des techniques et des technologies de pointe. En transmettant nos savoir-faire. En partageant notre fa\u00e7on d\u2019\u00eatre.<\/p>\n\n\n\n<p><strong>Humilit\u00e9. Esprit d\u2019\u00e9quipe. Excellence. Libert\u00e9 d\u2019entreprendre. Transparence.<\/strong><\/p>\n<\/div><\/div>\n\n\n\n<div style=\"height:40px\" aria-hidden=\"true\" class=\"wp-block-spacer\"><\/div>\n\n\n\n<div class=\"wp-block-media-text is-stacked-on-mobile is-vertically-aligned-center\" style=\"grid-template-columns:40% auto\"><figure class=\"wp-block-media-text__media\"><img loading=\"lazy\" decoding=\"async\" width=\"378\" height=\"535\" src=\"http:\/\/euromark.ppmkt.fr\/wp-content\/uploads\/2025\/10\/7-378x535.png\" alt=\"\" class=\"wp-image-4353 size-full\" srcset=\"http:\/\/euromark.ppmkt.fr\/wp-content\/uploads\/2025\/10\/7-378x535.png 378w, http:\/\/euromark.ppmkt.fr\/wp-content\/uploads\/2025\/10\/7-177x250.png 177w, http:\/\/euromark.ppmkt.fr\/wp-content\/uploads\/2025\/10\/7-279x395.png 279w, http:\/\/euromark.ppmkt.fr\/wp-content\/uploads\/2025\/10\/7-1086x1536.png 1086w, http:\/\/euromark.ppmkt.fr\/wp-content\/uploads\/2025\/10\/7.png 1414w\" sizes=\"auto, (max-width: 378px) 100vw, 378px\" \/><\/figure><div class=\"wp-block-media-text__content\">\n<h2 class=\"wp-block-heading\"><strong><strong><strong><strong><strong>Construire utile<\/strong><\/strong><\/strong><\/strong><\/strong><\/h2>\n\n\n\n<p>Parce que \u00ab&nbsp;<strong>good&nbsp;<\/strong>\u00bb et m\u00eame \u00ab&nbsp;<strong>great<\/strong>&nbsp;\u00bb, ce n\u2019est pas assez. Nous cultivons un management bas\u00e9 sur l\u2019autonomie et la confiance. Pour laisser les responsables de nos chantiers et de nos sites prendre les d\u00e9cisions sur le terrain. Au sein d\u2019une entreprise toujours plus&nbsp;<strong>inclusive<\/strong>&nbsp;et toujours plus&nbsp;<strong>engag\u00e9e<\/strong>&nbsp;pour l\u2019<strong>environnement<\/strong>&nbsp;et la&nbsp;<strong>soci\u00e9t\u00e9<\/strong>.<\/p>\n\n\n\n<div style=\"height:100px\" aria-hidden=\"true\" class=\"wp-block-spacer\"><\/div>\n<\/div><\/div>\n\n\n\n<div style=\"height:40px\" aria-hidden=\"true\" class=\"wp-block-spacer\"><\/div>\n\n\n\n<div class=\"wp-block-media-text is-stacked-on-mobile\" style=\"grid-template-columns:40% auto\"><figure class=\"wp-block-media-text__media\"><img loading=\"lazy\" decoding=\"async\" width=\"535\" height=\"535\" src=\"http:\/\/euromark.ppmkt.fr\/wp-content\/uploads\/2024\/07\/EQUIPEMENT-DE-LA-ROUTE_TOGETHER_1-535x535.png\" alt=\"\" class=\"wp-image-1810 size-full\" srcset=\"http:\/\/euromark.ppmkt.fr\/wp-content\/uploads\/2024\/07\/EQUIPEMENT-DE-LA-ROUTE_TOGETHER_1-535x535.png 535w, http:\/\/euromark.ppmkt.fr\/wp-content\/uploads\/2024\/07\/EQUIPEMENT-DE-LA-ROUTE_TOGETHER_1-250x250.png 250w, http:\/\/euromark.ppmkt.fr\/wp-content\/uploads\/2024\/07\/EQUIPEMENT-DE-LA-ROUTE_TOGETHER_1-395x395.png 395w, http:\/\/euromark.ppmkt.fr\/wp-content\/uploads\/2024\/07\/EQUIPEMENT-DE-LA-ROUTE_TOGETHER_1-500x500.png 500w, http:\/\/euromark.ppmkt.fr\/wp-content\/uploads\/2024\/07\/EQUIPEMENT-DE-LA-ROUTE_TOGETHER_1.png 1080w\" sizes=\"auto, (max-width: 535px) 100vw, 535px\" \/><\/figure><div class=\"wp-block-media-text__content\">\n<h2 class=\"wp-block-heading\"><strong><strong><strong><strong><strong><strong><strong><strong><strong><strong>Construire avec des valeurs<\/strong><\/strong><\/strong><\/strong><\/strong><\/strong><\/strong><\/strong><\/strong><\/strong><\/h2>\n\n\n\n<p>Parce que chez nous,&nbsp;l\u2019<strong>humain passe avant tout.<\/strong>&nbsp;Pour nos collaborateurs. Parce que leur r\u00e9ussite, leur bien-\u00eatre et leur s\u00e9curit\u00e9 sont notre priorit\u00e9. Parce que nous croyons au&nbsp;<strong>travail en \u00e9quipe<\/strong>. Et \u00e0 la solidarit\u00e9. Pour nos clients, et celles et ceux pour qui nous travaillons. Parce que des dialogues constructifs naissent toujours les bons projets. Alors oui, c\u2019est simple comme\u2026un, deux, trois. Et tous les jours, bien plus encore. Gr\u00e2ce \u00e0 des femmes et des hommes comme vous&nbsp;!<\/p>\n<\/div><\/div>\n\n\n\n<div style=\"height:40px\" aria-hidden=\"true\" class=\"wp-block-spacer\"><\/div>\n\n\n\n<div class=\"wp-block-columns is-layout-flex wp-container-core-columns-is-layout-9d6595d7 wp-block-columns-is-layout-flex\">\n<div class=\"wp-block-column is-layout-flow wp-block-column-is-layout-flow\">\n<figure class=\"wp-block-embed is-type-video is-provider-youtube wp-block-embed-youtube wp-embed-aspect-16-9 wp-has-aspect-ratio vid-centered\"><div class=\"wp-block-embed__wrapper\">\n<div class=\"oembed\">\n\t<iframe loading=\"lazy\" title=\"Build Better Together\" width=\"500\" height=\"281\" src=\"https:\/\/www.youtube.com\/embed\/Ijrj8ikHxX0?feature=oembed\" frameborder=\"0\" allow=\"accelerometer; autoplay; clipboard-write; encrypted-media; gyroscope; picture-in-picture; web-share\" referrerpolicy=\"strict-origin-when-cross-origin\" allowfullscreen><\/iframe><\/div>\n\n<\/div><\/figure>\n<\/div>\n<\/div>\n\n\n\n<p><\/p>\n","protected":false},"excerpt":{"rendered":"<p>ACCUEILLIR, ACCOMPAGNER ET FAIRE GRANDIR LES TALENTS Construire son parcours Parce que nous partageons la m\u00eame&nbsp;passion de&nbsp;construire. Une&nbsp;passion utile. Au&#8230;<\/p>\n","protected":false},"author":1,"featured_media":0,"parent":225,"menu_order":59,"comment_status":"closed","ping_status":"closed","template":"","meta":{"_acf_changed":false,"footnotes":""},"class_list":["post-1500","page","type-page","status-publish","hentry"],"acf":[],"yoast_head":"<!-- This site is optimized with the Yoast SEO plugin v27.5 - https:\/\/yoast.com\/product\/yoast-seo-wordpress\/ -->\n<title>Notre politique RH - Euromark, r\u00e9f\u00e9rent en produits de marquage routier<\/title>\n<meta name=\"description\" content=\"Chez Euromark, nos collaborateurs forment des \u00e9quipes de passionn\u00e9(e)s qui partagent toutes et tous la m\u00eame vision !\" \/>\n<meta name=\"robots\" content=\"index, follow, max-snippet:-1, max-image-preview:large, max-video-preview:-1\" \/>\n<link rel=\"canonical\" href=\"http:\/\/euromark.ppmkt.fr\/fr\/nous-rejoindre\/notre-politique-rh\/\" \/>\n<meta property=\"og:locale\" content=\"fr_FR\" \/>\n<meta property=\"og:type\" content=\"article\" \/>\n<meta property=\"og:title\" content=\"Notre politique RH - Euromark, r\u00e9f\u00e9rent en produits de marquage routier\" \/>\n<meta property=\"og:description\" content=\"Chez Euromark, nos collaborateurs forment des \u00e9quipes de passionn\u00e9(e)s qui partagent toutes et tous la m\u00eame vision !\" \/>\n<meta property=\"og:url\" content=\"http:\/\/euromark.ppmkt.fr\/fr\/nous-rejoindre\/notre-politique-rh\/\" \/>\n<meta property=\"og:site_name\" content=\"Euromark\" \/>\n<meta property=\"article:modified_time\" content=\"2025-11-06T16:01:42+00:00\" \/>\n<meta property=\"og:image\" content=\"http:\/\/euromark.ppmkt.fr\/wp-content\/uploads\/2025\/09\/Euromark_2024_020-357x535.jpg\" \/>\n<meta name=\"twitter:card\" content=\"summary_large_image\" \/>\n<meta name=\"twitter:label1\" content=\"Dur\u00e9e de lecture estim\u00e9e\" \/>\n\t<meta name=\"twitter:data1\" content=\"3 minutes\" \/>\n<script type=\"application\/ld+json\" class=\"yoast-schema-graph\">{\"@context\":\"https:\\\/\\\/schema.org\",\"@graph\":[{\"@type\":\"WebPage\",\"@id\":\"http:\\\/\\\/euromark.ppmkt.fr\\\/fr\\\/nous-rejoindre\\\/notre-politique-rh\\\/\",\"url\":\"http:\\\/\\\/euromark.ppmkt.fr\\\/fr\\\/nous-rejoindre\\\/notre-politique-rh\\\/\",\"name\":\"Notre politique RH - Euromark, r\u00e9f\u00e9rent en produits de marquage routier\",\"isPartOf\":{\"@id\":\"http:\\\/\\\/euromark.ppmkt.fr\\\/fr\\\/#website\"},\"primaryImageOfPage\":{\"@id\":\"http:\\\/\\\/euromark.ppmkt.fr\\\/fr\\\/nous-rejoindre\\\/notre-politique-rh\\\/#primaryimage\"},\"image\":{\"@id\":\"http:\\\/\\\/euromark.ppmkt.fr\\\/fr\\\/nous-rejoindre\\\/notre-politique-rh\\\/#primaryimage\"},\"thumbnailUrl\":\"http:\\\/\\\/euromark.ppmkt.fr\\\/wp-content\\\/uploads\\\/2025\\\/09\\\/Euromark_2024_020-357x535.jpg\",\"datePublished\":\"2024-06-27T10:39:12+00:00\",\"dateModified\":\"2025-11-06T16:01:42+00:00\",\"description\":\"Chez Euromark, nos collaborateurs forment des \u00e9quipes de passionn\u00e9(e)s qui partagent toutes et tous la m\u00eame vision !\",\"breadcrumb\":{\"@id\":\"http:\\\/\\\/euromark.ppmkt.fr\\\/fr\\\/nous-rejoindre\\\/notre-politique-rh\\\/#breadcrumb\"},\"inLanguage\":\"fr-FR\",\"potentialAction\":[{\"@type\":\"ReadAction\",\"target\":[\"http:\\\/\\\/euromark.ppmkt.fr\\\/fr\\\/nous-rejoindre\\\/notre-politique-rh\\\/\"]}]},{\"@type\":\"ImageObject\",\"inLanguage\":\"fr-FR\",\"@id\":\"http:\\\/\\\/euromark.ppmkt.fr\\\/fr\\\/nous-rejoindre\\\/notre-politique-rh\\\/#primaryimage\",\"url\":\"http:\\\/\\\/euromark.ppmkt.fr\\\/wp-content\\\/uploads\\\/2025\\\/09\\\/Euromark_2024_020-357x535.jpg\",\"contentUrl\":\"http:\\\/\\\/euromark.ppmkt.fr\\\/wp-content\\\/uploads\\\/2025\\\/09\\\/Euromark_2024_020-357x535.jpg\"},{\"@type\":\"BreadcrumbList\",\"@id\":\"http:\\\/\\\/euromark.ppmkt.fr\\\/fr\\\/nous-rejoindre\\\/notre-politique-rh\\\/#breadcrumb\",\"itemListElement\":[{\"@type\":\"ListItem\",\"position\":1,\"name\":\"Accueil\",\"item\":\"http:\\\/\\\/euromark.ppmkt.fr\\\/fr\\\/\"},{\"@type\":\"ListItem\",\"position\":2,\"name\":\"Nous rejoindre\",\"item\":\"http:\\\/\\\/euromark.ppmkt.fr\\\/fr\\\/nous-rejoindre\\\/\"},{\"@type\":\"ListItem\",\"position\":3,\"name\":\"Notre politique RH\"}]},{\"@type\":\"WebSite\",\"@id\":\"http:\\\/\\\/euromark.ppmkt.fr\\\/fr\\\/#website\",\"url\":\"http:\\\/\\\/euromark.ppmkt.fr\\\/fr\\\/\",\"name\":\"Sar\",\"description\":\"\",\"publisher\":{\"@id\":\"http:\\\/\\\/euromark.ppmkt.fr\\\/fr\\\/#organization\"},\"potentialAction\":[{\"@type\":\"SearchAction\",\"target\":{\"@type\":\"EntryPoint\",\"urlTemplate\":\"http:\\\/\\\/euromark.ppmkt.fr\\\/fr\\\/?s={search_term_string}\"},\"query-input\":{\"@type\":\"PropertyValueSpecification\",\"valueRequired\":true,\"valueName\":\"search_term_string\"}}],\"inLanguage\":\"fr-FR\"},{\"@type\":\"Organization\",\"@id\":\"http:\\\/\\\/euromark.ppmkt.fr\\\/fr\\\/#organization\",\"name\":\"Sar\",\"url\":\"http:\\\/\\\/euromark.ppmkt.fr\\\/fr\\\/\",\"logo\":{\"@type\":\"ImageObject\",\"inLanguage\":\"fr-FR\",\"@id\":\"http:\\\/\\\/euromark.ppmkt.fr\\\/fr\\\/#\\\/schema\\\/logo\\\/image\\\/\",\"url\":\"\",\"contentUrl\":\"\",\"caption\":\"Sar\"},\"image\":{\"@id\":\"http:\\\/\\\/euromark.ppmkt.fr\\\/fr\\\/#\\\/schema\\\/logo\\\/image\\\/\"}}]}<\/script>\n<!-- \/ Yoast SEO plugin. -->","yoast_head_json":{"title":"Notre politique RH - Euromark, r\u00e9f\u00e9rent en produits de marquage routier","description":"Chez Euromark, nos collaborateurs forment des \u00e9quipes de passionn\u00e9(e)s qui partagent toutes et tous la m\u00eame vision !","robots":{"index":"index","follow":"follow","max-snippet":"max-snippet:-1","max-image-preview":"max-image-preview:large","max-video-preview":"max-video-preview:-1"},"canonical":"http:\/\/euromark.ppmkt.fr\/fr\/nous-rejoindre\/notre-politique-rh\/","og_locale":"fr_FR","og_type":"article","og_title":"Notre politique RH - Euromark, r\u00e9f\u00e9rent en produits de marquage routier","og_description":"Chez Euromark, nos collaborateurs forment des \u00e9quipes de passionn\u00e9(e)s qui partagent toutes et tous la m\u00eame vision !","og_url":"http:\/\/euromark.ppmkt.fr\/fr\/nous-rejoindre\/notre-politique-rh\/","og_site_name":"Euromark","article_modified_time":"2025-11-06T16:01:42+00:00","og_image":[{"url":"http:\/\/euromark.ppmkt.fr\/wp-content\/uploads\/2025\/09\/Euromark_2024_020-357x535.jpg","type":"","width":"","height":""}],"twitter_card":"summary_large_image","twitter_misc":{"Dur\u00e9e de lecture estim\u00e9e":"3 minutes"},"schema":{"@context":"https:\/\/schema.org","@graph":[{"@type":"WebPage","@id":"http:\/\/euromark.ppmkt.fr\/fr\/nous-rejoindre\/notre-politique-rh\/","url":"http:\/\/euromark.ppmkt.fr\/fr\/nous-rejoindre\/notre-politique-rh\/","name":"Notre politique RH - Euromark, r\u00e9f\u00e9rent en produits de marquage routier","isPartOf":{"@id":"http:\/\/euromark.ppmkt.fr\/fr\/#website"},"primaryImageOfPage":{"@id":"http:\/\/euromark.ppmkt.fr\/fr\/nous-rejoindre\/notre-politique-rh\/#primaryimage"},"image":{"@id":"http:\/\/euromark.ppmkt.fr\/fr\/nous-rejoindre\/notre-politique-rh\/#primaryimage"},"thumbnailUrl":"http:\/\/euromark.ppmkt.fr\/wp-content\/uploads\/2025\/09\/Euromark_2024_020-357x535.jpg","datePublished":"2024-06-27T10:39:12+00:00","dateModified":"2025-11-06T16:01:42+00:00","description":"Chez Euromark, nos collaborateurs forment des \u00e9quipes de passionn\u00e9(e)s qui partagent toutes et tous la m\u00eame vision !","breadcrumb":{"@id":"http:\/\/euromark.ppmkt.fr\/fr\/nous-rejoindre\/notre-politique-rh\/#breadcrumb"},"inLanguage":"fr-FR","potentialAction":[{"@type":"ReadAction","target":["http:\/\/euromark.ppmkt.fr\/fr\/nous-rejoindre\/notre-politique-rh\/"]}]},{"@type":"ImageObject","inLanguage":"fr-FR","@id":"http:\/\/euromark.ppmkt.fr\/fr\/nous-rejoindre\/notre-politique-rh\/#primaryimage","url":"http:\/\/euromark.ppmkt.fr\/wp-content\/uploads\/2025\/09\/Euromark_2024_020-357x535.jpg","contentUrl":"http:\/\/euromark.ppmkt.fr\/wp-content\/uploads\/2025\/09\/Euromark_2024_020-357x535.jpg"},{"@type":"BreadcrumbList","@id":"http:\/\/euromark.ppmkt.fr\/fr\/nous-rejoindre\/notre-politique-rh\/#breadcrumb","itemListElement":[{"@type":"ListItem","position":1,"name":"Accueil","item":"http:\/\/euromark.ppmkt.fr\/fr\/"},{"@type":"ListItem","position":2,"name":"Nous rejoindre","item":"http:\/\/euromark.ppmkt.fr\/fr\/nous-rejoindre\/"},{"@type":"ListItem","position":3,"name":"Notre politique RH"}]},{"@type":"WebSite","@id":"http:\/\/euromark.ppmkt.fr\/fr\/#website","url":"http:\/\/euromark.ppmkt.fr\/fr\/","name":"Sar","description":"","publisher":{"@id":"http:\/\/euromark.ppmkt.fr\/fr\/#organization"},"potentialAction":[{"@type":"SearchAction","target":{"@type":"EntryPoint","urlTemplate":"http:\/\/euromark.ppmkt.fr\/fr\/?s={search_term_string}"},"query-input":{"@type":"PropertyValueSpecification","valueRequired":true,"valueName":"search_term_string"}}],"inLanguage":"fr-FR"},{"@type":"Organization","@id":"http:\/\/euromark.ppmkt.fr\/fr\/#organization","name":"Sar","url":"http:\/\/euromark.ppmkt.fr\/fr\/","logo":{"@type":"ImageObject","inLanguage":"fr-FR","@id":"http:\/\/euromark.ppmkt.fr\/fr\/#\/schema\/logo\/image\/","url":"","contentUrl":"","caption":"Sar"},"image":{"@id":"http:\/\/euromark.ppmkt.fr\/fr\/#\/schema\/logo\/image\/"}}]}},"_links":{"self":[{"href":"http:\/\/euromark.ppmkt.fr\/fr\/wp-json\/wp\/v2\/pages\/1500","targetHints":{"allow":["GET"]}}],"collection":[{"href":"http:\/\/euromark.ppmkt.fr\/fr\/wp-json\/wp\/v2\/pages"}],"about":[{"href":"http:\/\/euromark.ppmkt.fr\/fr\/wp-json\/wp\/v2\/types\/page"}],"author":[{"embeddable":true,"href":"http:\/\/euromark.ppmkt.fr\/fr\/wp-json\/wp\/v2\/users\/1"}],"replies":[{"embeddable":true,"href":"http:\/\/euromark.ppmkt.fr\/fr\/wp-json\/wp\/v2\/comments?post=1500"}],"version-history":[{"count":59,"href":"http:\/\/euromark.ppmkt.fr\/fr\/wp-json\/wp\/v2\/pages\/1500\/revisions"}],"predecessor-version":[{"id":5881,"href":"http:\/\/euromark.ppmkt.fr\/fr\/wp-json\/wp\/v2\/pages\/1500\/revisions\/5881"}],"up":[{"embeddable":true,"href":"http:\/\/euromark.ppmkt.fr\/fr\/wp-json\/wp\/v2\/pages\/225"}],"wp:attachment":[{"href":"http:\/\/euromark.ppmkt.fr\/fr\/wp-json\/wp\/v2\/media?parent=1500"}],"curies":[{"name":"wp","href":"https:\/\/api.w.org\/{rel}","templated":true}]}}