{"id":1502,"date":"2024-06-27T12:39:38","date_gmt":"2024-06-27T10:39:38","guid":{"rendered":"http:\/\/euromark.ppmkt.fr\/?page_id=1502"},"modified":"2025-12-03T09:16:38","modified_gmt":"2025-12-03T08:16:38","slug":"parcours-formation","status":"publish","type":"page","link":"http:\/\/euromark.ppmkt.fr\/fr\/nous-rejoindre\/parcours-formation\/","title":{"rendered":"Parcours et formations"},"content":{"rendered":"\n<p class=\"has-text-align-center sous-titre\"><strong>CONSTRUISEZ ET D\u00c9VELOPPEZ VOTRE CARRI\u00c8RE AVEC Euromark<\/strong><\/p>\n\n\n\n<div style=\"height:40px\" aria-hidden=\"true\" class=\"wp-block-spacer\"><\/div>\n\n\n\n<h2 class=\"wp-block-heading\">???? Un plan de formation personnalis\u00e9<\/h2>\n\n\n\n<p>Parce que, chez Euromark, s\u2019occuper de nos collaboratrices et collaborateurs est notre priorit\u00e9. Chaque ann\u00e9e, nous mettons en place un <strong>plan de formation individualis\u00e9<\/strong>, d\u00e9fini avec chaque collaborateur lors de son <strong>entretien professionnel<\/strong>. \u00c0 travers la d\u00e9marche <strong>GPEC<\/strong> (Gestion Pr\u00e9visionnelle des Emplois et des Comp\u00e9tences), nous identifions vos besoins et vos aspirations, et nous vous donnons les moyens de les concr\u00e9tiser avec des formations sp\u00e9cifiques\u00a0:<\/p>\n\n\n\n<ul class=\"wp-block-list\">\n<li>Formations Techniques<\/li>\n\n\n\n<li>Formations Transverses (management, pr\u00e9vention, \u2026)<\/li>\n\n\n\n<li>Formations Outils<\/li>\n<\/ul>\n\n\n\n<div style=\"height:80px\" aria-hidden=\"true\" class=\"wp-block-spacer\"><\/div>\n\n\n\n<h2 class=\"wp-block-heading\">???? Promotion interne &amp; \u00e9galit\u00e9 des chances<\/h2>\n\n\n\n<p>Toutes nos offres d\u2019emploi sont partag\u00e9es en interne afin de <strong>favoriser l\u2019\u00e9volution professionnelle<\/strong> et <strong>la promotion interne<\/strong>. Lorsqu\u2019un collaborateur acc\u00e8de \u00e0 de nouvelles responsabilit\u00e9s, il b\u00e9n\u00e9ficie des <strong>formations n\u00e9cessaires \u00e0 sa r\u00e9ussite<\/strong>.<\/p>\n\n\n\n<p>Cet engagement s\u2019inscrit dans notre <strong>politique d\u2019\u00e9galit\u00e9 professionnelle<\/strong>, visant \u00e0 construire des <strong>parcours durables<\/strong> et \u00e0 faire grandir les femmes et les hommes de Euromark.<\/p>\n\n\n\n<div style=\"height:40px\" aria-hidden=\"true\" class=\"wp-block-spacer\"><\/div>\n\n\n\n<h3 class=\"wp-block-heading has-text-color has-link-color wp-elements-9ef5ff15519a6b2eceeffa8aea614475\" style=\"color:#e4211d\"><strong>Chez Euromark, votre avenir professionnel est important.<\/strong> <strong>Rejoignez-nous<\/strong> et devenez acteur de votre d\u00e9veloppement !<\/h3>\n\n\n\n<p>Une question ? Contactez-nous \u00e0 : <a href=\"mailto:recrutement@sar.fr\">recrutement@sar.fr<\/a><\/p>\n","protected":false},"excerpt":{"rendered":"<p>CONSTRUISEZ ET D\u00c9VELOPPEZ VOTRE CARRI\u00c8RE AVEC Euromark ???? Un plan de formation personnalis\u00e9 Parce que, chez Euromark, s\u2019occuper de nos&#8230;<\/p>\n","protected":false},"author":1,"featured_media":0,"parent":225,"menu_order":56,"comment_status":"closed","ping_status":"closed","template":"","meta":{"_acf_changed":false,"footnotes":""},"class_list":["post-1502","page","type-page","status-publish","hentry"],"acf":[],"yoast_head":"<!-- This site is optimized with the Yoast SEO plugin v27.5 - https:\/\/yoast.com\/product\/yoast-seo-wordpress\/ -->\n<title>Parcours et formations - Euromark, r\u00e9f\u00e9rent en produits de marquage routier<\/title>\n<meta name=\"description\" content=\"Construisez et d\u00e9veloppez votre carri\u00e8re avec Euromark, r\u00e9f\u00e9rent en produits de marquage routier. D\u00e9couvrez nos parcours et nos formations !\" \/>\n<meta name=\"robots\" content=\"index, follow, max-snippet:-1, max-image-preview:large, max-video-preview:-1\" \/>\n<link rel=\"canonical\" href=\"http:\/\/euromark.ppmkt.fr\/fr\/nous-rejoindre\/parcours-formation\/\" \/>\n<meta property=\"og:locale\" content=\"fr_FR\" \/>\n<meta property=\"og:type\" content=\"article\" \/>\n<meta property=\"og:title\" content=\"Parcours et formations - Euromark, r\u00e9f\u00e9rent en produits de marquage routier\" \/>\n<meta property=\"og:description\" content=\"Construisez et d\u00e9veloppez votre carri\u00e8re avec Euromark, r\u00e9f\u00e9rent en produits de marquage routier. D\u00e9couvrez nos parcours et nos formations !\" \/>\n<meta property=\"og:url\" content=\"http:\/\/euromark.ppmkt.fr\/fr\/nous-rejoindre\/parcours-formation\/\" \/>\n<meta property=\"og:site_name\" content=\"Euromark\" \/>\n<meta property=\"article:modified_time\" content=\"2025-12-03T08:16:38+00:00\" \/>\n<meta name=\"twitter:card\" content=\"summary_large_image\" \/>\n<meta name=\"twitter:label1\" content=\"Dur\u00e9e de lecture estim\u00e9e\" \/>\n\t<meta name=\"twitter:data1\" content=\"1 minute\" \/>\n<script type=\"application\/ld+json\" class=\"yoast-schema-graph\">{\"@context\":\"https:\\\/\\\/schema.org\",\"@graph\":[{\"@type\":\"WebPage\",\"@id\":\"http:\\\/\\\/euromark.ppmkt.fr\\\/fr\\\/nous-rejoindre\\\/parcours-formation\\\/\",\"url\":\"http:\\\/\\\/euromark.ppmkt.fr\\\/fr\\\/nous-rejoindre\\\/parcours-formation\\\/\",\"name\":\"Parcours et formations - Euromark, r\u00e9f\u00e9rent en produits de marquage routier\",\"isPartOf\":{\"@id\":\"http:\\\/\\\/euromark.ppmkt.fr\\\/fr\\\/#website\"},\"datePublished\":\"2024-06-27T10:39:38+00:00\",\"dateModified\":\"2025-12-03T08:16:38+00:00\",\"description\":\"Construisez et d\u00e9veloppez votre carri\u00e8re avec Euromark, r\u00e9f\u00e9rent en produits de marquage routier. D\u00e9couvrez nos parcours et nos formations !\",\"breadcrumb\":{\"@id\":\"http:\\\/\\\/euromark.ppmkt.fr\\\/fr\\\/nous-rejoindre\\\/parcours-formation\\\/#breadcrumb\"},\"inLanguage\":\"fr-FR\",\"potentialAction\":[{\"@type\":\"ReadAction\",\"target\":[\"http:\\\/\\\/euromark.ppmkt.fr\\\/fr\\\/nous-rejoindre\\\/parcours-formation\\\/\"]}]},{\"@type\":\"BreadcrumbList\",\"@id\":\"http:\\\/\\\/euromark.ppmkt.fr\\\/fr\\\/nous-rejoindre\\\/parcours-formation\\\/#breadcrumb\",\"itemListElement\":[{\"@type\":\"ListItem\",\"position\":1,\"name\":\"Accueil\",\"item\":\"http:\\\/\\\/euromark.ppmkt.fr\\\/fr\\\/\"},{\"@type\":\"ListItem\",\"position\":2,\"name\":\"Nous rejoindre\",\"item\":\"http:\\\/\\\/euromark.ppmkt.fr\\\/fr\\\/nous-rejoindre\\\/\"},{\"@type\":\"ListItem\",\"position\":3,\"name\":\"Parcours et formations\"}]},{\"@type\":\"WebSite\",\"@id\":\"http:\\\/\\\/euromark.ppmkt.fr\\\/fr\\\/#website\",\"url\":\"http:\\\/\\\/euromark.ppmkt.fr\\\/fr\\\/\",\"name\":\"Sar\",\"description\":\"\",\"publisher\":{\"@id\":\"http:\\\/\\\/euromark.ppmkt.fr\\\/fr\\\/#organization\"},\"potentialAction\":[{\"@type\":\"SearchAction\",\"target\":{\"@type\":\"EntryPoint\",\"urlTemplate\":\"http:\\\/\\\/euromark.ppmkt.fr\\\/fr\\\/?s={search_term_string}\"},\"query-input\":{\"@type\":\"PropertyValueSpecification\",\"valueRequired\":true,\"valueName\":\"search_term_string\"}}],\"inLanguage\":\"fr-FR\"},{\"@type\":\"Organization\",\"@id\":\"http:\\\/\\\/euromark.ppmkt.fr\\\/fr\\\/#organization\",\"name\":\"Sar\",\"url\":\"http:\\\/\\\/euromark.ppmkt.fr\\\/fr\\\/\",\"logo\":{\"@type\":\"ImageObject\",\"inLanguage\":\"fr-FR\",\"@id\":\"http:\\\/\\\/euromark.ppmkt.fr\\\/fr\\\/#\\\/schema\\\/logo\\\/image\\\/\",\"url\":\"\",\"contentUrl\":\"\",\"caption\":\"Sar\"},\"image\":{\"@id\":\"http:\\\/\\\/euromark.ppmkt.fr\\\/fr\\\/#\\\/schema\\\/logo\\\/image\\\/\"}}]}<\/script>\n<!-- \/ Yoast SEO plugin. -->","yoast_head_json":{"title":"Parcours et formations - Euromark, r\u00e9f\u00e9rent en produits de marquage routier","description":"Construisez et d\u00e9veloppez votre carri\u00e8re avec Euromark, r\u00e9f\u00e9rent en produits de marquage routier. D\u00e9couvrez nos parcours et nos formations !","robots":{"index":"index","follow":"follow","max-snippet":"max-snippet:-1","max-image-preview":"max-image-preview:large","max-video-preview":"max-video-preview:-1"},"canonical":"http:\/\/euromark.ppmkt.fr\/fr\/nous-rejoindre\/parcours-formation\/","og_locale":"fr_FR","og_type":"article","og_title":"Parcours et formations - Euromark, r\u00e9f\u00e9rent en produits de marquage routier","og_description":"Construisez et d\u00e9veloppez votre carri\u00e8re avec Euromark, r\u00e9f\u00e9rent en produits de marquage routier. D\u00e9couvrez nos parcours et nos formations !","og_url":"http:\/\/euromark.ppmkt.fr\/fr\/nous-rejoindre\/parcours-formation\/","og_site_name":"Euromark","article_modified_time":"2025-12-03T08:16:38+00:00","twitter_card":"summary_large_image","twitter_misc":{"Dur\u00e9e de lecture estim\u00e9e":"1 minute"},"schema":{"@context":"https:\/\/schema.org","@graph":[{"@type":"WebPage","@id":"http:\/\/euromark.ppmkt.fr\/fr\/nous-rejoindre\/parcours-formation\/","url":"http:\/\/euromark.ppmkt.fr\/fr\/nous-rejoindre\/parcours-formation\/","name":"Parcours et formations - Euromark, r\u00e9f\u00e9rent en produits de marquage routier","isPartOf":{"@id":"http:\/\/euromark.ppmkt.fr\/fr\/#website"},"datePublished":"2024-06-27T10:39:38+00:00","dateModified":"2025-12-03T08:16:38+00:00","description":"Construisez et d\u00e9veloppez votre carri\u00e8re avec Euromark, r\u00e9f\u00e9rent en produits de marquage routier. D\u00e9couvrez nos parcours et nos formations !","breadcrumb":{"@id":"http:\/\/euromark.ppmkt.fr\/fr\/nous-rejoindre\/parcours-formation\/#breadcrumb"},"inLanguage":"fr-FR","potentialAction":[{"@type":"ReadAction","target":["http:\/\/euromark.ppmkt.fr\/fr\/nous-rejoindre\/parcours-formation\/"]}]},{"@type":"BreadcrumbList","@id":"http:\/\/euromark.ppmkt.fr\/fr\/nous-rejoindre\/parcours-formation\/#breadcrumb","itemListElement":[{"@type":"ListItem","position":1,"name":"Accueil","item":"http:\/\/euromark.ppmkt.fr\/fr\/"},{"@type":"ListItem","position":2,"name":"Nous rejoindre","item":"http:\/\/euromark.ppmkt.fr\/fr\/nous-rejoindre\/"},{"@type":"ListItem","position":3,"name":"Parcours et formations"}]},{"@type":"WebSite","@id":"http:\/\/euromark.ppmkt.fr\/fr\/#website","url":"http:\/\/euromark.ppmkt.fr\/fr\/","name":"Sar","description":"","publisher":{"@id":"http:\/\/euromark.ppmkt.fr\/fr\/#organization"},"potentialAction":[{"@type":"SearchAction","target":{"@type":"EntryPoint","urlTemplate":"http:\/\/euromark.ppmkt.fr\/fr\/?s={search_term_string}"},"query-input":{"@type":"PropertyValueSpecification","valueRequired":true,"valueName":"search_term_string"}}],"inLanguage":"fr-FR"},{"@type":"Organization","@id":"http:\/\/euromark.ppmkt.fr\/fr\/#organization","name":"Sar","url":"http:\/\/euromark.ppmkt.fr\/fr\/","logo":{"@type":"ImageObject","inLanguage":"fr-FR","@id":"http:\/\/euromark.ppmkt.fr\/fr\/#\/schema\/logo\/image\/","url":"","contentUrl":"","caption":"Sar"},"image":{"@id":"http:\/\/euromark.ppmkt.fr\/fr\/#\/schema\/logo\/image\/"}}]}},"_links":{"self":[{"href":"http:\/\/euromark.ppmkt.fr\/fr\/wp-json\/wp\/v2\/pages\/1502","targetHints":{"allow":["GET"]}}],"collection":[{"href":"http:\/\/euromark.ppmkt.fr\/fr\/wp-json\/wp\/v2\/pages"}],"about":[{"href":"http:\/\/euromark.ppmkt.fr\/fr\/wp-json\/wp\/v2\/types\/page"}],"author":[{"embeddable":true,"href":"http:\/\/euromark.ppmkt.fr\/fr\/wp-json\/wp\/v2\/users\/1"}],"replies":[{"embeddable":true,"href":"http:\/\/euromark.ppmkt.fr\/fr\/wp-json\/wp\/v2\/comments?post=1502"}],"version-history":[{"count":41,"href":"http:\/\/euromark.ppmkt.fr\/fr\/wp-json\/wp\/v2\/pages\/1502\/revisions"}],"predecessor-version":[{"id":5937,"href":"http:\/\/euromark.ppmkt.fr\/fr\/wp-json\/wp\/v2\/pages\/1502\/revisions\/5937"}],"up":[{"embeddable":true,"href":"http:\/\/euromark.ppmkt.fr\/fr\/wp-json\/wp\/v2\/pages\/225"}],"wp:attachment":[{"href":"http:\/\/euromark.ppmkt.fr\/fr\/wp-json\/wp\/v2\/media?parent=1502"}],"curies":[{"name":"wp","href":"https:\/\/api.w.org\/{rel}","templated":true}]}}