{"id":194,"date":"2024-04-02T10:59:21","date_gmt":"2024-04-02T08:59:21","guid":{"rendered":"http:\/\/euromark.ppmkt.fr\/?page_id=194"},"modified":"2025-12-05T11:09:02","modified_gmt":"2025-12-05T10:09:02","slug":"accueil","status":"publish","type":"page","link":"http:\/\/euromark.ppmkt.fr\/fr\/","title":{"rendered":"Accueil"},"content":{"rendered":"\n<div class=\"wp-block-columns has-small-font-size is-layout-flex wp-container-core-columns-is-layout-9d6595d7 wp-block-columns-is-layout-flex\">\n<div class=\"wp-block-column is-vertically-aligned-center is-layout-flow wp-block-column-is-layout-flow\" style=\"flex-basis:100%\">\n<p class=\"has-text-align-left has-medium-font-size\">Bienvenue chez Euromark, votre partenaire de confiance dans le domaine des <strong>\u00e9quipements de la route<\/strong>. Industriel fran\u00e7ais, nous concevons, fabriquons et commercialisons une gamme compl\u00e8te de produits de signalisation horizontale.<\/p>\n\n\n\n<div style=\"height:50px\" aria-hidden=\"true\" class=\"wp-block-spacer\"><\/div>\n\n\n\n<h3 class=\"wp-block-heading has-text-align-center has-text-color has-link-color wp-elements-09615a0a56aadee52f34b8ecfbcb014b\" style=\"color:#014189;font-size:30px\">D\u00c9COUVREZ NOTRE GAMME FRANCE<\/h3>\n\n\n\n<div style=\"height:40px\" aria-hidden=\"true\" class=\"wp-block-spacer\"><\/div>\n\n\n\n<div class=\"wp-block-columns is-layout-flex wp-container-core-columns-is-layout-9d6595d7 wp-block-columns-is-layout-flex\">\n<div class=\"wp-block-column p-2 is-layout-flow wp-block-column-is-layout-flow\">\n<a href=\"http:\/\/euromark.ppmkt.fr\/nos-produits\/notre-gamme-france\/?categorie=produits-amenagement-securite\" style=\"text-decoration-color: #ffffff !important;\">\n    <div class=\"home-action\" style=\"background-color: #1a4384;\">\n        <div class=\"content\">\n            <i class=\"picto wow fadeInLeft\" style=\"background-image: url(http:\/\/euromark.ppmkt.fr\/wp-content\/uploads\/2025\/09\/picto_blanc-amenagements-securite_V2.png)\"><\/i>\n            <span class=\"wow fadeInDown\" style=\"color: #ffffff !important;\">\n                <h4>Produits d&rsquo;am\u00e9nagements de s\u00e9curit\u00e9<\/h4>\n            <\/span>\n        <\/div>\n    <\/div>\n<\/a><\/div>\n\n\n\n<div class=\"wp-block-column p-2 is-layout-flow wp-block-column-is-layout-flow\">\n<a href=\"http:\/\/euromark.ppmkt.fr\/nos-produits\/notre-gamme-france\/?categorie=produits-marquage\" style=\"text-decoration-color: #ffffff !important;\">\n    <div class=\"home-action\" style=\"background-color: #1a4384;\">\n        <div class=\"content\">\n            <i class=\"picto wow fadeInLeft\" style=\"background-image: url(http:\/\/euromark.ppmkt.fr\/wp-content\/uploads\/2025\/12\/Euromark-picto-accueil-250x250.png)\"><\/i>\n            <span class=\"wow fadeInDown\" style=\"color: #ffffff !important;\">\n                <h4>Produits de marquage<\/h4>\n            <\/span>\n        <\/div>\n    <\/div>\n<\/a><\/div>\n\n\n\n<div class=\"wp-block-column p-2 is-layout-flow wp-block-column-is-layout-flow\">\n<a href=\"http:\/\/euromark.ppmkt.fr\/nos-produits\/notre-gamme-france\/?categorie=produits-specifiques\" style=\"text-decoration-color: #ffffff !important;\">\n    <div class=\"home-action\" style=\"background-color: #1a4384;\">\n        <div class=\"content\">\n            <i class=\"picto wow fadeInLeft\" style=\"background-image: url(http:\/\/euromark.ppmkt.fr\/wp-content\/uploads\/2025\/09\/picto_blanc-prd-specifique.png)\"><\/i>\n            <span class=\"wow fadeInDown\" style=\"color: #ffffff !important;\">\n                <h4>Produits sp\u00e9cifiques<\/h4>\n            <\/span>\n        <\/div>\n    <\/div>\n<\/a><\/div>\n<\/div>\n<\/div>\n<\/div>\n","protected":false},"excerpt":{"rendered":"<p>Bienvenue chez Euromark, votre partenaire de confiance dans le domaine des \u00e9quipements de la route. Industriel fran\u00e7ais, nous concevons, fabriquons&#8230;<\/p>\n","protected":false},"author":1,"featured_media":0,"parent":0,"menu_order":84,"comment_status":"closed","ping_status":"closed","template":"","meta":{"_acf_changed":false,"footnotes":""},"class_list":["post-194","page","type-page","status-publish","hentry"],"acf":[],"yoast_head":"<!-- This site is optimized with the Yoast SEO plugin v27.5 - https:\/\/yoast.com\/product\/yoast-seo-wordpress\/ -->\n<title>Accueil - Euromark, r\u00e9f\u00e9rent en produits de marquage routier<\/title>\n<meta name=\"description\" content=\"Euromark, r\u00e9f\u00e9rent en produits de marquage routier sur les march\u00e9s fran\u00e7ais et europ\u00e9ens depuis 1964. D\u00e9couvrez nos produits et nos expertises !\" \/>\n<meta name=\"robots\" content=\"index, follow, max-snippet:-1, max-image-preview:large, max-video-preview:-1\" \/>\n<link rel=\"canonical\" href=\"http:\/\/euromark.ppmkt.fr\/fr\/\" \/>\n<meta property=\"og:locale\" content=\"fr_FR\" \/>\n<meta property=\"og:type\" content=\"article\" \/>\n<meta property=\"og:title\" content=\"Accueil - Euromark, r\u00e9f\u00e9rent en produits de marquage routier\" \/>\n<meta property=\"og:description\" content=\"Euromark, r\u00e9f\u00e9rent en produits de marquage routier sur les march\u00e9s fran\u00e7ais et europ\u00e9ens depuis 1964. D\u00e9couvrez nos produits et nos expertises !\" \/>\n<meta property=\"og:url\" content=\"http:\/\/euromark.ppmkt.fr\/fr\/\" \/>\n<meta property=\"og:site_name\" content=\"Euromark\" \/>\n<meta property=\"article:modified_time\" content=\"2025-12-05T10:09:02+00:00\" \/>\n<meta name=\"twitter:card\" content=\"summary_large_image\" \/>\n<meta name=\"twitter:label1\" content=\"Dur\u00e9e de lecture estim\u00e9e\" \/>\n\t<meta name=\"twitter:data1\" content=\"1 minute\" \/>\n<script type=\"application\/ld+json\" class=\"yoast-schema-graph\">{\"@context\":\"https:\\\/\\\/schema.org\",\"@graph\":[{\"@type\":\"WebPage\",\"@id\":\"http:\\\/\\\/euromark.ppmkt.fr\\\/fr\\\/\",\"url\":\"http:\\\/\\\/euromark.ppmkt.fr\\\/fr\\\/\",\"name\":\"Accueil - Euromark, r\u00e9f\u00e9rent en produits de marquage routier\",\"isPartOf\":{\"@id\":\"http:\\\/\\\/euromark.ppmkt.fr\\\/fr\\\/#website\"},\"datePublished\":\"2024-04-02T08:59:21+00:00\",\"dateModified\":\"2025-12-05T10:09:02+00:00\",\"description\":\"Euromark, r\u00e9f\u00e9rent en produits de marquage routier sur les march\u00e9s fran\u00e7ais et europ\u00e9ens depuis 1964. D\u00e9couvrez nos produits et nos expertises !\",\"breadcrumb\":{\"@id\":\"http:\\\/\\\/euromark.ppmkt.fr\\\/fr\\\/#breadcrumb\"},\"inLanguage\":\"fr-FR\",\"potentialAction\":[{\"@type\":\"ReadAction\",\"target\":[\"http:\\\/\\\/euromark.ppmkt.fr\\\/fr\\\/\"]}]},{\"@type\":\"BreadcrumbList\",\"@id\":\"http:\\\/\\\/euromark.ppmkt.fr\\\/fr\\\/#breadcrumb\",\"itemListElement\":[{\"@type\":\"ListItem\",\"position\":1,\"name\":\"Accueil\",\"item\":\"http:\\\/\\\/euromark.ppmkt.fr\\\/fr\\\/\"},{\"@type\":\"ListItem\",\"position\":2,\"name\":\"Accueil\"}]},{\"@type\":\"WebSite\",\"@id\":\"http:\\\/\\\/euromark.ppmkt.fr\\\/fr\\\/#website\",\"url\":\"http:\\\/\\\/euromark.ppmkt.fr\\\/fr\\\/\",\"name\":\"Sar\",\"description\":\"\",\"publisher\":{\"@id\":\"http:\\\/\\\/euromark.ppmkt.fr\\\/fr\\\/#organization\"},\"potentialAction\":[{\"@type\":\"SearchAction\",\"target\":{\"@type\":\"EntryPoint\",\"urlTemplate\":\"http:\\\/\\\/euromark.ppmkt.fr\\\/fr\\\/?s={search_term_string}\"},\"query-input\":{\"@type\":\"PropertyValueSpecification\",\"valueRequired\":true,\"valueName\":\"search_term_string\"}}],\"inLanguage\":\"fr-FR\"},{\"@type\":\"Organization\",\"@id\":\"http:\\\/\\\/euromark.ppmkt.fr\\\/fr\\\/#organization\",\"name\":\"Sar\",\"url\":\"http:\\\/\\\/euromark.ppmkt.fr\\\/fr\\\/\",\"logo\":{\"@type\":\"ImageObject\",\"inLanguage\":\"fr-FR\",\"@id\":\"http:\\\/\\\/euromark.ppmkt.fr\\\/fr\\\/#\\\/schema\\\/logo\\\/image\\\/\",\"url\":\"\",\"contentUrl\":\"\",\"caption\":\"Sar\"},\"image\":{\"@id\":\"http:\\\/\\\/euromark.ppmkt.fr\\\/fr\\\/#\\\/schema\\\/logo\\\/image\\\/\"}}]}<\/script>\n<!-- \/ Yoast SEO plugin. -->","yoast_head_json":{"title":"Accueil - Euromark, r\u00e9f\u00e9rent en produits de marquage routier","description":"Euromark, r\u00e9f\u00e9rent en produits de marquage routier sur les march\u00e9s fran\u00e7ais et europ\u00e9ens depuis 1964. D\u00e9couvrez nos produits et nos expertises !","robots":{"index":"index","follow":"follow","max-snippet":"max-snippet:-1","max-image-preview":"max-image-preview:large","max-video-preview":"max-video-preview:-1"},"canonical":"http:\/\/euromark.ppmkt.fr\/fr\/","og_locale":"fr_FR","og_type":"article","og_title":"Accueil - Euromark, r\u00e9f\u00e9rent en produits de marquage routier","og_description":"Euromark, r\u00e9f\u00e9rent en produits de marquage routier sur les march\u00e9s fran\u00e7ais et europ\u00e9ens depuis 1964. D\u00e9couvrez nos produits et nos expertises !","og_url":"http:\/\/euromark.ppmkt.fr\/fr\/","og_site_name":"Euromark","article_modified_time":"2025-12-05T10:09:02+00:00","twitter_card":"summary_large_image","twitter_misc":{"Dur\u00e9e de lecture estim\u00e9e":"1 minute"},"schema":{"@context":"https:\/\/schema.org","@graph":[{"@type":"WebPage","@id":"http:\/\/euromark.ppmkt.fr\/fr\/","url":"http:\/\/euromark.ppmkt.fr\/fr\/","name":"Accueil - Euromark, r\u00e9f\u00e9rent en produits de marquage routier","isPartOf":{"@id":"http:\/\/euromark.ppmkt.fr\/fr\/#website"},"datePublished":"2024-04-02T08:59:21+00:00","dateModified":"2025-12-05T10:09:02+00:00","description":"Euromark, r\u00e9f\u00e9rent en produits de marquage routier sur les march\u00e9s fran\u00e7ais et europ\u00e9ens depuis 1964. D\u00e9couvrez nos produits et nos expertises !","breadcrumb":{"@id":"http:\/\/euromark.ppmkt.fr\/fr\/#breadcrumb"},"inLanguage":"fr-FR","potentialAction":[{"@type":"ReadAction","target":["http:\/\/euromark.ppmkt.fr\/fr\/"]}]},{"@type":"BreadcrumbList","@id":"http:\/\/euromark.ppmkt.fr\/fr\/#breadcrumb","itemListElement":[{"@type":"ListItem","position":1,"name":"Accueil","item":"http:\/\/euromark.ppmkt.fr\/fr\/"},{"@type":"ListItem","position":2,"name":"Accueil"}]},{"@type":"WebSite","@id":"http:\/\/euromark.ppmkt.fr\/fr\/#website","url":"http:\/\/euromark.ppmkt.fr\/fr\/","name":"Sar","description":"","publisher":{"@id":"http:\/\/euromark.ppmkt.fr\/fr\/#organization"},"potentialAction":[{"@type":"SearchAction","target":{"@type":"EntryPoint","urlTemplate":"http:\/\/euromark.ppmkt.fr\/fr\/?s={search_term_string}"},"query-input":{"@type":"PropertyValueSpecification","valueRequired":true,"valueName":"search_term_string"}}],"inLanguage":"fr-FR"},{"@type":"Organization","@id":"http:\/\/euromark.ppmkt.fr\/fr\/#organization","name":"Sar","url":"http:\/\/euromark.ppmkt.fr\/fr\/","logo":{"@type":"ImageObject","inLanguage":"fr-FR","@id":"http:\/\/euromark.ppmkt.fr\/fr\/#\/schema\/logo\/image\/","url":"","contentUrl":"","caption":"Sar"},"image":{"@id":"http:\/\/euromark.ppmkt.fr\/fr\/#\/schema\/logo\/image\/"}}]}},"_links":{"self":[{"href":"http:\/\/euromark.ppmkt.fr\/fr\/wp-json\/wp\/v2\/pages\/194","targetHints":{"allow":["GET"]}}],"collection":[{"href":"http:\/\/euromark.ppmkt.fr\/fr\/wp-json\/wp\/v2\/pages"}],"about":[{"href":"http:\/\/euromark.ppmkt.fr\/fr\/wp-json\/wp\/v2\/types\/page"}],"author":[{"embeddable":true,"href":"http:\/\/euromark.ppmkt.fr\/fr\/wp-json\/wp\/v2\/users\/1"}],"replies":[{"embeddable":true,"href":"http:\/\/euromark.ppmkt.fr\/fr\/wp-json\/wp\/v2\/comments?post=194"}],"version-history":[{"count":118,"href":"http:\/\/euromark.ppmkt.fr\/fr\/wp-json\/wp\/v2\/pages\/194\/revisions"}],"predecessor-version":[{"id":5969,"href":"http:\/\/euromark.ppmkt.fr\/fr\/wp-json\/wp\/v2\/pages\/194\/revisions\/5969"}],"wp:attachment":[{"href":"http:\/\/euromark.ppmkt.fr\/fr\/wp-json\/wp\/v2\/media?parent=194"}],"curies":[{"name":"wp","href":"https:\/\/api.w.org\/{rel}","templated":true}]}}