{"id":201,"date":"2024-04-02T14:15:37","date_gmt":"2024-04-02T12:15:37","guid":{"rendered":"http:\/\/euromark.ppmkt.fr\/?page_id=201"},"modified":"2025-12-02T16:00:07","modified_gmt":"2025-12-02T15:00:07","slug":"presentation","status":"publish","type":"page","link":"http:\/\/euromark.ppmkt.fr\/fr\/qui-nous-sommes\/presentation\/","title":{"rendered":"Pr\u00e9sentation"},"content":{"rendered":"\n<div class=\"wp-block-columns is-layout-flex wp-container-core-columns-is-layout-9d6595d7 wp-block-columns-is-layout-flex\">\n<div class=\"wp-block-column is-layout-flow wp-block-column-is-layout-flow\">\n<p class=\"sous-titre\">Au sein des m\u00e9tiers R\u00e9seaux France de VINCI Construction, Euromark est sp\u00e9cialis\u00e9e dans la fabrication de <strong>produits de marquage routier<\/strong>, dont elle est r\u00e9f\u00e9rente en France.<\/p>\n\n\n\n<div style=\"height:40px\" aria-hidden=\"true\" class=\"wp-block-spacer\"><\/div>\n\n\n\n<h2 class=\"wp-block-heading\">Euromark, expert du marquage routier en France\u2026<\/h2>\n\n\n\n<p><strong>Acteur national dans la fabrication de produits de marquage routier<\/strong>, Euromark met son savoir-faire au service des professionnels depuis 1964. Implant\u00e9s \u00e0 Ronquerolles, dans l\u2019Oise, nous concevons, fabriquons et commercialisons une gamme compl\u00e8te de produits de signalisation horizontale, couvrant l\u2019ensemble des techniques d\u2019application.<\/p>\n\n\n\n<div style=\"height:20px\" aria-hidden=\"true\" class=\"wp-block-spacer\"><\/div>\n\n\n\n<h3 class=\"wp-block-heading\">Aujourd\u2019hui, 30% des bandes de signalisation horizontale appliqu\u00e9es en France ont \u00e9t\u00e9 fabriqu\u00e9es par Euromark<\/h3>\n\n\n\n<p>Notre expertise historique, alli\u00e9e \u00e0 un sens de l\u2019innovation servi par une<strong> \u00e9quipe R&amp;D de 10 personnes<\/strong>, nous a permis d\u2019asseoir notre r\u00f4le de r\u00e9f\u00e9rent sur le march\u00e9, en offrant une gamme \u00e9largie de <strong>+ de 300 produits certifi\u00e9s en France et en Europe<\/strong>\u00a0(20 000 tonnes de produits certifi\u00e9s sont produites dans notre usine chaque ann\u00e9e).<\/p>\n\n\n\n<p>D\u00e8s les ann\u00e9es 1990, nous avons choisi de <strong>consacrer\u00a0nos efforts de recherche \u00e0 la conception de solutions \u00e9coresponsables<\/strong> pour nos clients.<\/p>\n\n\n\n<div style=\"height:20px\" aria-hidden=\"true\" class=\"wp-block-spacer\"><\/div>\n\n\n\n<h3 class=\"wp-block-heading\">Une offre compl\u00e8te et innovante<\/h3>\n\n\n\n<p>Euromark propose des solutions adapt\u00e9es \u00e0 tous les besoins en marquage routier :<\/p>\n\n\n\n<ul class=\"wp-block-list\">\n<li><strong>Peintures routi\u00e8res<\/strong> \u00e0 l\u2019eau, solvant\u00e9es sans tolu\u00e8ne ou r\u00e9actives<\/li>\n\n\n\n<li><strong>Enduits \u00e0 froid<\/strong> : manuels, extrud\u00e9s, projet\u00e9s ou pulv\u00e9ris\u00e9s, mono ou bi-composants<\/li>\n\n\n\n<li><strong>Enduits \u00e0 chaud<\/strong> : extrud\u00e9s, rideau ou spray<\/li>\n\n\n\n<li><strong>Rev\u00eatements d\u00e9coratifs<\/strong> : color\u00e9s ou gravillonn\u00e9s<\/li>\n<\/ul>\n\n\n\n<p>Euromark distribue \u00e9galement une <strong>large gamme de\u00a0produits compl\u00e9mentaires\u00a0:<\/strong> bandes pr\u00e9fabriqu\u00e9es, plots, dispositifs pour Personnes \u00e0 Mobilit\u00e9 R\u00e9duite (PMR) etc.<\/p>\n\n\n\n<div style=\"height:40px\" aria-hidden=\"true\" class=\"wp-block-spacer\"><\/div>\n\n\n\n<h2 class=\"wp-block-heading\">\u2026 et \u00e0 l\u2019international<\/h2>\n\n\n\n<p>Les produits certifi\u00e9s Euromark sont distribu\u00e9s dans plus de 40 pays dans le monde.<\/p>\n\n\n\n<p>Notre cha\u00eene logistique adapt\u00e9e et notre outil industriel, avec une <strong>capacit\u00e9 de production annuelle de 35 000 tonnes<\/strong>, nous permettent de r\u00e9pondre aux commandes de nos clients aussi bien en France qu\u2019\u00e0 l\u2019\u00e9tranger.<\/p>\n<\/div>\n<\/div>\n\n\n\n<div style=\"height:60px\" aria-hidden=\"true\" class=\"wp-block-spacer\"><\/div>\n\n\n\n<div class=\"wp-block-columns is-layout-flex wp-container-core-columns-is-layout-9d6595d7 wp-block-columns-is-layout-flex\">\n<div class=\"wp-block-column is-layout-flow wp-block-column-is-layout-flow\">\n<h2 class=\"wp-block-heading\">Euromark, c&rsquo;est :<\/h2>\n\n\n\n<div class=\"wp-block-columns w50mob is-layout-flex wp-container-core-columns-is-layout-9d6595d7 wp-block-columns-is-layout-flex\">\n<div class=\"wp-block-column is-layout-flow wp-block-column-is-layout-flow\">\n<div class=\"dynamic-counter\">\n    <div class=\"image\" style=\"background-color: #dd3333;\">\n        <img decoding=\"async\" src=\"http:\/\/euromark.ppmkt.fr\/wp-content\/uploads\/2025\/05\/Pictogramme-casque.png\" alt=\"\" srcset=\"\">\n    <\/div>\n    <div class=\"chiffres-content\">\n        <p style=\"color: #e4211d;\">\n            <span class=\"dynamic-number\">70<\/span><br>\n            collaboratrices et collaborateurs        <\/p>\n    <\/div>\n<\/div>\n\n<script>\n\n$(document).foundation();\n$(function () {\n  new WOW().init();\n  let isAnimated = false;\n\n  function formatNumberWithSpaces(x) {\n    return x.toString().replace(\/\\B(?=(\\d{3})+(?!\\d))\/g, \" \");\n    }\n  function scrollCallback() {\n\n    $(window).bind('scroll', function(){\n        $('.dynamic-number').each(function (i, counter) {\n            var $this = $(counter);\n\n            if ( ($(window).scrollTop() + $(window).height()) >= $this.offset().top && !$this.hasClass('started')) {\n                $this.addClass('started');\n                jQuery({ Counter: 0 }).animate({ Counter: $this.text() }, {\n                    duration: 1500,\n                    easing: 'swing',\n                    step: function (i) {\n                    $this.text(formatNumberWithSpaces(Math.ceil(i)));\n                    },\n                    complete : function() {\n\n                    },\n                });\n            }\n        });\n    })}\n    scrollCallback()\n})\n\n<\/script><\/div>\n\n\n\n<div class=\"wp-block-column is-layout-flow wp-block-column-is-layout-flow\">\n<div class=\"dynamic-counter\">\n    <div class=\"image\" style=\"background-color: #dd3333;\">\n        <img decoding=\"async\" src=\"http:\/\/euromark.ppmkt.fr\/wp-content\/uploads\/2025\/05\/Plaque-Publicitaire.png\" alt=\"Icone cr\u00e9ation\" srcset=\"\">\n    <\/div>\n    <div class=\"chiffres-content\">\n        <p style=\"color: #e4211d;\">\n            <span class=\"dynamic-number\">35000<\/span><br>\n            tonnes de capacit\u00e9 annuelle        <\/p>\n    <\/div>\n<\/div>\n\n<script>\n\n$(document).foundation();\n$(function () {\n  new WOW().init();\n  let isAnimated = false;\n\n  function formatNumberWithSpaces(x) {\n    return x.toString().replace(\/\\B(?=(\\d{3})+(?!\\d))\/g, \" \");\n    }\n  function scrollCallback() {\n\n    $(window).bind('scroll', function(){\n        $('.dynamic-number').each(function (i, counter) {\n            var $this = $(counter);\n\n            if ( ($(window).scrollTop() + $(window).height()) >= $this.offset().top && !$this.hasClass('started')) {\n                $this.addClass('started');\n                jQuery({ Counter: 0 }).animate({ Counter: $this.text() }, {\n                    duration: 1500,\n                    easing: 'swing',\n                    step: function (i) {\n                    $this.text(formatNumberWithSpaces(Math.ceil(i)));\n                    },\n                    complete : function() {\n\n                    },\n                });\n            }\n        });\n    })}\n    scrollCallback()\n})\n\n<\/script><\/div>\n\n\n\n<div class=\"wp-block-column is-layout-flow wp-block-column-is-layout-flow\">\n<div class=\"dynamic-counter\">\n    <div class=\"image\" style=\"background-color: #dd3333;\">\n        <img decoding=\"async\" src=\"http:\/\/euromark.ppmkt.fr\/wp-content\/uploads\/2025\/10\/Pictogramme-Collaborateurs.png\" alt=\"\" srcset=\"\">\n    <\/div>\n    <div class=\"chiffres-content\">\n        <p style=\"color: #e4211d;\">\n            <span class=\"dynamic-number\">10<\/span><br>\n            experts en R&#038;D        <\/p>\n    <\/div>\n<\/div>\n\n<script>\n\n$(document).foundation();\n$(function () {\n  new WOW().init();\n  let isAnimated = false;\n\n  function formatNumberWithSpaces(x) {\n    return x.toString().replace(\/\\B(?=(\\d{3})+(?!\\d))\/g, \" \");\n    }\n  function scrollCallback() {\n\n    $(window).bind('scroll', function(){\n        $('.dynamic-number').each(function (i, counter) {\n            var $this = $(counter);\n\n            if ( ($(window).scrollTop() + $(window).height()) >= $this.offset().top && !$this.hasClass('started')) {\n                $this.addClass('started');\n                jQuery({ Counter: 0 }).animate({ Counter: $this.text() }, {\n                    duration: 1500,\n                    easing: 'swing',\n                    step: function (i) {\n                    $this.text(formatNumberWithSpaces(Math.ceil(i)));\n                    },\n                    complete : function() {\n\n                    },\n                });\n            }\n        });\n    })}\n    scrollCallback()\n})\n\n<\/script><\/div>\n\n\n\n<div class=\"wp-block-column is-layout-flow wp-block-column-is-layout-flow\">\n<div class=\"dynamic-counter\">\n    <div class=\"image\" style=\"background-color: #dd3333;\">\n        <img decoding=\"async\" src=\"http:\/\/euromark.ppmkt.fr\/wp-content\/uploads\/2025\/09\/certification.png\" alt=\"\" srcset=\"\">\n    <\/div>\n    <div class=\"chiffres-content\">\n        <p style=\"color: #e4211d;\">\n            + de <span class=\"dynamic-number\">300<\/span><br>\n            produits certifi\u00e9s en France et Europe        <\/p>\n    <\/div>\n<\/div>\n\n<script>\n\n$(document).foundation();\n$(function () {\n  new WOW().init();\n  let isAnimated = false;\n\n  function formatNumberWithSpaces(x) {\n    return x.toString().replace(\/\\B(?=(\\d{3})+(?!\\d))\/g, \" \");\n    }\n  function scrollCallback() {\n\n    $(window).bind('scroll', function(){\n        $('.dynamic-number').each(function (i, counter) {\n            var $this = $(counter);\n\n            if ( ($(window).scrollTop() + $(window).height()) >= $this.offset().top && !$this.hasClass('started')) {\n                $this.addClass('started');\n                jQuery({ Counter: 0 }).animate({ Counter: $this.text() }, {\n                    duration: 1500,\n                    easing: 'swing',\n                    step: function (i) {\n                    $this.text(formatNumberWithSpaces(Math.ceil(i)));\n                    },\n                    complete : function() {\n\n                    },\n                });\n            }\n        });\n    })}\n    scrollCallback()\n})\n\n<\/script><\/div>\n<\/div>\n\n\n\n<div style=\"height:50px\" aria-hidden=\"true\" class=\"wp-block-spacer\"><\/div>\n<\/div>\n<\/div>\n","protected":false},"excerpt":{"rendered":"<p>Au sein des m\u00e9tiers R\u00e9seaux France de VINCI Construction, Euromark est sp\u00e9cialis\u00e9e dans la fabrication de produits de marquage routier,&#8230;<\/p>\n","protected":false},"author":1,"featured_media":0,"parent":199,"menu_order":80,"comment_status":"closed","ping_status":"closed","template":"","meta":{"_acf_changed":false,"footnotes":""},"class_list":["post-201","page","type-page","status-publish","hentry"],"acf":[],"yoast_head":"<!-- This site is optimized with the Yoast SEO plugin v27.5 - https:\/\/yoast.com\/product\/yoast-seo-wordpress\/ -->\n<title>Pr\u00e9sentation - Euromark, r\u00e9f\u00e9rent en produits de marquage routier<\/title>\n<meta name=\"description\" content=\"Euromark con\u00e7ois, fabrique et commercialise une gamme compl\u00e8te de produits de signalisation horizontale, couvrant l\u2019ensemble des techniques d\u2019application.\" \/>\n<meta name=\"robots\" content=\"index, follow, max-snippet:-1, max-image-preview:large, max-video-preview:-1\" \/>\n<link rel=\"canonical\" href=\"http:\/\/euromark.ppmkt.fr\/fr\/qui-nous-sommes\/presentation\/\" \/>\n<meta property=\"og:locale\" content=\"fr_FR\" \/>\n<meta property=\"og:type\" content=\"article\" \/>\n<meta property=\"og:title\" content=\"Pr\u00e9sentation - Euromark, r\u00e9f\u00e9rent en produits de marquage routier\" \/>\n<meta property=\"og:description\" content=\"Euromark con\u00e7ois, fabrique et commercialise une gamme compl\u00e8te de produits de signalisation horizontale, couvrant l\u2019ensemble des techniques d\u2019application.\" \/>\n<meta property=\"og:url\" content=\"http:\/\/euromark.ppmkt.fr\/fr\/qui-nous-sommes\/presentation\/\" \/>\n<meta property=\"og:site_name\" content=\"Euromark\" \/>\n<meta property=\"article:modified_time\" content=\"2025-12-02T15:00:07+00:00\" \/>\n<meta name=\"twitter:card\" content=\"summary_large_image\" \/>\n<meta name=\"twitter:label1\" content=\"Dur\u00e9e de lecture estim\u00e9e\" \/>\n\t<meta name=\"twitter:data1\" content=\"2 minutes\" \/>\n<script type=\"application\/ld+json\" class=\"yoast-schema-graph\">{\"@context\":\"https:\\\/\\\/schema.org\",\"@graph\":[{\"@type\":\"WebPage\",\"@id\":\"http:\\\/\\\/euromark.ppmkt.fr\\\/fr\\\/qui-nous-sommes\\\/presentation\\\/\",\"url\":\"http:\\\/\\\/euromark.ppmkt.fr\\\/fr\\\/qui-nous-sommes\\\/presentation\\\/\",\"name\":\"Pr\u00e9sentation - Euromark, r\u00e9f\u00e9rent en produits de marquage routier\",\"isPartOf\":{\"@id\":\"http:\\\/\\\/euromark.ppmkt.fr\\\/fr\\\/#website\"},\"datePublished\":\"2024-04-02T12:15:37+00:00\",\"dateModified\":\"2025-12-02T15:00:07+00:00\",\"description\":\"Euromark con\u00e7ois, fabrique et commercialise une gamme compl\u00e8te de produits de signalisation horizontale, couvrant l\u2019ensemble des techniques d\u2019application.\",\"breadcrumb\":{\"@id\":\"http:\\\/\\\/euromark.ppmkt.fr\\\/fr\\\/qui-nous-sommes\\\/presentation\\\/#breadcrumb\"},\"inLanguage\":\"fr-FR\",\"potentialAction\":[{\"@type\":\"ReadAction\",\"target\":[\"http:\\\/\\\/euromark.ppmkt.fr\\\/fr\\\/qui-nous-sommes\\\/presentation\\\/\"]}]},{\"@type\":\"BreadcrumbList\",\"@id\":\"http:\\\/\\\/euromark.ppmkt.fr\\\/fr\\\/qui-nous-sommes\\\/presentation\\\/#breadcrumb\",\"itemListElement\":[{\"@type\":\"ListItem\",\"position\":1,\"name\":\"Accueil\",\"item\":\"http:\\\/\\\/euromark.ppmkt.fr\\\/fr\\\/\"},{\"@type\":\"ListItem\",\"position\":2,\"name\":\"Qui nous sommes\",\"item\":\"http:\\\/\\\/euromark.ppmkt.fr\\\/fr\\\/qui-nous-sommes\\\/\"},{\"@type\":\"ListItem\",\"position\":3,\"name\":\"Pr\u00e9sentation\"}]},{\"@type\":\"WebSite\",\"@id\":\"http:\\\/\\\/euromark.ppmkt.fr\\\/fr\\\/#website\",\"url\":\"http:\\\/\\\/euromark.ppmkt.fr\\\/fr\\\/\",\"name\":\"Sar\",\"description\":\"\",\"publisher\":{\"@id\":\"http:\\\/\\\/euromark.ppmkt.fr\\\/fr\\\/#organization\"},\"potentialAction\":[{\"@type\":\"SearchAction\",\"target\":{\"@type\":\"EntryPoint\",\"urlTemplate\":\"http:\\\/\\\/euromark.ppmkt.fr\\\/fr\\\/?s={search_term_string}\"},\"query-input\":{\"@type\":\"PropertyValueSpecification\",\"valueRequired\":true,\"valueName\":\"search_term_string\"}}],\"inLanguage\":\"fr-FR\"},{\"@type\":\"Organization\",\"@id\":\"http:\\\/\\\/euromark.ppmkt.fr\\\/fr\\\/#organization\",\"name\":\"Sar\",\"url\":\"http:\\\/\\\/euromark.ppmkt.fr\\\/fr\\\/\",\"logo\":{\"@type\":\"ImageObject\",\"inLanguage\":\"fr-FR\",\"@id\":\"http:\\\/\\\/euromark.ppmkt.fr\\\/fr\\\/#\\\/schema\\\/logo\\\/image\\\/\",\"url\":\"\",\"contentUrl\":\"\",\"caption\":\"Sar\"},\"image\":{\"@id\":\"http:\\\/\\\/euromark.ppmkt.fr\\\/fr\\\/#\\\/schema\\\/logo\\\/image\\\/\"}}]}<\/script>\n<!-- \/ Yoast SEO plugin. -->","yoast_head_json":{"title":"Pr\u00e9sentation - Euromark, r\u00e9f\u00e9rent en produits de marquage routier","description":"Euromark con\u00e7ois, fabrique et commercialise une gamme compl\u00e8te de produits de signalisation horizontale, couvrant l\u2019ensemble des techniques d\u2019application.","robots":{"index":"index","follow":"follow","max-snippet":"max-snippet:-1","max-image-preview":"max-image-preview:large","max-video-preview":"max-video-preview:-1"},"canonical":"http:\/\/euromark.ppmkt.fr\/fr\/qui-nous-sommes\/presentation\/","og_locale":"fr_FR","og_type":"article","og_title":"Pr\u00e9sentation - Euromark, r\u00e9f\u00e9rent en produits de marquage routier","og_description":"Euromark con\u00e7ois, fabrique et commercialise une gamme compl\u00e8te de produits de signalisation horizontale, couvrant l\u2019ensemble des techniques d\u2019application.","og_url":"http:\/\/euromark.ppmkt.fr\/fr\/qui-nous-sommes\/presentation\/","og_site_name":"Euromark","article_modified_time":"2025-12-02T15:00:07+00:00","twitter_card":"summary_large_image","twitter_misc":{"Dur\u00e9e de lecture estim\u00e9e":"2 minutes"},"schema":{"@context":"https:\/\/schema.org","@graph":[{"@type":"WebPage","@id":"http:\/\/euromark.ppmkt.fr\/fr\/qui-nous-sommes\/presentation\/","url":"http:\/\/euromark.ppmkt.fr\/fr\/qui-nous-sommes\/presentation\/","name":"Pr\u00e9sentation - Euromark, r\u00e9f\u00e9rent en produits de marquage routier","isPartOf":{"@id":"http:\/\/euromark.ppmkt.fr\/fr\/#website"},"datePublished":"2024-04-02T12:15:37+00:00","dateModified":"2025-12-02T15:00:07+00:00","description":"Euromark con\u00e7ois, fabrique et commercialise une gamme compl\u00e8te de produits de signalisation horizontale, couvrant l\u2019ensemble des techniques d\u2019application.","breadcrumb":{"@id":"http:\/\/euromark.ppmkt.fr\/fr\/qui-nous-sommes\/presentation\/#breadcrumb"},"inLanguage":"fr-FR","potentialAction":[{"@type":"ReadAction","target":["http:\/\/euromark.ppmkt.fr\/fr\/qui-nous-sommes\/presentation\/"]}]},{"@type":"BreadcrumbList","@id":"http:\/\/euromark.ppmkt.fr\/fr\/qui-nous-sommes\/presentation\/#breadcrumb","itemListElement":[{"@type":"ListItem","position":1,"name":"Accueil","item":"http:\/\/euromark.ppmkt.fr\/fr\/"},{"@type":"ListItem","position":2,"name":"Qui nous sommes","item":"http:\/\/euromark.ppmkt.fr\/fr\/qui-nous-sommes\/"},{"@type":"ListItem","position":3,"name":"Pr\u00e9sentation"}]},{"@type":"WebSite","@id":"http:\/\/euromark.ppmkt.fr\/fr\/#website","url":"http:\/\/euromark.ppmkt.fr\/fr\/","name":"Sar","description":"","publisher":{"@id":"http:\/\/euromark.ppmkt.fr\/fr\/#organization"},"potentialAction":[{"@type":"SearchAction","target":{"@type":"EntryPoint","urlTemplate":"http:\/\/euromark.ppmkt.fr\/fr\/?s={search_term_string}"},"query-input":{"@type":"PropertyValueSpecification","valueRequired":true,"valueName":"search_term_string"}}],"inLanguage":"fr-FR"},{"@type":"Organization","@id":"http:\/\/euromark.ppmkt.fr\/fr\/#organization","name":"Sar","url":"http:\/\/euromark.ppmkt.fr\/fr\/","logo":{"@type":"ImageObject","inLanguage":"fr-FR","@id":"http:\/\/euromark.ppmkt.fr\/fr\/#\/schema\/logo\/image\/","url":"","contentUrl":"","caption":"Sar"},"image":{"@id":"http:\/\/euromark.ppmkt.fr\/fr\/#\/schema\/logo\/image\/"}}]}},"_links":{"self":[{"href":"http:\/\/euromark.ppmkt.fr\/fr\/wp-json\/wp\/v2\/pages\/201","targetHints":{"allow":["GET"]}}],"collection":[{"href":"http:\/\/euromark.ppmkt.fr\/fr\/wp-json\/wp\/v2\/pages"}],"about":[{"href":"http:\/\/euromark.ppmkt.fr\/fr\/wp-json\/wp\/v2\/types\/page"}],"author":[{"embeddable":true,"href":"http:\/\/euromark.ppmkt.fr\/fr\/wp-json\/wp\/v2\/users\/1"}],"replies":[{"embeddable":true,"href":"http:\/\/euromark.ppmkt.fr\/fr\/wp-json\/wp\/v2\/comments?post=201"}],"version-history":[{"count":139,"href":"http:\/\/euromark.ppmkt.fr\/fr\/wp-json\/wp\/v2\/pages\/201\/revisions"}],"predecessor-version":[{"id":5910,"href":"http:\/\/euromark.ppmkt.fr\/fr\/wp-json\/wp\/v2\/pages\/201\/revisions\/5910"}],"up":[{"embeddable":true,"href":"http:\/\/euromark.ppmkt.fr\/fr\/wp-json\/wp\/v2\/pages\/199"}],"wp:attachment":[{"href":"http:\/\/euromark.ppmkt.fr\/fr\/wp-json\/wp\/v2\/media?parent=201"}],"curies":[{"name":"wp","href":"https:\/\/api.w.org\/{rel}","templated":true}]}}