{"id":207,"date":"2024-04-02T14:16:44","date_gmt":"2024-04-02T12:16:44","guid":{"rendered":"http:\/\/euromark.ppmkt.fr\/?page_id=207"},"modified":"2025-11-07T09:56:51","modified_gmt":"2025-11-07T08:56:51","slug":"nos-valeurs","status":"publish","type":"page","link":"http:\/\/euromark.ppmkt.fr\/fr\/nos-engagements\/nos-valeurs\/","title":{"rendered":"Nos valeurs"},"content":{"rendered":"\n<p><strong>Chez Euromark<\/strong>,&nbsp;tous nos collaborateurs et collaboratrices se reconnaissent dans les attitudes que sont&nbsp;<strong>l\u2019humilit\u00e9,&nbsp;l\u2019esprit d\u2019\u00e9quipe,&nbsp;l\u2019excellence,&nbsp;la libert\u00e9 d\u2019entreprendre&nbsp;et&nbsp;la transparence<\/strong>. Ces attitudes partag\u00e9es nous guident dans tout ce que nous entreprenons.<\/p>\n\n\n\n<div style=\"height:40px\" aria-hidden=\"true\" class=\"wp-block-spacer\"><\/div>\n\n\n\n<div class=\"wp-block-columns w50mob is-layout-flex wp-container-core-columns-is-layout-9d6595d7 wp-block-columns-is-layout-flex\">\n<div class=\"wp-block-column is-vertically-aligned-center is-layout-flow wp-block-column-is-layout-flow\" style=\"flex-basis:12%\"><div class=\"wp-block-image\">\n<figure class=\"aligncenter size-full\"><img decoding=\"async\" src=\"https:\/\/cardem.people-marketing.fr\/wp-content\/uploads\/2024\/01\/CARDEM-Pictogramme-Humilite-1.png\" alt=\"\" class=\"wp-image-1532\"\/><\/figure>\n<\/div><\/div>\n\n\n\n<div class=\"wp-block-column is-vertically-aligned-center is-layout-flow wp-block-column-is-layout-flow\" style=\"flex-basis:20%\">\n<h4 class=\"wp-block-heading\">Humilit\u00e9<\/h4>\n<\/div>\n\n\n\n<div class=\"wp-block-column is-vertically-aligned-center is-layout-flow wp-block-column-is-layout-flow\" style=\"flex-basis:12%\"><div class=\"wp-block-image\">\n<figure class=\"aligncenter size-full\"><img decoding=\"async\" src=\"https:\/\/cardem.people-marketing.fr\/wp-content\/uploads\/2024\/01\/CARDEM-Pictogramme-Esprit-Equipe-1.png\" alt=\"\" class=\"wp-image-1536\"\/><\/figure>\n<\/div><\/div>\n\n\n\n<div class=\"wp-block-column is-vertically-aligned-center is-layout-flow wp-block-column-is-layout-flow\" style=\"flex-basis:20%\">\n<h4 class=\"wp-block-heading\">Esprit d&rsquo;\u00e9quipe<\/h4>\n<\/div>\n\n\n\n<div class=\"wp-block-column is-vertically-aligned-center is-layout-flow wp-block-column-is-layout-flow\" style=\"flex-basis:12%\"><div class=\"wp-block-image\">\n<figure class=\"aligncenter size-full\"><img decoding=\"async\" src=\"https:\/\/cardem.people-marketing.fr\/wp-content\/uploads\/2024\/01\/CARDEM-Pictogramme-Excellence-1.png\" alt=\"\" class=\"wp-image-1534\"\/><\/figure>\n<\/div><\/div>\n\n\n\n<div class=\"wp-block-column is-vertically-aligned-center is-layout-flow wp-block-column-is-layout-flow\" style=\"flex-basis:20%\">\n<h4 class=\"wp-block-heading\">Excellence<\/h4>\n<\/div>\n<\/div>\n\n\n\n<div style=\"height:45px\" aria-hidden=\"true\" class=\"wp-block-spacer\"><\/div>\n\n\n\n<div class=\"wp-block-columns w50mob is-layout-flex wp-container-core-columns-is-layout-9d6595d7 wp-block-columns-is-layout-flex\">\n<div class=\"wp-block-column is-vertically-aligned-center is-layout-flow wp-block-column-is-layout-flow\" style=\"flex-basis:12%\"><div class=\"wp-block-image\">\n<figure class=\"aligncenter size-full\"><img decoding=\"async\" src=\"https:\/\/cardem.people-marketing.fr\/wp-content\/uploads\/2024\/01\/CARDEM-Entreprendre.png\" alt=\"\" class=\"wp-image-1528\"\/><\/figure>\n<\/div><\/div>\n\n\n\n<div class=\"wp-block-column is-vertically-aligned-center is-layout-flow wp-block-column-is-layout-flow\" style=\"flex-basis:20%\">\n<h4 class=\"wp-block-heading\">Entreprendre<\/h4>\n<\/div>\n\n\n\n<div class=\"wp-block-column is-vertically-aligned-center is-layout-flow wp-block-column-is-layout-flow\" style=\"flex-basis:12%\"><div class=\"wp-block-image\">\n<figure class=\"aligncenter size-full\"><img decoding=\"async\" src=\"https:\/\/cardem.people-marketing.fr\/wp-content\/uploads\/2024\/01\/CARDEM-Pictogramme-Transparance.png\" alt=\"\" class=\"wp-image-1529\"\/><\/figure>\n<\/div><\/div>\n\n\n\n<div class=\"wp-block-column is-vertically-aligned-center is-layout-flow wp-block-column-is-layout-flow\" style=\"flex-basis:20%\">\n<h4 class=\"wp-block-heading\">Transparence<\/h4>\n<\/div>\n<\/div>\n\n\n\n<div style=\"height:60px\" aria-hidden=\"true\" class=\"wp-block-spacer\"><\/div>\n\n\n\n<h3 class=\"wp-block-heading\"><strong>Un engagement humain, social et environnemental&nbsp;<\/strong><\/h3>\n\n\n\n<p>Nos convictions, associ\u00e9es \u00e0 nos m\u00e9thodes de travail, permettent de sensibiliser et de r\u00e9pondre aux attentes de chaque acteur de la cha\u00eene de valeur, de la phase d\u2019innovation jusqu\u2019\u00e0 l\u2019analyse de votre satisfaction. Euromark est ainsi labellis\u00e9e AFAQ 26000 depuis le 18 mars 2013.<\/p>\n\n\n\n<p><strong><em>Donner un sens \u00e0 votre route, c\u2019est notre responsabilit\u00e9.&nbsp;<\/em><\/strong><\/p>\n\n\n\n<p>Nous croyons au fait qu\u2019<strong>il n\u2019est pas de r\u00e9ussite \u00e9conomique sans projet humain<\/strong>. Cette conviction est ancr\u00e9e dans&nbsp;notre culture. Notre objectif est avant tout d\u2019\u00eatre la&nbsp;<strong>r\u00e9f\u00e9rence en mati\u00e8re de pr\u00e9vention<\/strong>, car la sant\u00e9 de nos collaboratrices et collaborateurs et celle de nos partenaires est notre priorit\u00e9.<\/p>\n\n\n\n<p>Au-del\u00e0 de cet objectif essentiel, car la richesse de l\u2019entreprise repose avant tout sur les femmes et les hommes qui la composent, nous sommes attentifs \u00e0 la&nbsp;<strong>mixit\u00e9 professionnelle et \u00e0 l\u2019\u00e9galit\u00e9 des chances<\/strong>.<\/p>\n\n\n\n<p>Enfin, nous nous engageons dans une trajectoire de&nbsp;<strong>neutralit\u00e9 carbone \u00e0 l\u2019horizon 2050, avec pour objectif de r\u00e9duire nos \u00e9missions directes de 40 % d\u2019ici \u00e0 2030,&nbsp;<\/strong>tout en d\u00e9veloppant des solutions qui acc\u00e9l\u00e8rent la transition environnementale de nos clients et de nos secteurs d\u2019activit\u00e9.<\/p>\n\n\n\n<div style=\"height:35px\" aria-hidden=\"true\" class=\"wp-block-spacer\"><\/div>\n\n\n\n<div class=\"wp-block-media-text alignwide is-stacked-on-mobile is-image-fill-element reveal has-background\" style=\"background-color:#abb7c21f;grid-template-columns:45% auto\"><figure class=\"wp-block-media-text__media\"><img loading=\"lazy\" decoding=\"async\" width=\"777\" height=\"535\" src=\"http:\/\/euromark.ppmkt.fr\/wp-content\/uploads\/2025\/09\/bandeau-nos-engagements-777x535.png\" alt=\"\" class=\"wp-image-3467 size-full\" style=\"object-position:50% 50%\" srcset=\"http:\/\/euromark.ppmkt.fr\/wp-content\/uploads\/2025\/09\/bandeau-nos-engagements-777x535.png 777w, http:\/\/euromark.ppmkt.fr\/wp-content\/uploads\/2025\/09\/bandeau-nos-engagements-250x172.png 250w, http:\/\/euromark.ppmkt.fr\/wp-content\/uploads\/2025\/09\/bandeau-nos-engagements-574x395.png 574w, http:\/\/euromark.ppmkt.fr\/wp-content\/uploads\/2025\/09\/bandeau-nos-engagements-1536x1057.png 1536w, http:\/\/euromark.ppmkt.fr\/wp-content\/uploads\/2025\/09\/bandeau-nos-engagements.png 1958w\" sizes=\"auto, (max-width: 777px) 100vw, 777px\" \/><\/figure><div class=\"wp-block-media-text__content\">\n<div style=\"height:20px\" aria-hidden=\"true\" class=\"wp-block-spacer\"><\/div>\n\n\n\n<p>Nous sommes convaincus que notre&nbsp;<strong>performance globale&nbsp;<\/strong>(environnementale, sociale et soci\u00e9tale) servira les utilisateurs de nos r\u00e9alisations partout en France. C\u2019est le sens des engagements universels du&nbsp;<ins><a href=\"https:\/\/www.vinci.com\/vinci.nsf\/fr\/manifeste\/pages\/index.htm\" target=\"_blank\" rel=\"noreferrer noopener\">\u00ab&nbsp;Manifeste VINCI&nbsp;\u00bb<\/a><\/ins>&nbsp;, dans lequel nous nous inscrivons au quotidien.<\/p>\n\n\n\n<div style=\"height:20px\" aria-hidden=\"true\" class=\"wp-block-spacer\"><\/div>\n<\/div><\/div>\n\n\n\n<div style=\"height:50px\" aria-hidden=\"true\" class=\"wp-block-spacer\"><\/div>\n","protected":false},"excerpt":{"rendered":"<p>Chez Euromark,&nbsp;tous nos collaborateurs et collaboratrices se reconnaissent dans les attitudes que sont&nbsp;l\u2019humilit\u00e9,&nbsp;l\u2019esprit d\u2019\u00e9quipe,&nbsp;l\u2019excellence,&nbsp;la libert\u00e9 d\u2019entreprendre&nbsp;et&nbsp;la transparence. Ces attitudes partag\u00e9es&#8230;<\/p>\n","protected":false},"author":1,"featured_media":0,"parent":205,"menu_order":69,"comment_status":"closed","ping_status":"closed","template":"","meta":{"_acf_changed":false,"footnotes":""},"class_list":["post-207","page","type-page","status-publish","hentry"],"acf":[],"yoast_head":"<!-- This site is optimized with the Yoast SEO plugin v27.5 - https:\/\/yoast.com\/product\/yoast-seo-wordpress\/ -->\n<title>Nos valeurs - Euromark, r\u00e9f\u00e9rent en produits de marquage routier<\/title>\n<meta name=\"description\" content=\"Chez Euromark, nos collaborateurs se reconnaissent dans les attitudes partag\u00e9es que sont l\u2019humilit\u00e9, l\u2019esprit d\u2019\u00e9quipe, l\u2019excellence et la transparence.\" \/>\n<meta name=\"robots\" content=\"index, follow, max-snippet:-1, max-image-preview:large, max-video-preview:-1\" \/>\n<link rel=\"canonical\" href=\"http:\/\/euromark.ppmkt.fr\/fr\/nos-engagements\/nos-valeurs\/\" \/>\n<meta property=\"og:locale\" content=\"fr_FR\" \/>\n<meta property=\"og:type\" content=\"article\" \/>\n<meta property=\"og:title\" content=\"Nos valeurs - Euromark, r\u00e9f\u00e9rent en produits de marquage routier\" \/>\n<meta property=\"og:description\" content=\"Chez Euromark, nos collaborateurs se reconnaissent dans les attitudes partag\u00e9es que sont l\u2019humilit\u00e9, l\u2019esprit d\u2019\u00e9quipe, l\u2019excellence et la transparence.\" \/>\n<meta property=\"og:url\" content=\"http:\/\/euromark.ppmkt.fr\/fr\/nos-engagements\/nos-valeurs\/\" \/>\n<meta property=\"og:site_name\" content=\"Euromark\" \/>\n<meta property=\"article:modified_time\" content=\"2025-11-07T08:56:51+00:00\" \/>\n<meta property=\"og:image\" content=\"https:\/\/cardem.people-marketing.fr\/wp-content\/uploads\/2024\/01\/CARDEM-Pictogramme-Humilite-1.png\" \/>\n<meta name=\"twitter:card\" content=\"summary_large_image\" \/>\n<meta name=\"twitter:label1\" content=\"Dur\u00e9e de lecture estim\u00e9e\" \/>\n\t<meta name=\"twitter:data1\" content=\"3 minutes\" \/>\n<script type=\"application\/ld+json\" class=\"yoast-schema-graph\">{\"@context\":\"https:\\\/\\\/schema.org\",\"@graph\":[{\"@type\":\"WebPage\",\"@id\":\"http:\\\/\\\/euromark.ppmkt.fr\\\/fr\\\/nos-engagements\\\/nos-valeurs\\\/\",\"url\":\"http:\\\/\\\/euromark.ppmkt.fr\\\/fr\\\/nos-engagements\\\/nos-valeurs\\\/\",\"name\":\"Nos valeurs - Euromark, r\u00e9f\u00e9rent en produits de marquage routier\",\"isPartOf\":{\"@id\":\"http:\\\/\\\/euromark.ppmkt.fr\\\/fr\\\/#website\"},\"primaryImageOfPage\":{\"@id\":\"http:\\\/\\\/euromark.ppmkt.fr\\\/fr\\\/nos-engagements\\\/nos-valeurs\\\/#primaryimage\"},\"image\":{\"@id\":\"http:\\\/\\\/euromark.ppmkt.fr\\\/fr\\\/nos-engagements\\\/nos-valeurs\\\/#primaryimage\"},\"thumbnailUrl\":\"https:\\\/\\\/cardem.people-marketing.fr\\\/wp-content\\\/uploads\\\/2024\\\/01\\\/CARDEM-Pictogramme-Humilite-1.png\",\"datePublished\":\"2024-04-02T12:16:44+00:00\",\"dateModified\":\"2025-11-07T08:56:51+00:00\",\"description\":\"Chez Euromark, nos collaborateurs se reconnaissent dans les attitudes partag\u00e9es que sont l\u2019humilit\u00e9, l\u2019esprit d\u2019\u00e9quipe, l\u2019excellence et la transparence.\",\"breadcrumb\":{\"@id\":\"http:\\\/\\\/euromark.ppmkt.fr\\\/fr\\\/nos-engagements\\\/nos-valeurs\\\/#breadcrumb\"},\"inLanguage\":\"fr-FR\",\"potentialAction\":[{\"@type\":\"ReadAction\",\"target\":[\"http:\\\/\\\/euromark.ppmkt.fr\\\/fr\\\/nos-engagements\\\/nos-valeurs\\\/\"]}]},{\"@type\":\"ImageObject\",\"inLanguage\":\"fr-FR\",\"@id\":\"http:\\\/\\\/euromark.ppmkt.fr\\\/fr\\\/nos-engagements\\\/nos-valeurs\\\/#primaryimage\",\"url\":\"https:\\\/\\\/cardem.people-marketing.fr\\\/wp-content\\\/uploads\\\/2024\\\/01\\\/CARDEM-Pictogramme-Humilite-1.png\",\"contentUrl\":\"https:\\\/\\\/cardem.people-marketing.fr\\\/wp-content\\\/uploads\\\/2024\\\/01\\\/CARDEM-Pictogramme-Humilite-1.png\"},{\"@type\":\"BreadcrumbList\",\"@id\":\"http:\\\/\\\/euromark.ppmkt.fr\\\/fr\\\/nos-engagements\\\/nos-valeurs\\\/#breadcrumb\",\"itemListElement\":[{\"@type\":\"ListItem\",\"position\":1,\"name\":\"Accueil\",\"item\":\"http:\\\/\\\/euromark.ppmkt.fr\\\/fr\\\/\"},{\"@type\":\"ListItem\",\"position\":2,\"name\":\"Nos engagements\",\"item\":\"http:\\\/\\\/euromark.ppmkt.fr\\\/fr\\\/nos-engagements\\\/\"},{\"@type\":\"ListItem\",\"position\":3,\"name\":\"Nos valeurs\"}]},{\"@type\":\"WebSite\",\"@id\":\"http:\\\/\\\/euromark.ppmkt.fr\\\/fr\\\/#website\",\"url\":\"http:\\\/\\\/euromark.ppmkt.fr\\\/fr\\\/\",\"name\":\"Sar\",\"description\":\"\",\"publisher\":{\"@id\":\"http:\\\/\\\/euromark.ppmkt.fr\\\/fr\\\/#organization\"},\"potentialAction\":[{\"@type\":\"SearchAction\",\"target\":{\"@type\":\"EntryPoint\",\"urlTemplate\":\"http:\\\/\\\/euromark.ppmkt.fr\\\/fr\\\/?s={search_term_string}\"},\"query-input\":{\"@type\":\"PropertyValueSpecification\",\"valueRequired\":true,\"valueName\":\"search_term_string\"}}],\"inLanguage\":\"fr-FR\"},{\"@type\":\"Organization\",\"@id\":\"http:\\\/\\\/euromark.ppmkt.fr\\\/fr\\\/#organization\",\"name\":\"Sar\",\"url\":\"http:\\\/\\\/euromark.ppmkt.fr\\\/fr\\\/\",\"logo\":{\"@type\":\"ImageObject\",\"inLanguage\":\"fr-FR\",\"@id\":\"http:\\\/\\\/euromark.ppmkt.fr\\\/fr\\\/#\\\/schema\\\/logo\\\/image\\\/\",\"url\":\"\",\"contentUrl\":\"\",\"caption\":\"Sar\"},\"image\":{\"@id\":\"http:\\\/\\\/euromark.ppmkt.fr\\\/fr\\\/#\\\/schema\\\/logo\\\/image\\\/\"}}]}<\/script>\n<!-- \/ Yoast SEO plugin. -->","yoast_head_json":{"title":"Nos valeurs - Euromark, r\u00e9f\u00e9rent en produits de marquage routier","description":"Chez Euromark, nos collaborateurs se reconnaissent dans les attitudes partag\u00e9es que sont l\u2019humilit\u00e9, l\u2019esprit d\u2019\u00e9quipe, l\u2019excellence et la transparence.","robots":{"index":"index","follow":"follow","max-snippet":"max-snippet:-1","max-image-preview":"max-image-preview:large","max-video-preview":"max-video-preview:-1"},"canonical":"http:\/\/euromark.ppmkt.fr\/fr\/nos-engagements\/nos-valeurs\/","og_locale":"fr_FR","og_type":"article","og_title":"Nos valeurs - Euromark, r\u00e9f\u00e9rent en produits de marquage routier","og_description":"Chez Euromark, nos collaborateurs se reconnaissent dans les attitudes partag\u00e9es que sont l\u2019humilit\u00e9, l\u2019esprit d\u2019\u00e9quipe, l\u2019excellence et la transparence.","og_url":"http:\/\/euromark.ppmkt.fr\/fr\/nos-engagements\/nos-valeurs\/","og_site_name":"Euromark","article_modified_time":"2025-11-07T08:56:51+00:00","og_image":[{"url":"https:\/\/cardem.people-marketing.fr\/wp-content\/uploads\/2024\/01\/CARDEM-Pictogramme-Humilite-1.png","type":"","width":"","height":""}],"twitter_card":"summary_large_image","twitter_misc":{"Dur\u00e9e de lecture estim\u00e9e":"3 minutes"},"schema":{"@context":"https:\/\/schema.org","@graph":[{"@type":"WebPage","@id":"http:\/\/euromark.ppmkt.fr\/fr\/nos-engagements\/nos-valeurs\/","url":"http:\/\/euromark.ppmkt.fr\/fr\/nos-engagements\/nos-valeurs\/","name":"Nos valeurs - Euromark, r\u00e9f\u00e9rent en produits de marquage routier","isPartOf":{"@id":"http:\/\/euromark.ppmkt.fr\/fr\/#website"},"primaryImageOfPage":{"@id":"http:\/\/euromark.ppmkt.fr\/fr\/nos-engagements\/nos-valeurs\/#primaryimage"},"image":{"@id":"http:\/\/euromark.ppmkt.fr\/fr\/nos-engagements\/nos-valeurs\/#primaryimage"},"thumbnailUrl":"https:\/\/cardem.people-marketing.fr\/wp-content\/uploads\/2024\/01\/CARDEM-Pictogramme-Humilite-1.png","datePublished":"2024-04-02T12:16:44+00:00","dateModified":"2025-11-07T08:56:51+00:00","description":"Chez Euromark, nos collaborateurs se reconnaissent dans les attitudes partag\u00e9es que sont l\u2019humilit\u00e9, l\u2019esprit d\u2019\u00e9quipe, l\u2019excellence et la transparence.","breadcrumb":{"@id":"http:\/\/euromark.ppmkt.fr\/fr\/nos-engagements\/nos-valeurs\/#breadcrumb"},"inLanguage":"fr-FR","potentialAction":[{"@type":"ReadAction","target":["http:\/\/euromark.ppmkt.fr\/fr\/nos-engagements\/nos-valeurs\/"]}]},{"@type":"ImageObject","inLanguage":"fr-FR","@id":"http:\/\/euromark.ppmkt.fr\/fr\/nos-engagements\/nos-valeurs\/#primaryimage","url":"https:\/\/cardem.people-marketing.fr\/wp-content\/uploads\/2024\/01\/CARDEM-Pictogramme-Humilite-1.png","contentUrl":"https:\/\/cardem.people-marketing.fr\/wp-content\/uploads\/2024\/01\/CARDEM-Pictogramme-Humilite-1.png"},{"@type":"BreadcrumbList","@id":"http:\/\/euromark.ppmkt.fr\/fr\/nos-engagements\/nos-valeurs\/#breadcrumb","itemListElement":[{"@type":"ListItem","position":1,"name":"Accueil","item":"http:\/\/euromark.ppmkt.fr\/fr\/"},{"@type":"ListItem","position":2,"name":"Nos engagements","item":"http:\/\/euromark.ppmkt.fr\/fr\/nos-engagements\/"},{"@type":"ListItem","position":3,"name":"Nos valeurs"}]},{"@type":"WebSite","@id":"http:\/\/euromark.ppmkt.fr\/fr\/#website","url":"http:\/\/euromark.ppmkt.fr\/fr\/","name":"Sar","description":"","publisher":{"@id":"http:\/\/euromark.ppmkt.fr\/fr\/#organization"},"potentialAction":[{"@type":"SearchAction","target":{"@type":"EntryPoint","urlTemplate":"http:\/\/euromark.ppmkt.fr\/fr\/?s={search_term_string}"},"query-input":{"@type":"PropertyValueSpecification","valueRequired":true,"valueName":"search_term_string"}}],"inLanguage":"fr-FR"},{"@type":"Organization","@id":"http:\/\/euromark.ppmkt.fr\/fr\/#organization","name":"Sar","url":"http:\/\/euromark.ppmkt.fr\/fr\/","logo":{"@type":"ImageObject","inLanguage":"fr-FR","@id":"http:\/\/euromark.ppmkt.fr\/fr\/#\/schema\/logo\/image\/","url":"","contentUrl":"","caption":"Sar"},"image":{"@id":"http:\/\/euromark.ppmkt.fr\/fr\/#\/schema\/logo\/image\/"}}]}},"_links":{"self":[{"href":"http:\/\/euromark.ppmkt.fr\/fr\/wp-json\/wp\/v2\/pages\/207","targetHints":{"allow":["GET"]}}],"collection":[{"href":"http:\/\/euromark.ppmkt.fr\/fr\/wp-json\/wp\/v2\/pages"}],"about":[{"href":"http:\/\/euromark.ppmkt.fr\/fr\/wp-json\/wp\/v2\/types\/page"}],"author":[{"embeddable":true,"href":"http:\/\/euromark.ppmkt.fr\/fr\/wp-json\/wp\/v2\/users\/1"}],"replies":[{"embeddable":true,"href":"http:\/\/euromark.ppmkt.fr\/fr\/wp-json\/wp\/v2\/comments?post=207"}],"version-history":[{"count":38,"href":"http:\/\/euromark.ppmkt.fr\/fr\/wp-json\/wp\/v2\/pages\/207\/revisions"}],"predecessor-version":[{"id":5887,"href":"http:\/\/euromark.ppmkt.fr\/fr\/wp-json\/wp\/v2\/pages\/207\/revisions\/5887"}],"up":[{"embeddable":true,"href":"http:\/\/euromark.ppmkt.fr\/fr\/wp-json\/wp\/v2\/pages\/205"}],"wp:attachment":[{"href":"http:\/\/euromark.ppmkt.fr\/fr\/wp-json\/wp\/v2\/media?parent=207"}],"curies":[{"name":"wp","href":"https:\/\/api.w.org\/{rel}","templated":true}]}}