{"id":2252,"date":"2025-05-28T14:53:57","date_gmt":"2025-05-28T12:53:57","guid":{"rendered":"http:\/\/euromark.ppmkt.fr\/?page_id=2252"},"modified":"2025-09-29T16:01:00","modified_gmt":"2025-09-29T14:01:00","slug":"notre-gamme-france","status":"publish","type":"page","link":"http:\/\/euromark.ppmkt.fr\/fr\/nos-produits\/notre-gamme-france\/","title":{"rendered":"Notre gamme France"},"content":{"rendered":"\n<div class=\"wp-block-columns is-layout-flex wp-container-core-columns-is-layout-9d6595d7 wp-block-columns-is-layout-flex\">\n<div class=\"wp-block-column is-layout-flow wp-block-column-is-layout-flow\">\n<div class=\"wp-block-media-text alignwide is-stacked-on-mobile is-image-fill-element reveal has-background\" style=\"background-color:#abb7c21f;grid-template-columns:20% auto\"><figure class=\"wp-block-media-text__media\"><img decoding=\"async\" src=\"http:\/\/euromark.ppmkt.fr\/wp-content\/uploads\/2025\/06\/Corbeille-Madrid-Banc-Safran-713x535.jpeg\" alt=\"\" class=\"wp-image-2801 size-full\" style=\"object-position:32% 6%\"\/><\/figure><div class=\"wp-block-media-text__content\">\n<p>Equiper un espace public ext\u00e9rieur avec du mobilier urbain n\u00e9cessite la prise en compte de plusieurs aspects : proximit\u00e9 avec les voies routi\u00e8res, risques de malveillance, accessibilit\u00e9, corrosion des mat\u00e9riaux, conditions climatiques, exigences du plan Vigipirate, nouveaux usages, impacts environnementaux, etc.<\/p>\n<\/div><\/div>\n<\/div>\n<\/div>\n\n\n\n<div style=\"height:48px\" aria-hidden=\"true\" class=\"wp-block-spacer\"><\/div>\n\n\n\n<p><\/p>\n","protected":false},"excerpt":{"rendered":"<p>Equiper un espace public ext\u00e9rieur avec du mobilier urbain n\u00e9cessite la prise en compte de plusieurs aspects : proximit\u00e9 avec&#8230;<\/p>\n","protected":false},"author":1,"featured_media":0,"parent":2258,"menu_order":34,"comment_status":"closed","ping_status":"closed","template":"page-gamme.php","meta":{"_acf_changed":false,"footnotes":""},"class_list":["post-2252","page","type-page","status-publish","hentry"],"acf":[],"yoast_head":"<!-- This site is optimized with the Yoast SEO plugin v27.5 - https:\/\/yoast.com\/product\/yoast-seo-wordpress\/ -->\n<title>Notre gamme France - Euromark, r\u00e9f\u00e9rent en produits de marquage routier<\/title>\n<meta name=\"description\" content=\"D\u00e9couvrez la gamme France de nos produits. Euromark, r\u00e9f\u00e9rent en produits de marquage routier sur les march\u00e9s fran\u00e7ais et europ\u00e9ens depuis 1964.\" \/>\n<meta name=\"robots\" content=\"index, follow, max-snippet:-1, max-image-preview:large, max-video-preview:-1\" \/>\n<link rel=\"canonical\" href=\"http:\/\/euromark.ppmkt.fr\/fr\/nos-produits\/notre-gamme-france\/\" \/>\n<meta property=\"og:locale\" content=\"fr_FR\" \/>\n<meta property=\"og:type\" content=\"article\" \/>\n<meta property=\"og:title\" content=\"Notre gamme France - Euromark, r\u00e9f\u00e9rent en produits de marquage routier\" \/>\n<meta property=\"og:description\" content=\"D\u00e9couvrez la gamme France de nos produits. Euromark, r\u00e9f\u00e9rent en produits de marquage routier sur les march\u00e9s fran\u00e7ais et europ\u00e9ens depuis 1964.\" \/>\n<meta property=\"og:url\" content=\"http:\/\/euromark.ppmkt.fr\/fr\/nos-produits\/notre-gamme-france\/\" \/>\n<meta property=\"og:site_name\" content=\"Euromark\" \/>\n<meta property=\"article:modified_time\" content=\"2025-09-29T14:01:00+00:00\" \/>\n<meta property=\"og:image\" content=\"http:\/\/euromark.ppmkt.fr\/wp-content\/uploads\/2025\/06\/Corbeille-Madrid-Banc-Safran-713x535.jpeg\" \/>\n<meta name=\"twitter:card\" content=\"summary_large_image\" \/>\n<meta name=\"twitter:label1\" content=\"Dur\u00e9e de lecture estim\u00e9e\" \/>\n\t<meta name=\"twitter:data1\" content=\"1 minute\" \/>\n<script type=\"application\/ld+json\" class=\"yoast-schema-graph\">{\"@context\":\"https:\\\/\\\/schema.org\",\"@graph\":[{\"@type\":\"WebPage\",\"@id\":\"http:\\\/\\\/euromark.ppmkt.fr\\\/fr\\\/nos-produits\\\/notre-gamme-france\\\/\",\"url\":\"http:\\\/\\\/euromark.ppmkt.fr\\\/fr\\\/nos-produits\\\/notre-gamme-france\\\/\",\"name\":\"Notre gamme France - Euromark, r\u00e9f\u00e9rent en produits de marquage routier\",\"isPartOf\":{\"@id\":\"http:\\\/\\\/euromark.ppmkt.fr\\\/fr\\\/#website\"},\"primaryImageOfPage\":{\"@id\":\"http:\\\/\\\/euromark.ppmkt.fr\\\/fr\\\/nos-produits\\\/notre-gamme-france\\\/#primaryimage\"},\"image\":{\"@id\":\"http:\\\/\\\/euromark.ppmkt.fr\\\/fr\\\/nos-produits\\\/notre-gamme-france\\\/#primaryimage\"},\"thumbnailUrl\":\"http:\\\/\\\/euromark.ppmkt.fr\\\/wp-content\\\/uploads\\\/2025\\\/06\\\/Corbeille-Madrid-Banc-Safran-713x535.jpeg\",\"datePublished\":\"2025-05-28T12:53:57+00:00\",\"dateModified\":\"2025-09-29T14:01:00+00:00\",\"description\":\"D\u00e9couvrez la gamme France de nos produits. Euromark, r\u00e9f\u00e9rent en produits de marquage routier sur les march\u00e9s fran\u00e7ais et europ\u00e9ens depuis 1964.\",\"breadcrumb\":{\"@id\":\"http:\\\/\\\/euromark.ppmkt.fr\\\/fr\\\/nos-produits\\\/notre-gamme-france\\\/#breadcrumb\"},\"inLanguage\":\"fr-FR\",\"potentialAction\":[{\"@type\":\"ReadAction\",\"target\":[\"http:\\\/\\\/euromark.ppmkt.fr\\\/fr\\\/nos-produits\\\/notre-gamme-france\\\/\"]}]},{\"@type\":\"ImageObject\",\"inLanguage\":\"fr-FR\",\"@id\":\"http:\\\/\\\/euromark.ppmkt.fr\\\/fr\\\/nos-produits\\\/notre-gamme-france\\\/#primaryimage\",\"url\":\"http:\\\/\\\/euromark.ppmkt.fr\\\/wp-content\\\/uploads\\\/2025\\\/06\\\/Corbeille-Madrid-Banc-Safran-713x535.jpeg\",\"contentUrl\":\"http:\\\/\\\/euromark.ppmkt.fr\\\/wp-content\\\/uploads\\\/2025\\\/06\\\/Corbeille-Madrid-Banc-Safran-713x535.jpeg\"},{\"@type\":\"BreadcrumbList\",\"@id\":\"http:\\\/\\\/euromark.ppmkt.fr\\\/fr\\\/nos-produits\\\/notre-gamme-france\\\/#breadcrumb\",\"itemListElement\":[{\"@type\":\"ListItem\",\"position\":1,\"name\":\"Accueil\",\"item\":\"http:\\\/\\\/euromark.ppmkt.fr\\\/fr\\\/\"},{\"@type\":\"ListItem\",\"position\":2,\"name\":\"Nos produits\",\"item\":\"http:\\\/\\\/euromark.ppmkt.fr\\\/fr\\\/nos-produits\\\/\"},{\"@type\":\"ListItem\",\"position\":3,\"name\":\"Notre gamme France\"}]},{\"@type\":\"WebSite\",\"@id\":\"http:\\\/\\\/euromark.ppmkt.fr\\\/fr\\\/#website\",\"url\":\"http:\\\/\\\/euromark.ppmkt.fr\\\/fr\\\/\",\"name\":\"Sar\",\"description\":\"\",\"publisher\":{\"@id\":\"http:\\\/\\\/euromark.ppmkt.fr\\\/fr\\\/#organization\"},\"potentialAction\":[{\"@type\":\"SearchAction\",\"target\":{\"@type\":\"EntryPoint\",\"urlTemplate\":\"http:\\\/\\\/euromark.ppmkt.fr\\\/fr\\\/?s={search_term_string}\"},\"query-input\":{\"@type\":\"PropertyValueSpecification\",\"valueRequired\":true,\"valueName\":\"search_term_string\"}}],\"inLanguage\":\"fr-FR\"},{\"@type\":\"Organization\",\"@id\":\"http:\\\/\\\/euromark.ppmkt.fr\\\/fr\\\/#organization\",\"name\":\"Sar\",\"url\":\"http:\\\/\\\/euromark.ppmkt.fr\\\/fr\\\/\",\"logo\":{\"@type\":\"ImageObject\",\"inLanguage\":\"fr-FR\",\"@id\":\"http:\\\/\\\/euromark.ppmkt.fr\\\/fr\\\/#\\\/schema\\\/logo\\\/image\\\/\",\"url\":\"\",\"contentUrl\":\"\",\"caption\":\"Sar\"},\"image\":{\"@id\":\"http:\\\/\\\/euromark.ppmkt.fr\\\/fr\\\/#\\\/schema\\\/logo\\\/image\\\/\"}}]}<\/script>\n<!-- \/ Yoast SEO plugin. -->","yoast_head_json":{"title":"Notre gamme France - Euromark, r\u00e9f\u00e9rent en produits de marquage routier","description":"D\u00e9couvrez la gamme France de nos produits. Euromark, r\u00e9f\u00e9rent en produits de marquage routier sur les march\u00e9s fran\u00e7ais et europ\u00e9ens depuis 1964.","robots":{"index":"index","follow":"follow","max-snippet":"max-snippet:-1","max-image-preview":"max-image-preview:large","max-video-preview":"max-video-preview:-1"},"canonical":"http:\/\/euromark.ppmkt.fr\/fr\/nos-produits\/notre-gamme-france\/","og_locale":"fr_FR","og_type":"article","og_title":"Notre gamme France - Euromark, r\u00e9f\u00e9rent en produits de marquage routier","og_description":"D\u00e9couvrez la gamme France de nos produits. Euromark, r\u00e9f\u00e9rent en produits de marquage routier sur les march\u00e9s fran\u00e7ais et europ\u00e9ens depuis 1964.","og_url":"http:\/\/euromark.ppmkt.fr\/fr\/nos-produits\/notre-gamme-france\/","og_site_name":"Euromark","article_modified_time":"2025-09-29T14:01:00+00:00","og_image":[{"url":"http:\/\/euromark.ppmkt.fr\/wp-content\/uploads\/2025\/06\/Corbeille-Madrid-Banc-Safran-713x535.jpeg","type":"","width":"","height":""}],"twitter_card":"summary_large_image","twitter_misc":{"Dur\u00e9e de lecture estim\u00e9e":"1 minute"},"schema":{"@context":"https:\/\/schema.org","@graph":[{"@type":"WebPage","@id":"http:\/\/euromark.ppmkt.fr\/fr\/nos-produits\/notre-gamme-france\/","url":"http:\/\/euromark.ppmkt.fr\/fr\/nos-produits\/notre-gamme-france\/","name":"Notre gamme France - Euromark, r\u00e9f\u00e9rent en produits de marquage routier","isPartOf":{"@id":"http:\/\/euromark.ppmkt.fr\/fr\/#website"},"primaryImageOfPage":{"@id":"http:\/\/euromark.ppmkt.fr\/fr\/nos-produits\/notre-gamme-france\/#primaryimage"},"image":{"@id":"http:\/\/euromark.ppmkt.fr\/fr\/nos-produits\/notre-gamme-france\/#primaryimage"},"thumbnailUrl":"http:\/\/euromark.ppmkt.fr\/wp-content\/uploads\/2025\/06\/Corbeille-Madrid-Banc-Safran-713x535.jpeg","datePublished":"2025-05-28T12:53:57+00:00","dateModified":"2025-09-29T14:01:00+00:00","description":"D\u00e9couvrez la gamme France de nos produits. Euromark, r\u00e9f\u00e9rent en produits de marquage routier sur les march\u00e9s fran\u00e7ais et europ\u00e9ens depuis 1964.","breadcrumb":{"@id":"http:\/\/euromark.ppmkt.fr\/fr\/nos-produits\/notre-gamme-france\/#breadcrumb"},"inLanguage":"fr-FR","potentialAction":[{"@type":"ReadAction","target":["http:\/\/euromark.ppmkt.fr\/fr\/nos-produits\/notre-gamme-france\/"]}]},{"@type":"ImageObject","inLanguage":"fr-FR","@id":"http:\/\/euromark.ppmkt.fr\/fr\/nos-produits\/notre-gamme-france\/#primaryimage","url":"http:\/\/euromark.ppmkt.fr\/wp-content\/uploads\/2025\/06\/Corbeille-Madrid-Banc-Safran-713x535.jpeg","contentUrl":"http:\/\/euromark.ppmkt.fr\/wp-content\/uploads\/2025\/06\/Corbeille-Madrid-Banc-Safran-713x535.jpeg"},{"@type":"BreadcrumbList","@id":"http:\/\/euromark.ppmkt.fr\/fr\/nos-produits\/notre-gamme-france\/#breadcrumb","itemListElement":[{"@type":"ListItem","position":1,"name":"Accueil","item":"http:\/\/euromark.ppmkt.fr\/fr\/"},{"@type":"ListItem","position":2,"name":"Nos produits","item":"http:\/\/euromark.ppmkt.fr\/fr\/nos-produits\/"},{"@type":"ListItem","position":3,"name":"Notre gamme France"}]},{"@type":"WebSite","@id":"http:\/\/euromark.ppmkt.fr\/fr\/#website","url":"http:\/\/euromark.ppmkt.fr\/fr\/","name":"Sar","description":"","publisher":{"@id":"http:\/\/euromark.ppmkt.fr\/fr\/#organization"},"potentialAction":[{"@type":"SearchAction","target":{"@type":"EntryPoint","urlTemplate":"http:\/\/euromark.ppmkt.fr\/fr\/?s={search_term_string}"},"query-input":{"@type":"PropertyValueSpecification","valueRequired":true,"valueName":"search_term_string"}}],"inLanguage":"fr-FR"},{"@type":"Organization","@id":"http:\/\/euromark.ppmkt.fr\/fr\/#organization","name":"Sar","url":"http:\/\/euromark.ppmkt.fr\/fr\/","logo":{"@type":"ImageObject","inLanguage":"fr-FR","@id":"http:\/\/euromark.ppmkt.fr\/fr\/#\/schema\/logo\/image\/","url":"","contentUrl":"","caption":"Sar"},"image":{"@id":"http:\/\/euromark.ppmkt.fr\/fr\/#\/schema\/logo\/image\/"}}]}},"_links":{"self":[{"href":"http:\/\/euromark.ppmkt.fr\/fr\/wp-json\/wp\/v2\/pages\/2252","targetHints":{"allow":["GET"]}}],"collection":[{"href":"http:\/\/euromark.ppmkt.fr\/fr\/wp-json\/wp\/v2\/pages"}],"about":[{"href":"http:\/\/euromark.ppmkt.fr\/fr\/wp-json\/wp\/v2\/types\/page"}],"author":[{"embeddable":true,"href":"http:\/\/euromark.ppmkt.fr\/fr\/wp-json\/wp\/v2\/users\/1"}],"replies":[{"embeddable":true,"href":"http:\/\/euromark.ppmkt.fr\/fr\/wp-json\/wp\/v2\/comments?post=2252"}],"version-history":[{"count":40,"href":"http:\/\/euromark.ppmkt.fr\/fr\/wp-json\/wp\/v2\/pages\/2252\/revisions"}],"predecessor-version":[{"id":3736,"href":"http:\/\/euromark.ppmkt.fr\/fr\/wp-json\/wp\/v2\/pages\/2252\/revisions\/3736"}],"up":[{"embeddable":true,"href":"http:\/\/euromark.ppmkt.fr\/fr\/wp-json\/wp\/v2\/pages\/2258"}],"wp:attachment":[{"href":"http:\/\/euromark.ppmkt.fr\/fr\/wp-json\/wp\/v2\/media?parent=2252"}],"curies":[{"name":"wp","href":"https:\/\/api.w.org\/{rel}","templated":true}]}}