{"id":2304,"date":"2025-05-28T16:27:30","date_gmt":"2025-05-28T14:27:30","guid":{"rendered":"http:\/\/euromark.ppmkt.fr\/?page_id=2304"},"modified":"2025-12-02T16:13:56","modified_gmt":"2025-12-02T15:13:56","slug":"ce-que-nous-faisons","status":"publish","type":"page","link":"http:\/\/euromark.ppmkt.fr\/fr\/qui-nous-sommes\/ce-que-nous-faisons\/","title":{"rendered":"Ce que nous faisons"},"content":{"rendered":"\n<div class=\"wp-block-columns is-layout-flex wp-container-core-columns-is-layout-9d6595d7 wp-block-columns-is-layout-flex\">\n<div class=\"wp-block-column is-layout-flow wp-block-column-is-layout-flow\">\n<h2 class=\"wp-block-heading\">Nos domaines d&rsquo;intervention<\/h2>\n\n\n\n<p>Acteur majeur du marquage routier depuis plus de 60 ans, Euromark a laiss\u00e9 son empreinte sur les routes et dans les villes de toute la France. Chaque ann\u00e9e, plus de <strong>20 000 tonnes de peinture<\/strong> sont produites par nos \u00e9quipes, soit l\u2019\u00e9quivalent de <strong>12 fois le tour de la Terre<\/strong> en ligne continue de 10 cm de large.<\/p>\n\n\n\n<div style=\"height:20px\" aria-hidden=\"true\" class=\"wp-block-spacer\"><\/div>\n\n\n\n<h3 class=\"wp-block-heading\">Nous \u00e9quipons :<\/h3>\n\n\n\n<ul class=\"wp-block-list\">\n<li>Les autoroutes<\/li>\n\n\n\n<li>Les routes nationales<\/li>\n\n\n\n<li>Les routes d\u00e9partementales<\/li>\n\n\n\n<li>Les m\u00e9tropoles et les communes<\/li>\n\n\n\n<li>Les a\u00e9roports<\/li>\n\n\n\n<li>Les ports<\/li>\n\n\n\n<li>Les sites industriels priv\u00e9s<\/li>\n\n\n\n<li>Les bases militaires<\/li>\n\n\n\n<li>Les circuits automobiles<\/li>\n\n\n\n<li>Etc.<\/li>\n<\/ul>\n\n\n\n<p>R\u00e9f\u00e9rent sur le march\u00e9 europ\u00e9en, Euromark d\u00e9veloppe \u00e9galement des produits sp\u00e9cifiquement formul\u00e9s et certifi\u00e9s pour r\u00e9pondre aux exigences des march\u00e9s \u00e9trangers. <br><strong>Avec plus de 40 % de sa production export\u00e9e<\/strong>, Euromark est un acteur r\u00e9solument tourn\u00e9 vers l\u2019international, pr\u00e9sent dans de nombreux pays \u00e0 travers l\u2019Europe et le monde.<\/p>\n\n\n\n<div style=\"height:40px\" aria-hidden=\"true\" class=\"wp-block-spacer\"><\/div>\n\n\n\n<div class=\"wp-block-columns is-layout-flex wp-container-core-columns-is-layout-9d6595d7 wp-block-columns-is-layout-flex\">\n<div class=\"wp-block-column is-layout-flow wp-block-column-is-layout-flow\" style=\"flex-basis:55%\">\n<h2 class=\"wp-block-heading\">Notre m\u00e9tier<\/h2>\n\n\n\n<p>Depuis sa cr\u00e9ation, <strong>Euromark est le premier fabricant fran\u00e7ais de produits de marquage routier<\/strong>, pens\u00e9s pour les applicateurs :<\/p>\n\n\n\n<ul class=\"wp-block-list\">\n<li>Marquages permanents non r\u00e9tror\u00e9fl\u00e9chissants, r\u00e9tror\u00e9fl\u00e9chissants, ou visibles de nuit par temps de pluie (VNTP)<\/li>\n\n\n\n<li>Marquages temporaires ou masquage<\/li>\n\n\n\n<li>Rev\u00eatements d\u00e9coratifs<\/li>\n<\/ul>\n\n\n\n<p>Nous commercialisons aussi une large gamme de produits compl\u00e9mentaires : bandes pr\u00e9fabriqu\u00e9es, plots, dispositifs pour Personnes \u00e0 Mobilit\u00e9 R\u00e9duite (PMR), etc.<\/p>\n\n\n\n<div style=\"height:40px\" aria-hidden=\"true\" class=\"wp-block-spacer\"><\/div>\n<\/div>\n\n\n\n<div class=\"wp-block-column is-vertically-aligned-center is-layout-flow wp-block-column-is-layout-flow\" style=\"flex-basis:45%\">\n<figure class=\"wp-block-image size-large m-0\"><img loading=\"lazy\" decoding=\"async\" width=\"803\" height=\"535\" src=\"http:\/\/euromark.ppmkt.fr\/wp-content\/uploads\/2025\/09\/accueil-4-min-803x535.jpg\" alt=\"Marquage routier\" class=\"wp-image-3326\" srcset=\"http:\/\/euromark.ppmkt.fr\/wp-content\/uploads\/2025\/09\/accueil-4-min-803x535.jpg 803w, http:\/\/euromark.ppmkt.fr\/wp-content\/uploads\/2025\/09\/accueil-4-min-250x167.jpg 250w, http:\/\/euromark.ppmkt.fr\/wp-content\/uploads\/2025\/09\/accueil-4-min-593x395.jpg 593w, http:\/\/euromark.ppmkt.fr\/wp-content\/uploads\/2025\/09\/accueil-4-min-1536x1024.jpg 1536w, http:\/\/euromark.ppmkt.fr\/wp-content\/uploads\/2025\/09\/accueil-4-min.jpg 1920w\" sizes=\"auto, (max-width: 803px) 100vw, 803px\" \/><\/figure>\n\n\n\n<figure class=\"wp-block-image size-large m-0\"><img loading=\"lazy\" decoding=\"async\" width=\"802\" height=\"535\" src=\"http:\/\/euromark.ppmkt.fr\/wp-content\/uploads\/2025\/09\/accueil-6-min-802x535.jpg\" alt=\"Machine de marquage au sol\" class=\"wp-image-3328\" srcset=\"http:\/\/euromark.ppmkt.fr\/wp-content\/uploads\/2025\/09\/accueil-6-min-802x535.jpg 802w, http:\/\/euromark.ppmkt.fr\/wp-content\/uploads\/2025\/09\/accueil-6-min-250x167.jpg 250w, http:\/\/euromark.ppmkt.fr\/wp-content\/uploads\/2025\/09\/accueil-6-min-592x395.jpg 592w, http:\/\/euromark.ppmkt.fr\/wp-content\/uploads\/2025\/09\/accueil-6-min-1536x1025.jpg 1536w, http:\/\/euromark.ppmkt.fr\/wp-content\/uploads\/2025\/09\/accueil-6-min.jpg 1920w\" sizes=\"auto, (max-width: 802px) 100vw, 802px\" \/><\/figure>\n<\/div>\n<\/div>\n\n\n\n<h2 class=\"wp-block-heading\">Nos moyens<\/h2>\n\n\n\n<p>Nos sp\u00e9cialistes de la formulation et experts de l\u2019application travaillent ensemble \u00e0 la mise au point de nouveaux produits, du laboratoire \u00e0 leur application sur la route.<\/p>\n\n\n\n<p>Euromark est ainsi reconnue pour la qualit\u00e9 inconditionnelle de ses produits et est <strong>certifi\u00e9e ISO 9001<\/strong>.<\/p>\n\n\n\n<p><strong>Nous r\u00e9pondons aux besoins de nos clients partout en Europe, dans des d\u00e9lais courts<\/strong>. &nbsp;Nous nous appuyons sur deux atouts majeurs&nbsp;: un outil de production totalement automatis\u00e9, d\u2019une capacit\u00e9 annuelle de 35 000 tonnes de produits de marquage routier, et un espace de stockage de plus de 3 000 tonnes, pour une production et une logistique optimis\u00e9es.<\/p>\n\n\n\n<div style=\"height:40px\" aria-hidden=\"true\" class=\"wp-block-spacer\"><\/div>\n\n\n\n<h2 class=\"wp-block-heading\">Recherche Et D\u00e9veloppement<\/h2>\n\n\n\n<div class=\"wp-block-columns is-layout-flex wp-container-core-columns-is-layout-9d6595d7 wp-block-columns-is-layout-flex\">\n<div class=\"wp-block-column is-layout-flow wp-block-column-is-layout-flow\" style=\"flex-basis:65%\"><div class=\"wp-block-image\">\n<figure class=\"aligncenter size-full\"><img loading=\"lazy\" decoding=\"async\" width=\"1134\" height=\"284\" src=\"http:\/\/euromark.ppmkt.fr\/wp-content\/uploads\/2025\/09\/slide_r_d1.jpg\" alt=\"\" class=\"wp-image-3446\" style=\"object-fit:cover\" srcset=\"http:\/\/euromark.ppmkt.fr\/wp-content\/uploads\/2025\/09\/slide_r_d1.jpg 1134w, http:\/\/euromark.ppmkt.fr\/wp-content\/uploads\/2025\/09\/slide_r_d1-250x63.jpg 250w, http:\/\/euromark.ppmkt.fr\/wp-content\/uploads\/2025\/09\/slide_r_d1-800x200.jpg 800w\" sizes=\"auto, (max-width: 1134px) 100vw, 1134px\" \/><\/figure>\n<\/div>\n\n\n<p class=\"has-text-align-left\"><em>Notre centre technique, moderne et unique, regroupant laboratoire et centre d\u2019essais, garantit la synergie des comp\u00e9tences. Il est notre outil de progr\u00e8s et la vitrine des \u00e9volutions technologiques de nos produits.<\/em><\/p>\n<\/div>\n\n\n\n<div class=\"wp-block-column is-layout-flow wp-block-column-is-layout-flow\">\n<figure class=\"wp-block-image size-full\"><img loading=\"lazy\" decoding=\"async\" width=\"2560\" height=\"2560\" src=\"http:\/\/euromark.ppmkt.fr\/wp-content\/uploads\/2025\/09\/Photo-11-Expertise-Euromark-scaled.jpg\" alt=\"\" class=\"wp-image-3448\" style=\"object-fit:cover\" srcset=\"http:\/\/euromark.ppmkt.fr\/wp-content\/uploads\/2025\/09\/Photo-11-Expertise-Euromark-scaled.jpg 2560w, http:\/\/euromark.ppmkt.fr\/wp-content\/uploads\/2025\/09\/Photo-11-Expertise-Euromark-250x250.jpg 250w, http:\/\/euromark.ppmkt.fr\/wp-content\/uploads\/2025\/09\/Photo-11-Expertise-Euromark-535x535.jpg 535w, http:\/\/euromark.ppmkt.fr\/wp-content\/uploads\/2025\/09\/Photo-11-Expertise-Euromark-395x395.jpg 395w, http:\/\/euromark.ppmkt.fr\/wp-content\/uploads\/2025\/09\/Photo-11-Expertise-Euromark-1536x1536.jpg 1536w, http:\/\/euromark.ppmkt.fr\/wp-content\/uploads\/2025\/09\/Photo-11-Expertise-Euromark-2048x2048.jpg 2048w, http:\/\/euromark.ppmkt.fr\/wp-content\/uploads\/2025\/09\/Photo-11-Expertise-Euromark-500x500.jpg 500w\" sizes=\"auto, (max-width: 2560px) 100vw, 2560px\" \/><\/figure>\n<\/div>\n<\/div>\n<\/div>\n<\/div>\n\n\n\n<div style=\"height:20px\" aria-hidden=\"true\" class=\"wp-block-spacer\"><\/div>\n\n\n\n<p class=\"has-medium-font-size\"><strong>Notre \u00e9quipe de Recherche et D\u00e9veloppement, constitu\u00e9e de 10 personnes, est avant tout pluridisciplinaire :<\/strong><\/p>\n\n\n\n<ul class=\"wp-block-list\">\n<li>Ing\u00e9nieurs et techniciens chimistes pour le travail de recherche fondamentale et de formulation,<\/li>\n\n\n\n<li>Experts dans toutes les techniques d\u2019application avec tous les mat\u00e9riels de marquage.<\/li>\n<\/ul>\n\n\n\n<p>Ces \u00e9quipes mettent au point les produits de marquage de demain.<\/p>\n\n\n\n<p>En laboratoire, une&nbsp;approche rigoureuse et scientifique&nbsp;est compl\u00e9t\u00e9e par une&nbsp;\u00e9valuation des performances en conditions r\u00e9elles sur un site d&rsquo;essais, conforme aux exigences des normes europ\u00e9ennes (EN1824 ou EN13197).<\/p>\n\n\n\n<p class=\"sous-titre has-small-font-size\"><strong>Nous formulons et d\u00e9veloppons pour les clients du monde entier.<\/strong><\/p>\n\n\n\n<p class=\"has-medium-font-size\"><strong>Cette vision transversale et internationale permet \u00e0 Euromark d&rsquo;offrir \u00e0 ses clients :<\/strong><\/p>\n\n\n\n<ul class=\"wp-block-list\">\n<li>De nouveaux savoir-faire qui r\u00e9pondent aux exigences normatives de chaque pays.<\/li>\n\n\n\n<li>Une bonne compr\u00e9hension du comportement de nos produits face aux agressions ext\u00e9rieures (trafic, climat et support diff\u00e9rents), gr\u00e2ce \u00e0 l&rsquo;application sur diff\u00e9rents sites d&rsquo;essais \u00e0 l&rsquo;\u00e9tranger.<\/li>\n<\/ul>\n\n\n\n<div style=\"height:40px\" aria-hidden=\"true\" class=\"wp-block-spacer\"><\/div>\n\n\n\n<h3 class=\"wp-block-heading\">Innovation et d\u00e9veloppement durable<\/h3>\n\n\n\n<div class=\"wp-block-columns is-layout-flex wp-container-core-columns-is-layout-9d6595d7 wp-block-columns-is-layout-flex\">\n<div class=\"wp-block-column is-layout-flow wp-block-column-is-layout-flow\" style=\"flex-basis:100%\">\n<p><strong>Eco-conception des produits<\/strong> : Euromark promeut une fabrication responsable et durable.<\/p>\n\n\n\n<p><strong>Chimie verte<\/strong>&nbsp;: Nos enduits \u00e0 chaud sont formul\u00e9s \u00e0 partir de mati\u00e8res premi\u00e8res d\u2019origine v\u00e9g\u00e9tale.<\/p>\n\n\n\n<p><strong>R\u00e9duction de l\u2019empreinte carbone<\/strong>&nbsp;: plus de <strong>30 r\u00e9f\u00e9rences<\/strong> de notre gamme sont <strong>labellis\u00e9es NF Environnement<\/strong> et nous d\u00e9veloppons des peintures \u00e0 tr\u00e8s faible teneur en Compos\u00e9s Organiques Volatils (COV).<\/p>\n\n\n\n<p><strong>Des produits innovants et respectueux de l\u2019environnement<\/strong>&nbsp;:<\/p>\n\n\n\n<ul class=\"wp-block-list\">\n<li>Nos <strong>enduits \u00e0 chaud<\/strong> sont conditionn\u00e9s en <strong>sacs thermofusibles<\/strong> g\u00e9n\u00e9rant <strong>z\u00e9ro d\u00e9chet <\/strong>d\u2019emballage.<\/li>\n\n\n\n<li>Nous avons d\u00e9velopp\u00e9 une nouvelle gamme&nbsp;de produits&nbsp;<strong>sans dioxyde de titane<\/strong>.<\/li>\n\n\n\n<li>Nos <strong>peintures \u00e0 l\u2019eau<\/strong> sont enrichies d\u2019un <strong>acc\u00e9l\u00e9rateur de s\u00e9chage<\/strong>, optimisant l\u2019application et la productivit\u00e9.<\/li>\n\n\n\n<li>Nos <strong>enduits \u00e0 chaud basse temp\u00e9rature<\/strong> permettent une application plus \u00e9conome en \u00e9nergie.<\/li>\n\n\n\n<li>Nos <strong>produits <\/strong>sont propos\u00e9s avec des <strong>saches int\u00e9rieures<\/strong>, facilitant le tri et le recyclage des contenants m\u00e9talliques.<\/li>\n<\/ul>\n<\/div>\n<\/div>\n","protected":false},"excerpt":{"rendered":"<p>Nos domaines d&rsquo;intervention Acteur majeur du marquage routier depuis plus de 60 ans, Euromark a laiss\u00e9 son empreinte sur les&#8230;<\/p>\n","protected":false},"author":1,"featured_media":0,"parent":199,"menu_order":82,"comment_status":"closed","ping_status":"closed","template":"","meta":{"_acf_changed":false,"footnotes":""},"class_list":["post-2304","page","type-page","status-publish","hentry"],"acf":[],"yoast_head":"<!-- This site is optimized with the Yoast SEO plugin v27.5 - https:\/\/yoast.com\/product\/yoast-seo-wordpress\/ -->\n<title>Ce que nous faisons - Euromark, r\u00e9f\u00e9rent en produits de marquage routier<\/title>\n<meta name=\"description\" content=\"R\u00e9f\u00e9rent sur le march\u00e9 europ\u00e9en depuis 60 ans, Euromark d\u00e9veloppe des produits formul\u00e9s et certifi\u00e9s pour r\u00e9pondre aux exigences des march\u00e9s \u00e9trangers.\" \/>\n<meta name=\"robots\" content=\"index, follow, max-snippet:-1, max-image-preview:large, max-video-preview:-1\" \/>\n<link rel=\"canonical\" href=\"http:\/\/euromark.ppmkt.fr\/fr\/qui-nous-sommes\/ce-que-nous-faisons\/\" \/>\n<meta property=\"og:locale\" content=\"fr_FR\" \/>\n<meta property=\"og:type\" content=\"article\" \/>\n<meta property=\"og:title\" content=\"Ce que nous faisons - Euromark, r\u00e9f\u00e9rent en produits de marquage routier\" \/>\n<meta property=\"og:description\" content=\"R\u00e9f\u00e9rent sur le march\u00e9 europ\u00e9en depuis 60 ans, Euromark d\u00e9veloppe des produits formul\u00e9s et certifi\u00e9s pour r\u00e9pondre aux exigences des march\u00e9s \u00e9trangers.\" \/>\n<meta property=\"og:url\" content=\"http:\/\/euromark.ppmkt.fr\/fr\/qui-nous-sommes\/ce-que-nous-faisons\/\" \/>\n<meta property=\"og:site_name\" content=\"Euromark\" \/>\n<meta property=\"article:modified_time\" content=\"2025-12-02T15:13:56+00:00\" \/>\n<meta property=\"og:image\" content=\"http:\/\/euromark.ppmkt.fr\/wp-content\/uploads\/2025\/09\/accueil-4-min-803x535.jpg\" \/>\n<meta name=\"twitter:card\" content=\"summary_large_image\" \/>\n<meta name=\"twitter:label1\" content=\"Dur\u00e9e de lecture estim\u00e9e\" \/>\n\t<meta name=\"twitter:data1\" content=\"4 minutes\" \/>\n<script type=\"application\/ld+json\" class=\"yoast-schema-graph\">{\"@context\":\"https:\\\/\\\/schema.org\",\"@graph\":[{\"@type\":\"WebPage\",\"@id\":\"http:\\\/\\\/euromark.ppmkt.fr\\\/fr\\\/qui-nous-sommes\\\/ce-que-nous-faisons\\\/\",\"url\":\"http:\\\/\\\/euromark.ppmkt.fr\\\/fr\\\/qui-nous-sommes\\\/ce-que-nous-faisons\\\/\",\"name\":\"Ce que nous faisons - Euromark, r\u00e9f\u00e9rent en produits de marquage routier\",\"isPartOf\":{\"@id\":\"http:\\\/\\\/euromark.ppmkt.fr\\\/fr\\\/#website\"},\"primaryImageOfPage\":{\"@id\":\"http:\\\/\\\/euromark.ppmkt.fr\\\/fr\\\/qui-nous-sommes\\\/ce-que-nous-faisons\\\/#primaryimage\"},\"image\":{\"@id\":\"http:\\\/\\\/euromark.ppmkt.fr\\\/fr\\\/qui-nous-sommes\\\/ce-que-nous-faisons\\\/#primaryimage\"},\"thumbnailUrl\":\"http:\\\/\\\/euromark.ppmkt.fr\\\/wp-content\\\/uploads\\\/2025\\\/09\\\/accueil-4-min-803x535.jpg\",\"datePublished\":\"2025-05-28T14:27:30+00:00\",\"dateModified\":\"2025-12-02T15:13:56+00:00\",\"description\":\"R\u00e9f\u00e9rent sur le march\u00e9 europ\u00e9en depuis 60 ans, Euromark d\u00e9veloppe des produits formul\u00e9s et certifi\u00e9s pour r\u00e9pondre aux exigences des march\u00e9s \u00e9trangers.\",\"breadcrumb\":{\"@id\":\"http:\\\/\\\/euromark.ppmkt.fr\\\/fr\\\/qui-nous-sommes\\\/ce-que-nous-faisons\\\/#breadcrumb\"},\"inLanguage\":\"fr-FR\",\"potentialAction\":[{\"@type\":\"ReadAction\",\"target\":[\"http:\\\/\\\/euromark.ppmkt.fr\\\/fr\\\/qui-nous-sommes\\\/ce-que-nous-faisons\\\/\"]}]},{\"@type\":\"ImageObject\",\"inLanguage\":\"fr-FR\",\"@id\":\"http:\\\/\\\/euromark.ppmkt.fr\\\/fr\\\/qui-nous-sommes\\\/ce-que-nous-faisons\\\/#primaryimage\",\"url\":\"http:\\\/\\\/euromark.ppmkt.fr\\\/wp-content\\\/uploads\\\/2025\\\/09\\\/accueil-4-min-803x535.jpg\",\"contentUrl\":\"http:\\\/\\\/euromark.ppmkt.fr\\\/wp-content\\\/uploads\\\/2025\\\/09\\\/accueil-4-min-803x535.jpg\"},{\"@type\":\"BreadcrumbList\",\"@id\":\"http:\\\/\\\/euromark.ppmkt.fr\\\/fr\\\/qui-nous-sommes\\\/ce-que-nous-faisons\\\/#breadcrumb\",\"itemListElement\":[{\"@type\":\"ListItem\",\"position\":1,\"name\":\"Accueil\",\"item\":\"http:\\\/\\\/euromark.ppmkt.fr\\\/fr\\\/\"},{\"@type\":\"ListItem\",\"position\":2,\"name\":\"Qui nous sommes\",\"item\":\"http:\\\/\\\/euromark.ppmkt.fr\\\/fr\\\/qui-nous-sommes\\\/\"},{\"@type\":\"ListItem\",\"position\":3,\"name\":\"Ce que nous faisons\"}]},{\"@type\":\"WebSite\",\"@id\":\"http:\\\/\\\/euromark.ppmkt.fr\\\/fr\\\/#website\",\"url\":\"http:\\\/\\\/euromark.ppmkt.fr\\\/fr\\\/\",\"name\":\"Sar\",\"description\":\"\",\"publisher\":{\"@id\":\"http:\\\/\\\/euromark.ppmkt.fr\\\/fr\\\/#organization\"},\"potentialAction\":[{\"@type\":\"SearchAction\",\"target\":{\"@type\":\"EntryPoint\",\"urlTemplate\":\"http:\\\/\\\/euromark.ppmkt.fr\\\/fr\\\/?s={search_term_string}\"},\"query-input\":{\"@type\":\"PropertyValueSpecification\",\"valueRequired\":true,\"valueName\":\"search_term_string\"}}],\"inLanguage\":\"fr-FR\"},{\"@type\":\"Organization\",\"@id\":\"http:\\\/\\\/euromark.ppmkt.fr\\\/fr\\\/#organization\",\"name\":\"Sar\",\"url\":\"http:\\\/\\\/euromark.ppmkt.fr\\\/fr\\\/\",\"logo\":{\"@type\":\"ImageObject\",\"inLanguage\":\"fr-FR\",\"@id\":\"http:\\\/\\\/euromark.ppmkt.fr\\\/fr\\\/#\\\/schema\\\/logo\\\/image\\\/\",\"url\":\"\",\"contentUrl\":\"\",\"caption\":\"Sar\"},\"image\":{\"@id\":\"http:\\\/\\\/euromark.ppmkt.fr\\\/fr\\\/#\\\/schema\\\/logo\\\/image\\\/\"}}]}<\/script>\n<!-- \/ Yoast SEO plugin. -->","yoast_head_json":{"title":"Ce que nous faisons - Euromark, r\u00e9f\u00e9rent en produits de marquage routier","description":"R\u00e9f\u00e9rent sur le march\u00e9 europ\u00e9en depuis 60 ans, Euromark d\u00e9veloppe des produits formul\u00e9s et certifi\u00e9s pour r\u00e9pondre aux exigences des march\u00e9s \u00e9trangers.","robots":{"index":"index","follow":"follow","max-snippet":"max-snippet:-1","max-image-preview":"max-image-preview:large","max-video-preview":"max-video-preview:-1"},"canonical":"http:\/\/euromark.ppmkt.fr\/fr\/qui-nous-sommes\/ce-que-nous-faisons\/","og_locale":"fr_FR","og_type":"article","og_title":"Ce que nous faisons - Euromark, r\u00e9f\u00e9rent en produits de marquage routier","og_description":"R\u00e9f\u00e9rent sur le march\u00e9 europ\u00e9en depuis 60 ans, Euromark d\u00e9veloppe des produits formul\u00e9s et certifi\u00e9s pour r\u00e9pondre aux exigences des march\u00e9s \u00e9trangers.","og_url":"http:\/\/euromark.ppmkt.fr\/fr\/qui-nous-sommes\/ce-que-nous-faisons\/","og_site_name":"Euromark","article_modified_time":"2025-12-02T15:13:56+00:00","og_image":[{"url":"http:\/\/euromark.ppmkt.fr\/wp-content\/uploads\/2025\/09\/accueil-4-min-803x535.jpg","type":"","width":"","height":""}],"twitter_card":"summary_large_image","twitter_misc":{"Dur\u00e9e de lecture estim\u00e9e":"4 minutes"},"schema":{"@context":"https:\/\/schema.org","@graph":[{"@type":"WebPage","@id":"http:\/\/euromark.ppmkt.fr\/fr\/qui-nous-sommes\/ce-que-nous-faisons\/","url":"http:\/\/euromark.ppmkt.fr\/fr\/qui-nous-sommes\/ce-que-nous-faisons\/","name":"Ce que nous faisons - Euromark, r\u00e9f\u00e9rent en produits de marquage routier","isPartOf":{"@id":"http:\/\/euromark.ppmkt.fr\/fr\/#website"},"primaryImageOfPage":{"@id":"http:\/\/euromark.ppmkt.fr\/fr\/qui-nous-sommes\/ce-que-nous-faisons\/#primaryimage"},"image":{"@id":"http:\/\/euromark.ppmkt.fr\/fr\/qui-nous-sommes\/ce-que-nous-faisons\/#primaryimage"},"thumbnailUrl":"http:\/\/euromark.ppmkt.fr\/wp-content\/uploads\/2025\/09\/accueil-4-min-803x535.jpg","datePublished":"2025-05-28T14:27:30+00:00","dateModified":"2025-12-02T15:13:56+00:00","description":"R\u00e9f\u00e9rent sur le march\u00e9 europ\u00e9en depuis 60 ans, Euromark d\u00e9veloppe des produits formul\u00e9s et certifi\u00e9s pour r\u00e9pondre aux exigences des march\u00e9s \u00e9trangers.","breadcrumb":{"@id":"http:\/\/euromark.ppmkt.fr\/fr\/qui-nous-sommes\/ce-que-nous-faisons\/#breadcrumb"},"inLanguage":"fr-FR","potentialAction":[{"@type":"ReadAction","target":["http:\/\/euromark.ppmkt.fr\/fr\/qui-nous-sommes\/ce-que-nous-faisons\/"]}]},{"@type":"ImageObject","inLanguage":"fr-FR","@id":"http:\/\/euromark.ppmkt.fr\/fr\/qui-nous-sommes\/ce-que-nous-faisons\/#primaryimage","url":"http:\/\/euromark.ppmkt.fr\/wp-content\/uploads\/2025\/09\/accueil-4-min-803x535.jpg","contentUrl":"http:\/\/euromark.ppmkt.fr\/wp-content\/uploads\/2025\/09\/accueil-4-min-803x535.jpg"},{"@type":"BreadcrumbList","@id":"http:\/\/euromark.ppmkt.fr\/fr\/qui-nous-sommes\/ce-que-nous-faisons\/#breadcrumb","itemListElement":[{"@type":"ListItem","position":1,"name":"Accueil","item":"http:\/\/euromark.ppmkt.fr\/fr\/"},{"@type":"ListItem","position":2,"name":"Qui nous sommes","item":"http:\/\/euromark.ppmkt.fr\/fr\/qui-nous-sommes\/"},{"@type":"ListItem","position":3,"name":"Ce que nous faisons"}]},{"@type":"WebSite","@id":"http:\/\/euromark.ppmkt.fr\/fr\/#website","url":"http:\/\/euromark.ppmkt.fr\/fr\/","name":"Sar","description":"","publisher":{"@id":"http:\/\/euromark.ppmkt.fr\/fr\/#organization"},"potentialAction":[{"@type":"SearchAction","target":{"@type":"EntryPoint","urlTemplate":"http:\/\/euromark.ppmkt.fr\/fr\/?s={search_term_string}"},"query-input":{"@type":"PropertyValueSpecification","valueRequired":true,"valueName":"search_term_string"}}],"inLanguage":"fr-FR"},{"@type":"Organization","@id":"http:\/\/euromark.ppmkt.fr\/fr\/#organization","name":"Sar","url":"http:\/\/euromark.ppmkt.fr\/fr\/","logo":{"@type":"ImageObject","inLanguage":"fr-FR","@id":"http:\/\/euromark.ppmkt.fr\/fr\/#\/schema\/logo\/image\/","url":"","contentUrl":"","caption":"Sar"},"image":{"@id":"http:\/\/euromark.ppmkt.fr\/fr\/#\/schema\/logo\/image\/"}}]}},"_links":{"self":[{"href":"http:\/\/euromark.ppmkt.fr\/fr\/wp-json\/wp\/v2\/pages\/2304","targetHints":{"allow":["GET"]}}],"collection":[{"href":"http:\/\/euromark.ppmkt.fr\/fr\/wp-json\/wp\/v2\/pages"}],"about":[{"href":"http:\/\/euromark.ppmkt.fr\/fr\/wp-json\/wp\/v2\/types\/page"}],"author":[{"embeddable":true,"href":"http:\/\/euromark.ppmkt.fr\/fr\/wp-json\/wp\/v2\/users\/1"}],"replies":[{"embeddable":true,"href":"http:\/\/euromark.ppmkt.fr\/fr\/wp-json\/wp\/v2\/comments?post=2304"}],"version-history":[{"count":36,"href":"http:\/\/euromark.ppmkt.fr\/fr\/wp-json\/wp\/v2\/pages\/2304\/revisions"}],"predecessor-version":[{"id":5920,"href":"http:\/\/euromark.ppmkt.fr\/fr\/wp-json\/wp\/v2\/pages\/2304\/revisions\/5920"}],"up":[{"embeddable":true,"href":"http:\/\/euromark.ppmkt.fr\/fr\/wp-json\/wp\/v2\/pages\/199"}],"wp:attachment":[{"href":"http:\/\/euromark.ppmkt.fr\/fr\/wp-json\/wp\/v2\/media?parent=2304"}],"curies":[{"name":"wp","href":"https:\/\/api.w.org\/{rel}","templated":true}]}}