{"id":255,"date":"2024-04-02T15:12:40","date_gmt":"2024-04-02T13:12:40","guid":{"rendered":"http:\/\/euromark.ppmkt.fr\/?page_id=255"},"modified":"2025-11-03T17:32:18","modified_gmt":"2025-11-03T16:32:18","slug":"mentions-legales","status":"publish","type":"page","link":"http:\/\/euromark.ppmkt.fr\/fr\/mentions-legales\/","title":{"rendered":"Mentions l\u00e9gales"},"content":{"rendered":"\n<div style=\"height:35px\" aria-hidden=\"true\" class=\"wp-block-spacer\"><\/div>\n\n\n\n<h3 class=\"wp-block-heading\">Soci\u00e9t\u00e9 Euromark&nbsp;:<\/h3>\n\n\n\n<p>Euromark est une soci\u00e9t\u00e9 par Actions Simplifi\u00e9e au capital de 764 872,00 euros, dont le si\u00e8ge social est situ\u00e9 au 12\/14 rue Louis Bl\u00e9riot, Immeuble Seine Way, 92500 RUEIL-MALMAISON, immatricul\u00e9e au Registre du Commerce et des Soci\u00e9t\u00e9s de NANTERRE sous le num\u00e9ro 509 349 494, repr\u00e9sent\u00e9e par Monsieur Fran\u00e7ois CHEVALLIER en sa qualit\u00e9 de Pr\u00e9sident.<\/p>\n\n\n\n<p>Coordonn\u00e9es de contact :<\/p>\n\n\n\n<ul class=\"wp-block-list\">\n<li>T\u00e9l\u00e9phone&nbsp;: 01 41 20 31 00<\/li>\n<\/ul>\n\n\n\n<div style=\"height:40px\" aria-hidden=\"true\" class=\"wp-block-spacer\"><\/div>\n\n\n\n<h3 class=\"wp-block-heading\">\u00c9diteur :<\/h3>\n\n\n\n<p>Le site internet <a href=\"http:\/\/www.sar.com\">www.sar.fr<\/a> (ci-apr\u00e8s le \u00ab <strong>Site<\/strong> \u00bb) est \u00e9dit\u00e9 par VCSP R\u00e9seaux France, soci\u00e9t\u00e9 par actions simplifi\u00e9e au capital social de 1 000,00 euros, immatricul\u00e9e au Registre du Commerce et des Soci\u00e9t\u00e9s de Nanterre sous le num\u00e9ro 789 959 467, dont le si\u00e8ge social est situ\u00e9 1973, boulevard de la D\u00e9fense \u2013 92000 Nanterre.<\/p>\n\n\n\n<div style=\"height:40px\" aria-hidden=\"true\" class=\"wp-block-spacer\"><\/div>\n\n\n\n<h3 class=\"wp-block-heading\">Coordonn\u00e9es de contact :<\/h3>\n\n\n\n<ul class=\"wp-block-list\">\n<li>Courriel : <a href=\"mailto:communicationder@vinci-construction.com\" target=\"_blank\" rel=\"noreferrer noopener\">communicationder@vinci-construction.com<\/a><\/li>\n<\/ul>\n\n\n\n<p>Directeur de la publication&nbsp;: S\u00e9bastien Bod\u00e9, Directeur d\u00e9l\u00e9gu\u00e9 du CSP D\u00e9construction et Equipements de la route (VCSP R\u00e9seaux France).<\/p>\n\n\n\n<p>Responsable r\u00e9daction&nbsp;: Lilia Radi, charg\u00e9e de communication \u2013 CSP D\u00e9construction et Equipements de la route (VCSP R\u00e9seaux France).<\/p>\n\n\n\n<div style=\"height:40px\" aria-hidden=\"true\" class=\"wp-block-spacer\"><\/div>\n\n\n\n<h3 class=\"wp-block-heading\">H\u00e9bergeur :<\/h3>\n\n\n\n<p>Le Site est h\u00e9berg\u00e9 par la soci\u00e9t\u00e9 VINCI Construction SI, soci\u00e9t\u00e9 en nom collectif au capital de 510 000 euros, inscrite au registre du commerce de Nanterre, sous le num\u00e9ro 414 965 053, dont le si\u00e8ge social est situ\u00e9 1973, boulevard de la D\u00e9fense \u2013 92000 Nanterre, repr\u00e9sent\u00e9e par Ludovic Demierre et Thierry Mirville.<\/p>\n\n\n\n<p>Coordonn\u00e9es de contact :<\/p>\n\n\n\n<ul class=\"wp-block-list\">\n<li>T\u00e9l\u00e9phone : +33 1 57 98 61 00<\/li>\n<\/ul>\n\n\n\n<div style=\"height:40px\" aria-hidden=\"true\" class=\"wp-block-spacer\"><\/div>\n\n\n\n<h3 class=\"wp-block-heading\">Cr\u00e9dits :<\/h3>\n\n\n\n<p>Le site Internet a \u00e9t\u00e9 r\u00e9alis\u00e9 par l\u2019Agence de cr\u00e9ation Web, <a href=\"https:\/\/www.people-marketing.fr\/\" target=\"_blank\" rel=\"noreferrer noopener\">People Marketing<\/a>.<\/p>\n\n\n\n<p>Photos : phototh\u00e8que Euromark<\/p>\n","protected":false},"excerpt":{"rendered":"<p>Soci\u00e9t\u00e9 Euromark&nbsp;: Euromark est une soci\u00e9t\u00e9 par Actions Simplifi\u00e9e au capital de 764 872,00 euros, dont le si\u00e8ge social est&#8230;<\/p>\n","protected":false},"author":1,"featured_media":0,"parent":0,"menu_order":44,"comment_status":"closed","ping_status":"closed","template":"","meta":{"_acf_changed":false,"footnotes":""},"class_list":["post-255","page","type-page","status-publish","hentry"],"acf":[],"yoast_head":"<!-- This site is optimized with the Yoast SEO plugin v27.5 - https:\/\/yoast.com\/product\/yoast-seo-wordpress\/ -->\n<title>Mentions l\u00e9gales - Euromark<\/title>\n<meta name=\"robots\" content=\"index, follow, max-snippet:-1, max-image-preview:large, max-video-preview:-1\" \/>\n<link rel=\"canonical\" href=\"http:\/\/euromark.ppmkt.fr\/fr\/mentions-legales\/\" \/>\n<meta property=\"og:locale\" content=\"fr_FR\" \/>\n<meta property=\"og:type\" content=\"article\" \/>\n<meta property=\"og:title\" content=\"Mentions l\u00e9gales - Euromark\" \/>\n<meta property=\"og:description\" content=\"Soci\u00e9t\u00e9 Euromark&nbsp;: Euromark est une soci\u00e9t\u00e9 par Actions Simplifi\u00e9e au capital de 764 872,00 euros, dont le si\u00e8ge social est...\" \/>\n<meta property=\"og:url\" content=\"http:\/\/euromark.ppmkt.fr\/fr\/mentions-legales\/\" \/>\n<meta property=\"og:site_name\" content=\"Euromark\" \/>\n<meta property=\"article:modified_time\" content=\"2025-11-03T16:32:18+00:00\" \/>\n<meta name=\"twitter:card\" content=\"summary_large_image\" \/>\n<meta name=\"twitter:label1\" content=\"Dur\u00e9e de lecture estim\u00e9e\" \/>\n\t<meta name=\"twitter:data1\" content=\"2 minutes\" \/>\n<script type=\"application\/ld+json\" class=\"yoast-schema-graph\">{\"@context\":\"https:\\\/\\\/schema.org\",\"@graph\":[{\"@type\":\"WebPage\",\"@id\":\"http:\\\/\\\/euromark.ppmkt.fr\\\/fr\\\/mentions-legales\\\/\",\"url\":\"http:\\\/\\\/euromark.ppmkt.fr\\\/fr\\\/mentions-legales\\\/\",\"name\":\"Mentions l\u00e9gales - Euromark\",\"isPartOf\":{\"@id\":\"http:\\\/\\\/euromark.ppmkt.fr\\\/fr\\\/#website\"},\"datePublished\":\"2024-04-02T13:12:40+00:00\",\"dateModified\":\"2025-11-03T16:32:18+00:00\",\"breadcrumb\":{\"@id\":\"http:\\\/\\\/euromark.ppmkt.fr\\\/fr\\\/mentions-legales\\\/#breadcrumb\"},\"inLanguage\":\"fr-FR\",\"potentialAction\":[{\"@type\":\"ReadAction\",\"target\":[\"http:\\\/\\\/euromark.ppmkt.fr\\\/fr\\\/mentions-legales\\\/\"]}]},{\"@type\":\"BreadcrumbList\",\"@id\":\"http:\\\/\\\/euromark.ppmkt.fr\\\/fr\\\/mentions-legales\\\/#breadcrumb\",\"itemListElement\":[{\"@type\":\"ListItem\",\"position\":1,\"name\":\"Accueil\",\"item\":\"http:\\\/\\\/euromark.ppmkt.fr\\\/fr\\\/\"},{\"@type\":\"ListItem\",\"position\":2,\"name\":\"Mentions l\u00e9gales\"}]},{\"@type\":\"WebSite\",\"@id\":\"http:\\\/\\\/euromark.ppmkt.fr\\\/fr\\\/#website\",\"url\":\"http:\\\/\\\/euromark.ppmkt.fr\\\/fr\\\/\",\"name\":\"Sar\",\"description\":\"\",\"publisher\":{\"@id\":\"http:\\\/\\\/euromark.ppmkt.fr\\\/fr\\\/#organization\"},\"potentialAction\":[{\"@type\":\"SearchAction\",\"target\":{\"@type\":\"EntryPoint\",\"urlTemplate\":\"http:\\\/\\\/euromark.ppmkt.fr\\\/fr\\\/?s={search_term_string}\"},\"query-input\":{\"@type\":\"PropertyValueSpecification\",\"valueRequired\":true,\"valueName\":\"search_term_string\"}}],\"inLanguage\":\"fr-FR\"},{\"@type\":\"Organization\",\"@id\":\"http:\\\/\\\/euromark.ppmkt.fr\\\/fr\\\/#organization\",\"name\":\"Sar\",\"url\":\"http:\\\/\\\/euromark.ppmkt.fr\\\/fr\\\/\",\"logo\":{\"@type\":\"ImageObject\",\"inLanguage\":\"fr-FR\",\"@id\":\"http:\\\/\\\/euromark.ppmkt.fr\\\/fr\\\/#\\\/schema\\\/logo\\\/image\\\/\",\"url\":\"\",\"contentUrl\":\"\",\"caption\":\"Sar\"},\"image\":{\"@id\":\"http:\\\/\\\/euromark.ppmkt.fr\\\/fr\\\/#\\\/schema\\\/logo\\\/image\\\/\"}}]}<\/script>\n<!-- \/ Yoast SEO plugin. -->","yoast_head_json":{"title":"Mentions l\u00e9gales - Euromark","robots":{"index":"index","follow":"follow","max-snippet":"max-snippet:-1","max-image-preview":"max-image-preview:large","max-video-preview":"max-video-preview:-1"},"canonical":"http:\/\/euromark.ppmkt.fr\/fr\/mentions-legales\/","og_locale":"fr_FR","og_type":"article","og_title":"Mentions l\u00e9gales - Euromark","og_description":"Soci\u00e9t\u00e9 Euromark&nbsp;: Euromark est une soci\u00e9t\u00e9 par Actions Simplifi\u00e9e au capital de 764 872,00 euros, dont le si\u00e8ge social est...","og_url":"http:\/\/euromark.ppmkt.fr\/fr\/mentions-legales\/","og_site_name":"Euromark","article_modified_time":"2025-11-03T16:32:18+00:00","twitter_card":"summary_large_image","twitter_misc":{"Dur\u00e9e de lecture estim\u00e9e":"2 minutes"},"schema":{"@context":"https:\/\/schema.org","@graph":[{"@type":"WebPage","@id":"http:\/\/euromark.ppmkt.fr\/fr\/mentions-legales\/","url":"http:\/\/euromark.ppmkt.fr\/fr\/mentions-legales\/","name":"Mentions l\u00e9gales - Euromark","isPartOf":{"@id":"http:\/\/euromark.ppmkt.fr\/fr\/#website"},"datePublished":"2024-04-02T13:12:40+00:00","dateModified":"2025-11-03T16:32:18+00:00","breadcrumb":{"@id":"http:\/\/euromark.ppmkt.fr\/fr\/mentions-legales\/#breadcrumb"},"inLanguage":"fr-FR","potentialAction":[{"@type":"ReadAction","target":["http:\/\/euromark.ppmkt.fr\/fr\/mentions-legales\/"]}]},{"@type":"BreadcrumbList","@id":"http:\/\/euromark.ppmkt.fr\/fr\/mentions-legales\/#breadcrumb","itemListElement":[{"@type":"ListItem","position":1,"name":"Accueil","item":"http:\/\/euromark.ppmkt.fr\/fr\/"},{"@type":"ListItem","position":2,"name":"Mentions l\u00e9gales"}]},{"@type":"WebSite","@id":"http:\/\/euromark.ppmkt.fr\/fr\/#website","url":"http:\/\/euromark.ppmkt.fr\/fr\/","name":"Sar","description":"","publisher":{"@id":"http:\/\/euromark.ppmkt.fr\/fr\/#organization"},"potentialAction":[{"@type":"SearchAction","target":{"@type":"EntryPoint","urlTemplate":"http:\/\/euromark.ppmkt.fr\/fr\/?s={search_term_string}"},"query-input":{"@type":"PropertyValueSpecification","valueRequired":true,"valueName":"search_term_string"}}],"inLanguage":"fr-FR"},{"@type":"Organization","@id":"http:\/\/euromark.ppmkt.fr\/fr\/#organization","name":"Sar","url":"http:\/\/euromark.ppmkt.fr\/fr\/","logo":{"@type":"ImageObject","inLanguage":"fr-FR","@id":"http:\/\/euromark.ppmkt.fr\/fr\/#\/schema\/logo\/image\/","url":"","contentUrl":"","caption":"Sar"},"image":{"@id":"http:\/\/euromark.ppmkt.fr\/fr\/#\/schema\/logo\/image\/"}}]}},"_links":{"self":[{"href":"http:\/\/euromark.ppmkt.fr\/fr\/wp-json\/wp\/v2\/pages\/255","targetHints":{"allow":["GET"]}}],"collection":[{"href":"http:\/\/euromark.ppmkt.fr\/fr\/wp-json\/wp\/v2\/pages"}],"about":[{"href":"http:\/\/euromark.ppmkt.fr\/fr\/wp-json\/wp\/v2\/types\/page"}],"author":[{"embeddable":true,"href":"http:\/\/euromark.ppmkt.fr\/fr\/wp-json\/wp\/v2\/users\/1"}],"replies":[{"embeddable":true,"href":"http:\/\/euromark.ppmkt.fr\/fr\/wp-json\/wp\/v2\/comments?post=255"}],"version-history":[{"count":28,"href":"http:\/\/euromark.ppmkt.fr\/fr\/wp-json\/wp\/v2\/pages\/255\/revisions"}],"predecessor-version":[{"id":5057,"href":"http:\/\/euromark.ppmkt.fr\/fr\/wp-json\/wp\/v2\/pages\/255\/revisions\/5057"}],"wp:attachment":[{"href":"http:\/\/euromark.ppmkt.fr\/fr\/wp-json\/wp\/v2\/media?parent=255"}],"curies":[{"name":"wp","href":"https:\/\/api.w.org\/{rel}","templated":true}]}}