{"id":257,"date":"2024-04-02T15:13:46","date_gmt":"2024-04-02T13:13:46","guid":{"rendered":"http:\/\/euromark.ppmkt.fr\/?page_id=257"},"modified":"2025-11-03T17:38:06","modified_gmt":"2025-11-03T16:38:06","slug":"charte-de-confidentialite","status":"publish","type":"page","link":"http:\/\/euromark.ppmkt.fr\/fr\/charte-de-confidentialite\/","title":{"rendered":"Charte de confidentialit\u00e9"},"content":{"rendered":"\n<div class=\"wp-block-columns is-layout-flex wp-container-core-columns-is-layout-9d6595d7 wp-block-columns-is-layout-flex\">\n<div class=\"wp-block-column is-layout-flow wp-block-column-is-layout-flow\">\n<p>Le site\u00a0internet <a href=\"http:\/\/www.sar.fr\">www.sar.fr<\/a> (ci-apr\u00e8s le \u00ab\u00a0Site\u00a0\u00bb) tel qu\u2019il a \u00e9t\u00e9 initialement con\u00e7u, n\u2019a pas pour vocation de collecter de donn\u00e9es personnelles sur ses visiteurs. Il se peut toutefois qu\u2019il soit amen\u00e9 \u00e0 le faire de mani\u00e8re accessoire, notamment pour leur adresser une lettre d\u2019informations, pour la r\u00e9alisation d\u2019\u00e9tudes statistiques, pour r\u00e9pondre \u00e0 une candidature ou \u00e0 des questions directement pos\u00e9es par l\u2019Utilisateur.<\/p>\n\n\n\n<div style=\"height:40px\" aria-hidden=\"true\" class=\"wp-block-spacer\"><\/div>\n\n\n\n<h3 class=\"wp-block-heading\">Les donn\u00e9es \u00e0 caract\u00e8re personnel sont collect\u00e9es sur ce Site dans le cadre&nbsp;:<\/h3>\n\n\n\n<ul class=\"wp-block-list\">\n<li>Des formulaires de contact : l\u2019Utilisateur qui souhaite entrer en contact indique ses nom, pr\u00e9nom, adresse \u00e9lectronique professionnelle.<\/li>\n\n\n\n<li>Des coordonn\u00e9es des \u00e9quipes de Euromark : l\u2019Utilisateur peut prendre l\u2019initiative d\u2019entrer directement en contact par t\u00e9l\u00e9phone ou mail.<\/li>\n\n\n\n<li>Du formulaire de candidature en vue d\u2019un recrutement : l\u2019Utilisateur qui souhaite candidater de mani\u00e8re spontan\u00e9e ou en r\u00e9ponse \u00e0 une offre, indique ses nom, pr\u00e9nom, adresse \u00e9lectronique, t\u00e9l\u00e9charge son curriculum vitae et une lettre de motivation.<\/li>\n\n\n\n<li>De la navigation : les cookies permettent de recueillir des renseignements sur la fa\u00e7on dont l\u2019Utilisateur utilise le Site (pour toute pr\u00e9cision, voir dans les CGU).<\/li>\n<\/ul>\n\n\n\n<div style=\"height:40px\" aria-hidden=\"true\" class=\"wp-block-spacer\"><\/div>\n\n\n\n<h3 class=\"wp-block-heading\">Les donn\u00e9es personnelles ainsi collect\u00e9es ont pour objectif :<\/h3>\n\n\n\n<ul class=\"wp-block-list\">\n<li>La mise en \u0153uvre d&rsquo;une assistance utilisateur<\/li>\n\n\n\n<li>La gestion des \u00e9ventuels litiges avec l\u2019Utilisateur<\/li>\n\n\n\n<li>La fourniture du service demand\u00e9 par l\u2019Utilisateur (newsletter, informations)<\/li>\n\n\n\n<li>La gestion des candidatures pour appr\u00e9cier la capacit\u00e9 et les aptitudes professionnelles de l\u2019Utilisateur \u00e0 occuper le poste comprenant l\u2019analyse et la s\u00e9lection des candidatures<\/li>\n\n\n\n<li>Le suivi des statistiques d&rsquo;audience<\/li>\n\n\n\n<li>La gestion du fonctionnement et optimisation du Site.<\/li>\n<\/ul>\n\n\n\n<div style=\"height:40px\" aria-hidden=\"true\" class=\"wp-block-spacer\"><\/div>\n\n\n\n<h3 class=\"wp-block-heading\">Les donn\u00e9es \u00e0 caract\u00e8re personnel seront communiqu\u00e9es par l\u2019\u00e9diteur aux destinataires suivants\u00a0:<\/h3>\n\n\n\n<ul class=\"wp-block-list\">\n<li>Aux agents \/ employ\u00e9s habilit\u00e9s des services centraux et locaux en charge du recrutement, dans le cadre de leurs fonctions et missions, s\u2019agissant du volet recrutement ;<\/li>\n\n\n\n<li>Aux agents\/personnels administratifs, informatiques et commerciaux de Euromark, rattach\u00e9s \u00e0 son \u00e9tablissement principal et \u00e0 ses \u00e9tablissements secondaires dans le cadre du volet commercial<\/li>\n\n\n\n<li>\u00c0 l\u2019h\u00e9bergeur et au prestataire de maintenance, comprenant leurs employ\u00e9s habilit\u00e9s au sein des services comp\u00e9tents.<\/li>\n<\/ul>\n\n\n\n<p>Toute personne amen\u00e9e, \u00e0 cette occasion, \u00e0 prendre connaissance de ces donn\u00e9es sera soumis \u00e0 une obligation de confidentialit\u00e9. Il devra notamment s\u2019interdire d\u2019utiliser pour son propre compte ou encore de communiquer \u00e0 des tiers tout ou partie de ces donn\u00e9es personnelles.<\/p>\n\n\n\n<div style=\"height:40px\" aria-hidden=\"true\" class=\"wp-block-spacer\"><\/div>\n\n\n\n<h3 class=\"wp-block-heading\">Les donn\u00e9es personnelles peuvent \u00eatre partag\u00e9es dans les cas suivants :<\/h3>\n\n\n\n<ul class=\"wp-block-list\">\n<li>Quand l\u2019Utilisateur demande des informations et publicit\u00e9s relatives \u00e0 la soci\u00e9t\u00e9 Euromark<\/li>\n\n\n\n<li>Quand l\u2019Utilisateur postule \u00e0 une offre ou soumet une candidature spontan\u00e9e<\/li>\n\n\n\n<li>Quand le Site recourt aux services de prestataires pour fournir une assistance aux utilisateurs, support technique, maintenance technique<\/li>\n\n\n\n<li>Si la loi l&rsquo;exige, le Site peut effectuer la transmission de donn\u00e9es pour donner suite aux r\u00e9clamations pr\u00e9sent\u00e9es contre le Site et se conformer aux proc\u00e9dures administratives et judiciaires<\/li>\n\n\n\n<li>Si le Site est impliqu\u00e9 dans une op\u00e9ration de fusion, acquisition, cession d&rsquo;actifs ou proc\u00e9dure de redressement judiciaire, le Site pourra \u00eatre amen\u00e9e \u00e0 c\u00e9der ou partager tout ou partie de ses actifs, y compris les donn\u00e9es \u00e0 caract\u00e8re personnel. Dans ce cas, les utilisateurs seraient inform\u00e9s.<\/li>\n<\/ul>\n\n\n\n<p>Les donn\u00e9es collect\u00e9es sont stock\u00e9es en France par l\u2019Editeur ou prestataires de confiance.<\/p>\n\n\n\n<p>Le Site met en \u0153uvre des mesures organisationnelles, techniques, logicielles et physiques en mati\u00e8re de s\u00e9curit\u00e9 du num\u00e9rique pour prot\u00e9ger les donn\u00e9es personnelles contre les alt\u00e9rations, destructions et acc\u00e8s non autoris\u00e9s. Toutefois, il est \u00e0 signaler qu&rsquo;internet n&rsquo;est pas un environnement compl\u00e8tement s\u00e9curis\u00e9 et le Site ne peut pas garantir la s\u00e9curit\u00e9 de la transmission ou du stockage des informations sur internet.<\/p>\n\n\n\n<p>Les donn\u00e9es \u00e0 caract\u00e8re personnel ne sont conserv\u00e9es que le temps strictement n\u00e9cessaire \u00e0 la r\u00e9alisation de la finalit\u00e9 pour laquelle elles sont d\u00e9tenues, afin de r\u00e9pondre aux besoins de l\u2019Utilisateur ou pour remplir les obligations l\u00e9gales.<\/p>\n\n\n\n<div style=\"height:40px\" aria-hidden=\"true\" class=\"wp-block-spacer\"><\/div>\n\n\n\n<h3 class=\"wp-block-heading\">Pour \u00e9tablir la dur\u00e9e de conservation de vos donn\u00e9es, sont appliqu\u00e9s les crit\u00e8res suivants :<\/h3>\n\n\n\n<ul class=\"wp-block-list\">\n<li>S\u2019agissant des cookies, les donn\u00e9es sont conserv\u00e9es uniquement le temps n\u00e9cessaire pour atteindre leur finalit\u00e9 (pendant la dur\u00e9e d\u2019une session pour les cookies de session) et pour toute p\u00e9riode d\u00e9finie conform\u00e9ment aux r\u00e9glementations<\/li>\n\n\n\n<li>En cas de contact par l\u2019Utilisateur, les donn\u00e9es sont conserv\u00e9es pendant la dur\u00e9e n\u00e9cessaire au traitement de la demande.<\/li>\n\n\n\n<li>En mati\u00e8re de recrutement, elles sont conserv\u00e9es pendant une dur\u00e9e de deux ann\u00e9es.<\/li>\n\n\n\n<li>Certaines donn\u00e9es sont susceptibles d\u2019\u00eatre conserv\u00e9es afin de remplir nos obligations l\u00e9gales ou r\u00e9glementaires, et afin de nous permettre d\u2019exercer nos droits ou \u00e0 des fins statistiques ou historiques.<\/li>\n<\/ul>\n\n\n\n<p>Lorsque la dur\u00e9e de conservation a expir\u00e9, les donn\u00e9es personnelles sont effac\u00e9es des syst\u00e8mes et fichiers ou le documents anonymis\u00e9s afin qu\u2019ils ne permettent plus de vous identifier.<\/p>\n\n\n\n<p>L\u2019Utilisateur dispose d\u2019un droit d\u2019acc\u00e8s, de rectification, de portabilit\u00e9 et d\u2019effacement de ses donn\u00e9es, de limitation du traitement ou d\u2019opposition au traitement de ses donn\u00e9es pour des motifs l\u00e9gitimes.<\/p>\n\n\n\n<p>L\u2019utilisateur peut exercer ses droits ou poser toute question sur le traitement de ses donn\u00e9es en adressant un courriel \u00e0 l\u2019adresse suivante : <a href=\"mailto:rgpd-route-reseaux@vinci-construction.com\">rgpd-route-reseaux@vinci-construction.com<\/a>.<\/p>\n\n\n\n<p>Si l\u2019Utilisateur estime, apr\u00e8s nous avoir contact\u00e9 \u00e0 l\u2019adresse susvis\u00e9e, que ses droits ne sont pas respect\u00e9s, il pourra adresser une r\u00e9clamation \u00e0 la CNIL. Le Site se r\u00e9serve le droit d&rsquo;apporter toute modification \u00e0 la pr\u00e9sente clause relative \u00e0 la protection des donn\u00e9es \u00e0 caract\u00e8re personnel \u00e0 tout moment. Dans ce cas, la nouvelle version devra \u00eatre publi\u00e9e sur le Site.<\/p>\n<\/div>\n<\/div>\n","protected":false},"excerpt":{"rendered":"<p>Le site\u00a0internet www.sar.fr (ci-apr\u00e8s le \u00ab\u00a0Site\u00a0\u00bb) tel qu\u2019il a \u00e9t\u00e9 initialement con\u00e7u, n\u2019a pas pour vocation de collecter de donn\u00e9es&#8230;<\/p>\n","protected":false},"author":1,"featured_media":0,"parent":0,"menu_order":40,"comment_status":"closed","ping_status":"closed","template":"","meta":{"_acf_changed":false,"footnotes":""},"class_list":["post-257","page","type-page","status-publish","hentry"],"acf":[],"yoast_head":"<!-- This site is optimized with the Yoast SEO plugin v27.5 - https:\/\/yoast.com\/product\/yoast-seo-wordpress\/ -->\n<title>Charte de confidentialit\u00e9 - Euromark<\/title>\n<meta name=\"robots\" content=\"index, follow, max-snippet:-1, max-image-preview:large, max-video-preview:-1\" \/>\n<link rel=\"canonical\" href=\"http:\/\/euromark.ppmkt.fr\/fr\/charte-de-confidentialite\/\" \/>\n<meta property=\"og:locale\" content=\"fr_FR\" \/>\n<meta property=\"og:type\" content=\"article\" \/>\n<meta property=\"og:title\" content=\"Charte de confidentialit\u00e9 - Euromark\" \/>\n<meta property=\"og:description\" content=\"Le site\u00a0internet www.sar.fr (ci-apr\u00e8s le \u00ab\u00a0Site\u00a0\u00bb) tel qu\u2019il a \u00e9t\u00e9 initialement con\u00e7u, n\u2019a pas pour vocation de collecter de donn\u00e9es...\" \/>\n<meta property=\"og:url\" content=\"http:\/\/euromark.ppmkt.fr\/fr\/charte-de-confidentialite\/\" \/>\n<meta property=\"og:site_name\" content=\"Euromark\" \/>\n<meta property=\"article:modified_time\" content=\"2025-11-03T16:38:06+00:00\" \/>\n<meta name=\"twitter:card\" content=\"summary_large_image\" \/>\n<meta name=\"twitter:label1\" content=\"Dur\u00e9e de lecture estim\u00e9e\" \/>\n\t<meta name=\"twitter:data1\" content=\"5 minutes\" \/>\n<script type=\"application\/ld+json\" class=\"yoast-schema-graph\">{\"@context\":\"https:\\\/\\\/schema.org\",\"@graph\":[{\"@type\":\"WebPage\",\"@id\":\"http:\\\/\\\/euromark.ppmkt.fr\\\/fr\\\/charte-de-confidentialite\\\/\",\"url\":\"http:\\\/\\\/euromark.ppmkt.fr\\\/fr\\\/charte-de-confidentialite\\\/\",\"name\":\"Charte de confidentialit\u00e9 - Euromark\",\"isPartOf\":{\"@id\":\"http:\\\/\\\/euromark.ppmkt.fr\\\/fr\\\/#website\"},\"datePublished\":\"2024-04-02T13:13:46+00:00\",\"dateModified\":\"2025-11-03T16:38:06+00:00\",\"breadcrumb\":{\"@id\":\"http:\\\/\\\/euromark.ppmkt.fr\\\/fr\\\/charte-de-confidentialite\\\/#breadcrumb\"},\"inLanguage\":\"fr-FR\",\"potentialAction\":[{\"@type\":\"ReadAction\",\"target\":[\"http:\\\/\\\/euromark.ppmkt.fr\\\/fr\\\/charte-de-confidentialite\\\/\"]}]},{\"@type\":\"BreadcrumbList\",\"@id\":\"http:\\\/\\\/euromark.ppmkt.fr\\\/fr\\\/charte-de-confidentialite\\\/#breadcrumb\",\"itemListElement\":[{\"@type\":\"ListItem\",\"position\":1,\"name\":\"Accueil\",\"item\":\"http:\\\/\\\/euromark.ppmkt.fr\\\/fr\\\/\"},{\"@type\":\"ListItem\",\"position\":2,\"name\":\"Charte de confidentialit\u00e9\"}]},{\"@type\":\"WebSite\",\"@id\":\"http:\\\/\\\/euromark.ppmkt.fr\\\/fr\\\/#website\",\"url\":\"http:\\\/\\\/euromark.ppmkt.fr\\\/fr\\\/\",\"name\":\"Sar\",\"description\":\"\",\"publisher\":{\"@id\":\"http:\\\/\\\/euromark.ppmkt.fr\\\/fr\\\/#organization\"},\"potentialAction\":[{\"@type\":\"SearchAction\",\"target\":{\"@type\":\"EntryPoint\",\"urlTemplate\":\"http:\\\/\\\/euromark.ppmkt.fr\\\/fr\\\/?s={search_term_string}\"},\"query-input\":{\"@type\":\"PropertyValueSpecification\",\"valueRequired\":true,\"valueName\":\"search_term_string\"}}],\"inLanguage\":\"fr-FR\"},{\"@type\":\"Organization\",\"@id\":\"http:\\\/\\\/euromark.ppmkt.fr\\\/fr\\\/#organization\",\"name\":\"Sar\",\"url\":\"http:\\\/\\\/euromark.ppmkt.fr\\\/fr\\\/\",\"logo\":{\"@type\":\"ImageObject\",\"inLanguage\":\"fr-FR\",\"@id\":\"http:\\\/\\\/euromark.ppmkt.fr\\\/fr\\\/#\\\/schema\\\/logo\\\/image\\\/\",\"url\":\"\",\"contentUrl\":\"\",\"caption\":\"Sar\"},\"image\":{\"@id\":\"http:\\\/\\\/euromark.ppmkt.fr\\\/fr\\\/#\\\/schema\\\/logo\\\/image\\\/\"}}]}<\/script>\n<!-- \/ Yoast SEO plugin. -->","yoast_head_json":{"title":"Charte de confidentialit\u00e9 - Euromark","robots":{"index":"index","follow":"follow","max-snippet":"max-snippet:-1","max-image-preview":"max-image-preview:large","max-video-preview":"max-video-preview:-1"},"canonical":"http:\/\/euromark.ppmkt.fr\/fr\/charte-de-confidentialite\/","og_locale":"fr_FR","og_type":"article","og_title":"Charte de confidentialit\u00e9 - Euromark","og_description":"Le site\u00a0internet www.sar.fr (ci-apr\u00e8s le \u00ab\u00a0Site\u00a0\u00bb) tel qu\u2019il a \u00e9t\u00e9 initialement con\u00e7u, n\u2019a pas pour vocation de collecter de donn\u00e9es...","og_url":"http:\/\/euromark.ppmkt.fr\/fr\/charte-de-confidentialite\/","og_site_name":"Euromark","article_modified_time":"2025-11-03T16:38:06+00:00","twitter_card":"summary_large_image","twitter_misc":{"Dur\u00e9e de lecture estim\u00e9e":"5 minutes"},"schema":{"@context":"https:\/\/schema.org","@graph":[{"@type":"WebPage","@id":"http:\/\/euromark.ppmkt.fr\/fr\/charte-de-confidentialite\/","url":"http:\/\/euromark.ppmkt.fr\/fr\/charte-de-confidentialite\/","name":"Charte de confidentialit\u00e9 - Euromark","isPartOf":{"@id":"http:\/\/euromark.ppmkt.fr\/fr\/#website"},"datePublished":"2024-04-02T13:13:46+00:00","dateModified":"2025-11-03T16:38:06+00:00","breadcrumb":{"@id":"http:\/\/euromark.ppmkt.fr\/fr\/charte-de-confidentialite\/#breadcrumb"},"inLanguage":"fr-FR","potentialAction":[{"@type":"ReadAction","target":["http:\/\/euromark.ppmkt.fr\/fr\/charte-de-confidentialite\/"]}]},{"@type":"BreadcrumbList","@id":"http:\/\/euromark.ppmkt.fr\/fr\/charte-de-confidentialite\/#breadcrumb","itemListElement":[{"@type":"ListItem","position":1,"name":"Accueil","item":"http:\/\/euromark.ppmkt.fr\/fr\/"},{"@type":"ListItem","position":2,"name":"Charte de confidentialit\u00e9"}]},{"@type":"WebSite","@id":"http:\/\/euromark.ppmkt.fr\/fr\/#website","url":"http:\/\/euromark.ppmkt.fr\/fr\/","name":"Sar","description":"","publisher":{"@id":"http:\/\/euromark.ppmkt.fr\/fr\/#organization"},"potentialAction":[{"@type":"SearchAction","target":{"@type":"EntryPoint","urlTemplate":"http:\/\/euromark.ppmkt.fr\/fr\/?s={search_term_string}"},"query-input":{"@type":"PropertyValueSpecification","valueRequired":true,"valueName":"search_term_string"}}],"inLanguage":"fr-FR"},{"@type":"Organization","@id":"http:\/\/euromark.ppmkt.fr\/fr\/#organization","name":"Sar","url":"http:\/\/euromark.ppmkt.fr\/fr\/","logo":{"@type":"ImageObject","inLanguage":"fr-FR","@id":"http:\/\/euromark.ppmkt.fr\/fr\/#\/schema\/logo\/image\/","url":"","contentUrl":"","caption":"Sar"},"image":{"@id":"http:\/\/euromark.ppmkt.fr\/fr\/#\/schema\/logo\/image\/"}}]}},"_links":{"self":[{"href":"http:\/\/euromark.ppmkt.fr\/fr\/wp-json\/wp\/v2\/pages\/257","targetHints":{"allow":["GET"]}}],"collection":[{"href":"http:\/\/euromark.ppmkt.fr\/fr\/wp-json\/wp\/v2\/pages"}],"about":[{"href":"http:\/\/euromark.ppmkt.fr\/fr\/wp-json\/wp\/v2\/types\/page"}],"author":[{"embeddable":true,"href":"http:\/\/euromark.ppmkt.fr\/fr\/wp-json\/wp\/v2\/users\/1"}],"replies":[{"embeddable":true,"href":"http:\/\/euromark.ppmkt.fr\/fr\/wp-json\/wp\/v2\/comments?post=257"}],"version-history":[{"count":17,"href":"http:\/\/euromark.ppmkt.fr\/fr\/wp-json\/wp\/v2\/pages\/257\/revisions"}],"predecessor-version":[{"id":5065,"href":"http:\/\/euromark.ppmkt.fr\/fr\/wp-json\/wp\/v2\/pages\/257\/revisions\/5065"}],"wp:attachment":[{"href":"http:\/\/euromark.ppmkt.fr\/fr\/wp-json\/wp\/v2\/media?parent=257"}],"curies":[{"name":"wp","href":"https:\/\/api.w.org\/{rel}","templated":true}]}}