{"id":3254,"date":"2025-07-09T15:06:45","date_gmt":"2025-07-09T13:06:45","guid":{"rendered":"http:\/\/euromark.ppmkt.fr\/?page_id=3254"},"modified":"2025-10-22T10:53:05","modified_gmt":"2025-10-22T08:53:05","slug":"conseils-d-application","status":"publish","type":"page","link":"http:\/\/euromark.ppmkt.fr\/fr\/documentation\/conseils-d-application\/","title":{"rendered":"Conseils d&rsquo;application"},"content":{"rendered":"\n<p>Vous trouverez ici nos conseils d&rsquo;application personnalis\u00e9s pour tous nos types de produits.<\/p>\n\n\n\n<p>Vous pouvez t\u00e9l\u00e9charger nos fiches regroupant les bonnes pratiques dans chaque rubrique.<\/p>\n\n\n\n<div class=\"wp-block-columns is-layout-flex wp-container-core-columns-is-layout-9d6595d7 wp-block-columns-is-layout-flex\">\n<div class=\"wp-block-column is-layout-flow wp-block-column-is-layout-flow\"><div class=\"bloc-link\">\n    <a href=\"http:\/\/euromark.ppmkt.fr\/wp-content\/uploads\/2025\/09\/Fiche-application-BAO-BEV.pdf\" target=\"_blank\" style=\"text-decoration-color: #ffffff !important;\">\n        <div class=\"call-to-action\" style=\"background-color: #014189;\">\n            <div class=\"content\">\n                <i class=\"picto wow fadeInLeft\" style=\"background-image: url(http:\/\/euromark.ppmkt.fr\/wp-content\/uploads\/2025\/05\/Plaque-Publicitaire-250x250.png)\"><\/i>\n                <span class=\"wow fadeInDown\" style=\"color: #ffffff !important;\">\n                    <p>Fiche application BAO BEV<\/p>\n                <\/span>\n            <\/div>\n        <\/div>\n    <\/a>\n<\/div>\n\n<div class=\"bloc-link\">\n    <a href=\"http:\/\/euromark.ppmkt.fr\/wp-content\/uploads\/2025\/09\/Fiche-application-EAC.pdf\" target=\"_blank\" style=\"text-decoration-color: #ffffff !important;\">\n        <div class=\"call-to-action\" style=\"background-color: #014189;\">\n            <div class=\"content\">\n                <i class=\"picto wow fadeInLeft\" style=\"background-image: url(http:\/\/euromark.ppmkt.fr\/wp-content\/uploads\/2025\/05\/Plaque-Publicitaire-250x250.png)\"><\/i>\n                <span class=\"wow fadeInDown\" style=\"color: #ffffff !important;\">\n                    <p>Fiche application EAC<\/p>\n                <\/span>\n            <\/div>\n        <\/div>\n    <\/a>\n<\/div>\n\n<div class=\"bloc-link\">\n    <a href=\"http:\/\/euromark.ppmkt.fr\/wp-content\/uploads\/2025\/09\/Fiche-application-injection.pdf\" target=\"_blank\" style=\"text-decoration-color: #ffffff !important;\">\n        <div class=\"call-to-action\" style=\"background-color: #014189;\">\n            <div class=\"content\">\n                <i class=\"picto wow fadeInLeft\" style=\"background-image: url(http:\/\/euromark.ppmkt.fr\/wp-content\/uploads\/2025\/05\/Plaque-Publicitaire-250x250.png)\"><\/i>\n                <span class=\"wow fadeInDown\" style=\"color: #ffffff !important;\">\n                    <p>Fiche application injection<\/p>\n                <\/span>\n            <\/div>\n        <\/div>\n    <\/a>\n<\/div>\n\n<div class=\"bloc-link\">\n    <a href=\"http:\/\/euromark.ppmkt.fr\/wp-content\/uploads\/2025\/09\/Fiche-application-PR2K.pdf\" target=\"_blank\" style=\"text-decoration-color: #ffffff !important;\">\n        <div class=\"call-to-action\" style=\"background-color: #014189;\">\n            <div class=\"content\">\n                <i class=\"picto wow fadeInLeft\" style=\"background-image: url(http:\/\/euromark.ppmkt.fr\/wp-content\/uploads\/2025\/05\/Plaque-Publicitaire-250x250.png)\"><\/i>\n                <span class=\"wow fadeInDown\" style=\"color: #ffffff !important;\">\n                    <p>Fiche application PR2K<\/p>\n                <\/span>\n            <\/div>\n        <\/div>\n    <\/a>\n<\/div>\n\n<div class=\"bloc-link\">\n    <a href=\"http:\/\/euromark.ppmkt.fr\/wp-content\/uploads\/2025\/09\/Fiche-application-PS.pdf\" target=\"_blank\" style=\"text-decoration-color: #ffffff !important;\">\n        <div class=\"call-to-action\" style=\"background-color: #014189;\">\n            <div class=\"content\">\n                <i class=\"picto wow fadeInLeft\" style=\"background-image: url(http:\/\/euromark.ppmkt.fr\/wp-content\/uploads\/2025\/05\/Plaque-Publicitaire-250x250.png)\"><\/i>\n                <span class=\"wow fadeInDown\" style=\"color: #ffffff !important;\">\n                    <p>Fiche application PS<\/p>\n                <\/span>\n            <\/div>\n        <\/div>\n    <\/a>\n<\/div><\/div>\n\n\n\n<div class=\"wp-block-column is-layout-flow wp-block-column-is-layout-flow\"><div class=\"bloc-link\">\n    <a href=\"http:\/\/euromark.ppmkt.fr\/wp-content\/uploads\/2025\/09\/Fiche-application-EA.pdf\" target=\"_blank\" style=\"text-decoration-color: #ffffff !important;\">\n        <div class=\"call-to-action\" style=\"background-color: #014189;\">\n            <div class=\"content\">\n                <i class=\"picto wow fadeInLeft\" style=\"background-image: url(http:\/\/euromark.ppmkt.fr\/wp-content\/uploads\/2025\/05\/Plaque-Publicitaire-250x250.png)\"><\/i>\n                <span class=\"wow fadeInDown\" style=\"color: #ffffff !important;\">\n                    <p>Fiche application EA<\/p>\n                <\/span>\n            <\/div>\n        <\/div>\n    <\/a>\n<\/div>\n\n<div class=\"bloc-link\">\n    <a href=\"http:\/\/euromark.ppmkt.fr\/wp-content\/uploads\/2025\/09\/Fiche-application-EAF-a-leau.pdf\" target=\"_blank\" style=\"text-decoration-color: #ffffff !important;\">\n        <div class=\"call-to-action\" style=\"background-color: #014189;\">\n            <div class=\"content\">\n                <i class=\"picto wow fadeInLeft\" style=\"background-image: url(http:\/\/euromark.ppmkt.fr\/wp-content\/uploads\/2025\/05\/Plaque-Publicitaire-250x250.png)\"><\/i>\n                <span class=\"wow fadeInDown\" style=\"color: #ffffff !important;\">\n                    <p>Fiche application EAF a\u0300 leau<\/p>\n                <\/span>\n            <\/div>\n        <\/div>\n    <\/a>\n<\/div>\n\n<div class=\"bloc-link\">\n    <a href=\"http:\/\/euromark.ppmkt.fr\/wp-content\/uploads\/2025\/09\/Fiche-application-PAE.pdf\" target=\"_blank\" style=\"text-decoration-color: #ffffff !important;\">\n        <div class=\"call-to-action\" style=\"background-color: #014189;\">\n            <div class=\"content\">\n                <i class=\"picto wow fadeInLeft\" style=\"background-image: url(http:\/\/euromark.ppmkt.fr\/wp-content\/uploads\/2025\/05\/Plaque-Publicitaire-250x250.png)\"><\/i>\n                <span class=\"wow fadeInDown\" style=\"color: #ffffff !important;\">\n                    <p>Fiche application PAE<\/p>\n                <\/span>\n            <\/div>\n        <\/div>\n    <\/a>\n<\/div>\n\n<div class=\"bloc-link\">\n    <a href=\"http:\/\/euromark.ppmkt.fr\/wp-content\/uploads\/2025\/09\/Fiche-application-primaire-daccrochage.pdf\" target=\"_blank\" style=\"text-decoration-color: #ffffff !important;\">\n        <div class=\"call-to-action\" style=\"background-color: #014189;\">\n            <div class=\"content\">\n                <i class=\"picto wow fadeInLeft\" style=\"background-image: url(http:\/\/euromark.ppmkt.fr\/wp-content\/uploads\/2025\/05\/Plaque-Publicitaire-250x250.png)\"><\/i>\n                <span class=\"wow fadeInDown\" style=\"color: #ffffff !important;\">\n                    <p>Fiche application primaire d&rsquo;accrochage<\/p>\n                <\/span>\n            <\/div>\n        <\/div>\n    <\/a>\n<\/div>\n\n<div class=\"bloc-link\">\n    <a href=\"http:\/\/euromark.ppmkt.fr\/wp-content\/uploads\/2025\/09\/Fiche-application-peinture-a-leau.pdf\" target=\"_blank\" style=\"text-decoration-color: #ffffff !important;\">\n        <div class=\"call-to-action\" style=\"background-color: #014189;\">\n            <div class=\"content\">\n                <i class=\"picto wow fadeInLeft\" style=\"background-image: url(http:\/\/euromark.ppmkt.fr\/wp-content\/uploads\/2025\/05\/Plaque-Publicitaire-250x250.png)\"><\/i>\n                <span class=\"wow fadeInDown\" style=\"color: #ffffff !important;\">\n                    <p>Fiche application peinture \u00e0 l&rsquo;eau<\/p>\n                <\/span>\n            <\/div>\n        <\/div>\n    <\/a>\n<\/div><\/div>\n<\/div>\n\n\n\n<div style=\"height:40px\" aria-hidden=\"true\" class=\"wp-block-spacer\"><\/div>\n\n\n\n<div class=\"wp-block-buttons is-content-justification-center is-layout-flex wp-container-core-buttons-is-layout-16018d1d wp-block-buttons-is-layout-flex\">\n<div class=\"wp-block-button btn-red\"><a class=\"wp-block-button__link wp-element-button\" href=\"http:\/\/euromark.ppmkt.fr\/notre-documentation\/\">Revenir vers toutes les documentations<\/a><\/div>\n<\/div>\n","protected":false},"excerpt":{"rendered":"<p>Vous trouverez ici nos conseils d&rsquo;application personnalis\u00e9s pour tous nos types de produits. Vous pouvez t\u00e9l\u00e9charger nos fiches regroupant les&#8230;<\/p>\n","protected":false},"author":1,"featured_media":0,"parent":3200,"menu_order":22,"comment_status":"closed","ping_status":"closed","template":"tpl-telechargement.php","meta":{"_acf_changed":false,"footnotes":""},"class_list":["post-3254","page","type-page","status-publish","hentry"],"acf":[],"yoast_head":"<!-- This site is optimized with the Yoast SEO plugin v27.5 - https:\/\/yoast.com\/product\/yoast-seo-wordpress\/ -->\n<title>Conseils d&#039;application - Euromark<\/title>\n<meta name=\"robots\" content=\"index, follow, max-snippet:-1, max-image-preview:large, max-video-preview:-1\" \/>\n<link rel=\"canonical\" href=\"http:\/\/euromark.ppmkt.fr\/fr\/documentation\/conseils-d-application\/\" \/>\n<meta property=\"og:locale\" content=\"fr_FR\" \/>\n<meta property=\"og:type\" content=\"article\" \/>\n<meta property=\"og:title\" content=\"Conseils d&#039;application - Euromark\" \/>\n<meta property=\"og:description\" content=\"Vous trouverez ici nos conseils d&rsquo;application personnalis\u00e9s pour tous nos types de produits. Vous pouvez t\u00e9l\u00e9charger nos fiches regroupant les...\" \/>\n<meta property=\"og:url\" content=\"http:\/\/euromark.ppmkt.fr\/fr\/documentation\/conseils-d-application\/\" \/>\n<meta property=\"og:site_name\" content=\"Euromark\" \/>\n<meta property=\"article:modified_time\" content=\"2025-10-22T08:53:05+00:00\" \/>\n<meta name=\"twitter:card\" content=\"summary_large_image\" \/>\n<meta name=\"twitter:label1\" content=\"Dur\u00e9e de lecture estim\u00e9e\" \/>\n\t<meta name=\"twitter:data1\" content=\"1 minute\" \/>\n<script type=\"application\/ld+json\" class=\"yoast-schema-graph\">{\"@context\":\"https:\\\/\\\/schema.org\",\"@graph\":[{\"@type\":\"WebPage\",\"@id\":\"http:\\\/\\\/euromark.ppmkt.fr\\\/fr\\\/documentation\\\/conseils-d-application\\\/\",\"url\":\"http:\\\/\\\/euromark.ppmkt.fr\\\/fr\\\/documentation\\\/conseils-d-application\\\/\",\"name\":\"Conseils d'application - Euromark\",\"isPartOf\":{\"@id\":\"http:\\\/\\\/euromark.ppmkt.fr\\\/fr\\\/#website\"},\"datePublished\":\"2025-07-09T13:06:45+00:00\",\"dateModified\":\"2025-10-22T08:53:05+00:00\",\"breadcrumb\":{\"@id\":\"http:\\\/\\\/euromark.ppmkt.fr\\\/fr\\\/documentation\\\/conseils-d-application\\\/#breadcrumb\"},\"inLanguage\":\"fr-FR\",\"potentialAction\":[{\"@type\":\"ReadAction\",\"target\":[\"http:\\\/\\\/euromark.ppmkt.fr\\\/fr\\\/documentation\\\/conseils-d-application\\\/\"]}]},{\"@type\":\"BreadcrumbList\",\"@id\":\"http:\\\/\\\/euromark.ppmkt.fr\\\/fr\\\/documentation\\\/conseils-d-application\\\/#breadcrumb\",\"itemListElement\":[{\"@type\":\"ListItem\",\"position\":1,\"name\":\"Accueil\",\"item\":\"http:\\\/\\\/euromark.ppmkt.fr\\\/fr\\\/\"},{\"@type\":\"ListItem\",\"position\":2,\"name\":\"Notre documentation\",\"item\":\"http:\\\/\\\/euromark.ppmkt.fr\\\/fr\\\/documentation\\\/\"},{\"@type\":\"ListItem\",\"position\":3,\"name\":\"Conseils d&rsquo;application\"}]},{\"@type\":\"WebSite\",\"@id\":\"http:\\\/\\\/euromark.ppmkt.fr\\\/fr\\\/#website\",\"url\":\"http:\\\/\\\/euromark.ppmkt.fr\\\/fr\\\/\",\"name\":\"Sar\",\"description\":\"\",\"publisher\":{\"@id\":\"http:\\\/\\\/euromark.ppmkt.fr\\\/fr\\\/#organization\"},\"potentialAction\":[{\"@type\":\"SearchAction\",\"target\":{\"@type\":\"EntryPoint\",\"urlTemplate\":\"http:\\\/\\\/euromark.ppmkt.fr\\\/fr\\\/?s={search_term_string}\"},\"query-input\":{\"@type\":\"PropertyValueSpecification\",\"valueRequired\":true,\"valueName\":\"search_term_string\"}}],\"inLanguage\":\"fr-FR\"},{\"@type\":\"Organization\",\"@id\":\"http:\\\/\\\/euromark.ppmkt.fr\\\/fr\\\/#organization\",\"name\":\"Sar\",\"url\":\"http:\\\/\\\/euromark.ppmkt.fr\\\/fr\\\/\",\"logo\":{\"@type\":\"ImageObject\",\"inLanguage\":\"fr-FR\",\"@id\":\"http:\\\/\\\/euromark.ppmkt.fr\\\/fr\\\/#\\\/schema\\\/logo\\\/image\\\/\",\"url\":\"\",\"contentUrl\":\"\",\"caption\":\"Sar\"},\"image\":{\"@id\":\"http:\\\/\\\/euromark.ppmkt.fr\\\/fr\\\/#\\\/schema\\\/logo\\\/image\\\/\"}}]}<\/script>\n<!-- \/ Yoast SEO plugin. -->","yoast_head_json":{"title":"Conseils d'application - Euromark","robots":{"index":"index","follow":"follow","max-snippet":"max-snippet:-1","max-image-preview":"max-image-preview:large","max-video-preview":"max-video-preview:-1"},"canonical":"http:\/\/euromark.ppmkt.fr\/fr\/documentation\/conseils-d-application\/","og_locale":"fr_FR","og_type":"article","og_title":"Conseils d'application - Euromark","og_description":"Vous trouverez ici nos conseils d&rsquo;application personnalis\u00e9s pour tous nos types de produits. Vous pouvez t\u00e9l\u00e9charger nos fiches regroupant les...","og_url":"http:\/\/euromark.ppmkt.fr\/fr\/documentation\/conseils-d-application\/","og_site_name":"Euromark","article_modified_time":"2025-10-22T08:53:05+00:00","twitter_card":"summary_large_image","twitter_misc":{"Dur\u00e9e de lecture estim\u00e9e":"1 minute"},"schema":{"@context":"https:\/\/schema.org","@graph":[{"@type":"WebPage","@id":"http:\/\/euromark.ppmkt.fr\/fr\/documentation\/conseils-d-application\/","url":"http:\/\/euromark.ppmkt.fr\/fr\/documentation\/conseils-d-application\/","name":"Conseils d'application - Euromark","isPartOf":{"@id":"http:\/\/euromark.ppmkt.fr\/fr\/#website"},"datePublished":"2025-07-09T13:06:45+00:00","dateModified":"2025-10-22T08:53:05+00:00","breadcrumb":{"@id":"http:\/\/euromark.ppmkt.fr\/fr\/documentation\/conseils-d-application\/#breadcrumb"},"inLanguage":"fr-FR","potentialAction":[{"@type":"ReadAction","target":["http:\/\/euromark.ppmkt.fr\/fr\/documentation\/conseils-d-application\/"]}]},{"@type":"BreadcrumbList","@id":"http:\/\/euromark.ppmkt.fr\/fr\/documentation\/conseils-d-application\/#breadcrumb","itemListElement":[{"@type":"ListItem","position":1,"name":"Accueil","item":"http:\/\/euromark.ppmkt.fr\/fr\/"},{"@type":"ListItem","position":2,"name":"Notre documentation","item":"http:\/\/euromark.ppmkt.fr\/fr\/documentation\/"},{"@type":"ListItem","position":3,"name":"Conseils d&rsquo;application"}]},{"@type":"WebSite","@id":"http:\/\/euromark.ppmkt.fr\/fr\/#website","url":"http:\/\/euromark.ppmkt.fr\/fr\/","name":"Sar","description":"","publisher":{"@id":"http:\/\/euromark.ppmkt.fr\/fr\/#organization"},"potentialAction":[{"@type":"SearchAction","target":{"@type":"EntryPoint","urlTemplate":"http:\/\/euromark.ppmkt.fr\/fr\/?s={search_term_string}"},"query-input":{"@type":"PropertyValueSpecification","valueRequired":true,"valueName":"search_term_string"}}],"inLanguage":"fr-FR"},{"@type":"Organization","@id":"http:\/\/euromark.ppmkt.fr\/fr\/#organization","name":"Sar","url":"http:\/\/euromark.ppmkt.fr\/fr\/","logo":{"@type":"ImageObject","inLanguage":"fr-FR","@id":"http:\/\/euromark.ppmkt.fr\/fr\/#\/schema\/logo\/image\/","url":"","contentUrl":"","caption":"Sar"},"image":{"@id":"http:\/\/euromark.ppmkt.fr\/fr\/#\/schema\/logo\/image\/"}}]}},"_links":{"self":[{"href":"http:\/\/euromark.ppmkt.fr\/fr\/wp-json\/wp\/v2\/pages\/3254","targetHints":{"allow":["GET"]}}],"collection":[{"href":"http:\/\/euromark.ppmkt.fr\/fr\/wp-json\/wp\/v2\/pages"}],"about":[{"href":"http:\/\/euromark.ppmkt.fr\/fr\/wp-json\/wp\/v2\/types\/page"}],"author":[{"embeddable":true,"href":"http:\/\/euromark.ppmkt.fr\/fr\/wp-json\/wp\/v2\/users\/1"}],"replies":[{"embeddable":true,"href":"http:\/\/euromark.ppmkt.fr\/fr\/wp-json\/wp\/v2\/comments?post=3254"}],"version-history":[{"count":16,"href":"http:\/\/euromark.ppmkt.fr\/fr\/wp-json\/wp\/v2\/pages\/3254\/revisions"}],"predecessor-version":[{"id":4527,"href":"http:\/\/euromark.ppmkt.fr\/fr\/wp-json\/wp\/v2\/pages\/3254\/revisions\/4527"}],"up":[{"embeddable":true,"href":"http:\/\/euromark.ppmkt.fr\/fr\/wp-json\/wp\/v2\/pages\/3200"}],"wp:attachment":[{"href":"http:\/\/euromark.ppmkt.fr\/fr\/wp-json\/wp\/v2\/media?parent=3254"}],"curies":[{"name":"wp","href":"https:\/\/api.w.org\/{rel}","templated":true}]}}