{"id":3401,"date":"2025-09-09T13:58:55","date_gmt":"2025-09-09T11:58:55","guid":{"rendered":"http:\/\/euromark.ppmkt.fr\/?page_id=3401"},"modified":"2025-12-03T09:32:55","modified_gmt":"2025-12-03T08:32:55","slug":"nos-formations","status":"publish","type":"page","link":"http:\/\/euromark.ppmkt.fr\/fr\/nos-expertises\/nos-formations\/","title":{"rendered":"Nos formations"},"content":{"rendered":"\n<h2 class=\"wp-block-heading\">FORMATION MARQUAGE URBAIN ET ROUTIER<\/h2>\n\n\n\n<div class=\"wp-block-columns are-vertically-aligned-center is-layout-flex wp-container-core-columns-is-layout-9d6595d7 wp-block-columns-is-layout-flex\">\n<div class=\"wp-block-column is-vertically-aligned-center is-layout-flow wp-block-column-is-layout-flow\" style=\"flex-basis:66.66%\">\n<p>Euromark, reconnue comme organisme de formation, est certifi\u00e9e <strong>QUALIOPI N\u00b02023\/106829.1.<\/strong><\/p>\n<\/div>\n\n\n\n<div class=\"wp-block-column is-vertically-aligned-center is-layout-flow wp-block-column-is-layout-flow\" style=\"flex-basis:33.33%\">\n<figure class=\"wp-block-image size-full\"><img loading=\"lazy\" decoding=\"async\" width=\"1080\" height=\"273\" src=\"http:\/\/euromark.ppmkt.fr\/wp-content\/uploads\/2025\/12\/formasar-122x1221-1.jpg\" alt=\"logo formasar\" class=\"wp-image-5931\" srcset=\"http:\/\/euromark.ppmkt.fr\/wp-content\/uploads\/2025\/12\/formasar-122x1221-1.jpg 1080w, http:\/\/euromark.ppmkt.fr\/wp-content\/uploads\/2025\/12\/formasar-122x1221-1-250x63.jpg 250w, http:\/\/euromark.ppmkt.fr\/wp-content\/uploads\/2025\/12\/formasar-122x1221-1-800x202.jpg 800w\" sizes=\"auto, (max-width: 1080px) 100vw, 1080px\" \/><\/figure>\n<\/div>\n<\/div>\n\n\n\n<p>Avec ce label, gage de qualit\u00e9, nous proposons \u00e0 nos clients des sessions de formation ayant trait aux produits de marquage et \u00e0 leur application. Les formateurs sont salari\u00e9s de Euromark et disposent d&rsquo;une grande exp\u00e9rience dans la chimie des produits, la r\u00e8glementation en vigueur, la certification des produits et leur application dans les diff\u00e9rentes techniques de marquage. Nos modules de formation couvrent l\u2019ensemble des domaines li\u00e9s aux produits de marquage routiers et re\u00e7oivent chaque ann\u00e9e de nombreux applicateurs de conseils d\u00e9partementaux, de services techniques des mairies ou de soci\u00e9t\u00e9s de marquage.<\/p>\n\n\n\n<div class=\"wp-block-columns is-layout-flex wp-container-core-columns-is-layout-9d6595d7 wp-block-columns-is-layout-flex\">\n<div class=\"wp-block-column is-layout-flow wp-block-column-is-layout-flow\" style=\"flex-basis:66.66%\">\n<p>Notre exp\u00e9rience en la mati\u00e8re nous permet \u00e9galement d\u2019adapter nos modules suivant les besoins sp\u00e9cifiques de nos clients et de proposer ainsi un service \u00e0 la carte.<\/p>\n\n\n\n<p>Toutes nos formations sont ouvertes aux personnes <strong>en situation de handicap<\/strong>. Pour obtenir des informations, contactez Madame LORIOT&nbsp;par t\u00e9l\u00e9phone au 03 44 50 82 10 ou par email <a href=\"mailto:sylvie.loriot@sar.fr\">sylvie.loriot@sar.fr<\/a>.<\/p>\n<\/div>\n\n\n\n<div class=\"wp-block-column is-layout-flow wp-block-column-is-layout-flow\" style=\"flex-basis:33.33%\">\n<figure class=\"wp-block-image size-large\"><img loading=\"lazy\" decoding=\"async\" width=\"684\" height=\"535\" src=\"http:\/\/euromark.ppmkt.fr\/wp-content\/uploads\/2025\/09\/logos-handicaps-684x535.jpg\" alt=\"\" class=\"wp-image-3515\" srcset=\"http:\/\/euromark.ppmkt.fr\/wp-content\/uploads\/2025\/09\/logos-handicaps-684x535.jpg 684w, http:\/\/euromark.ppmkt.fr\/wp-content\/uploads\/2025\/09\/logos-handicaps-250x196.jpg 250w, http:\/\/euromark.ppmkt.fr\/wp-content\/uploads\/2025\/09\/logos-handicaps-505x395.jpg 505w, http:\/\/euromark.ppmkt.fr\/wp-content\/uploads\/2025\/09\/logos-handicaps.jpg 920w\" sizes=\"auto, (max-width: 684px) 100vw, 684px\" \/><\/figure>\n<\/div>\n<\/div>\n\n\n\n<div style=\"height:40px\" aria-hidden=\"true\" class=\"wp-block-spacer\"><\/div>\n\n\n\n<h3 class=\"wp-block-heading\">Nos modules de formation&nbsp;:<\/h3>\n\n\n\n<ul class=\"wp-block-list\">\n<li>Identifier les produits de marquage et comprendre leur technique d\u2019application.<\/li>\n\n\n\n<li>Respecter l\u2019environnement normatif et la certification.<\/li>\n\n\n\n<li>Appliquer la r\u00e9glementation du marquage routier en milieu urbain, routier et autoroutier.<\/li>\n\n\n\n<li>Ex\u00e9cuter la mise en place de la signalisation temporaire sur chauss\u00e9e.<\/li>\n\n\n\n<li>Conna\u00eetre les composants essentiels d&rsquo;une machine de marquage autoport\u00e9e.<\/li>\n\n\n\n<li>Ex\u00e9cuter les r\u00e9glages d\u2019application avant la mise en \u0153uvre.<\/li>\n\n\n\n<li>\u00catre capable d&rsquo;implanter la signalisation conform\u00e9ment \u00e0 la r\u00e9glementation.<\/li>\n\n\n\n<li>Appliquer les r\u00e8gles d&rsquo;hygi\u00e8ne et s\u00e9curit\u00e9 li\u00e9es \u00e0 l&rsquo;activit\u00e9 du marquage.<\/li>\n<\/ul>\n","protected":false},"excerpt":{"rendered":"<p>FORMATION MARQUAGE URBAIN ET ROUTIER Euromark, reconnue comme organisme de formation, est certifi\u00e9e QUALIOPI N\u00b02023\/106829.1. Avec ce label, gage de&#8230;<\/p>\n","protected":false},"author":6,"featured_media":0,"parent":3399,"menu_order":2,"comment_status":"closed","ping_status":"closed","template":"page-formation.php","meta":{"_acf_changed":false,"footnotes":""},"class_list":["post-3401","page","type-page","status-publish","hentry"],"acf":[],"yoast_head":"<!-- This site is optimized with the Yoast SEO plugin v27.5 - https:\/\/yoast.com\/product\/yoast-seo-wordpress\/ -->\n<title>Nos formations - Euromark, r\u00e9f\u00e9rent en produits de marquage routier<\/title>\n<meta name=\"description\" content=\"D\u00e9couvrez les diff\u00e9rentes formations de Euromark, r\u00e9f\u00e9rent en produits de marquage routier. Nos formations font parties de nos expertises.\" \/>\n<meta name=\"robots\" content=\"index, follow, max-snippet:-1, max-image-preview:large, max-video-preview:-1\" \/>\n<link rel=\"canonical\" href=\"http:\/\/euromark.ppmkt.fr\/fr\/nos-expertises\/nos-formations\/\" \/>\n<meta property=\"og:locale\" content=\"fr_FR\" \/>\n<meta property=\"og:type\" content=\"article\" \/>\n<meta property=\"og:title\" content=\"Nos formations - Euromark, r\u00e9f\u00e9rent en produits de marquage routier\" \/>\n<meta property=\"og:description\" content=\"D\u00e9couvrez les diff\u00e9rentes formations de Euromark, r\u00e9f\u00e9rent en produits de marquage routier. Nos formations font parties de nos expertises.\" \/>\n<meta property=\"og:url\" content=\"http:\/\/euromark.ppmkt.fr\/fr\/nos-expertises\/nos-formations\/\" \/>\n<meta property=\"og:site_name\" content=\"Euromark\" \/>\n<meta property=\"article:modified_time\" content=\"2025-12-03T08:32:55+00:00\" \/>\n<meta property=\"og:image\" content=\"http:\/\/euromark.ppmkt.fr\/wp-content\/uploads\/2025\/12\/formasar-122x1221-1.jpg\" \/>\n<meta name=\"twitter:card\" content=\"summary_large_image\" \/>\n<meta name=\"twitter:label1\" content=\"Dur\u00e9e de lecture estim\u00e9e\" \/>\n\t<meta name=\"twitter:data1\" content=\"2 minutes\" \/>\n<script type=\"application\/ld+json\" class=\"yoast-schema-graph\">{\"@context\":\"https:\\\/\\\/schema.org\",\"@graph\":[{\"@type\":\"WebPage\",\"@id\":\"http:\\\/\\\/euromark.ppmkt.fr\\\/fr\\\/nos-expertises\\\/nos-formations\\\/\",\"url\":\"http:\\\/\\\/euromark.ppmkt.fr\\\/fr\\\/nos-expertises\\\/nos-formations\\\/\",\"name\":\"Nos formations - Euromark, r\u00e9f\u00e9rent en produits de marquage routier\",\"isPartOf\":{\"@id\":\"http:\\\/\\\/euromark.ppmkt.fr\\\/fr\\\/#website\"},\"primaryImageOfPage\":{\"@id\":\"http:\\\/\\\/euromark.ppmkt.fr\\\/fr\\\/nos-expertises\\\/nos-formations\\\/#primaryimage\"},\"image\":{\"@id\":\"http:\\\/\\\/euromark.ppmkt.fr\\\/fr\\\/nos-expertises\\\/nos-formations\\\/#primaryimage\"},\"thumbnailUrl\":\"http:\\\/\\\/euromark.ppmkt.fr\\\/wp-content\\\/uploads\\\/2025\\\/12\\\/formasar-122x1221-1.jpg\",\"datePublished\":\"2025-09-09T11:58:55+00:00\",\"dateModified\":\"2025-12-03T08:32:55+00:00\",\"description\":\"D\u00e9couvrez les diff\u00e9rentes formations de Euromark, r\u00e9f\u00e9rent en produits de marquage routier. Nos formations font parties de nos expertises.\",\"breadcrumb\":{\"@id\":\"http:\\\/\\\/euromark.ppmkt.fr\\\/fr\\\/nos-expertises\\\/nos-formations\\\/#breadcrumb\"},\"inLanguage\":\"fr-FR\",\"potentialAction\":[{\"@type\":\"ReadAction\",\"target\":[\"http:\\\/\\\/euromark.ppmkt.fr\\\/fr\\\/nos-expertises\\\/nos-formations\\\/\"]}]},{\"@type\":\"ImageObject\",\"inLanguage\":\"fr-FR\",\"@id\":\"http:\\\/\\\/euromark.ppmkt.fr\\\/fr\\\/nos-expertises\\\/nos-formations\\\/#primaryimage\",\"url\":\"http:\\\/\\\/euromark.ppmkt.fr\\\/wp-content\\\/uploads\\\/2025\\\/12\\\/formasar-122x1221-1.jpg\",\"contentUrl\":\"http:\\\/\\\/euromark.ppmkt.fr\\\/wp-content\\\/uploads\\\/2025\\\/12\\\/formasar-122x1221-1.jpg\"},{\"@type\":\"BreadcrumbList\",\"@id\":\"http:\\\/\\\/euromark.ppmkt.fr\\\/fr\\\/nos-expertises\\\/nos-formations\\\/#breadcrumb\",\"itemListElement\":[{\"@type\":\"ListItem\",\"position\":1,\"name\":\"Accueil\",\"item\":\"http:\\\/\\\/euromark.ppmkt.fr\\\/fr\\\/\"},{\"@type\":\"ListItem\",\"position\":2,\"name\":\"Nos expertises\",\"item\":\"http:\\\/\\\/euromark.ppmkt.fr\\\/fr\\\/nos-expertises\\\/\"},{\"@type\":\"ListItem\",\"position\":3,\"name\":\"Nos formations\"}]},{\"@type\":\"WebSite\",\"@id\":\"http:\\\/\\\/euromark.ppmkt.fr\\\/fr\\\/#website\",\"url\":\"http:\\\/\\\/euromark.ppmkt.fr\\\/fr\\\/\",\"name\":\"Sar\",\"description\":\"\",\"publisher\":{\"@id\":\"http:\\\/\\\/euromark.ppmkt.fr\\\/fr\\\/#organization\"},\"potentialAction\":[{\"@type\":\"SearchAction\",\"target\":{\"@type\":\"EntryPoint\",\"urlTemplate\":\"http:\\\/\\\/euromark.ppmkt.fr\\\/fr\\\/?s={search_term_string}\"},\"query-input\":{\"@type\":\"PropertyValueSpecification\",\"valueRequired\":true,\"valueName\":\"search_term_string\"}}],\"inLanguage\":\"fr-FR\"},{\"@type\":\"Organization\",\"@id\":\"http:\\\/\\\/euromark.ppmkt.fr\\\/fr\\\/#organization\",\"name\":\"Sar\",\"url\":\"http:\\\/\\\/euromark.ppmkt.fr\\\/fr\\\/\",\"logo\":{\"@type\":\"ImageObject\",\"inLanguage\":\"fr-FR\",\"@id\":\"http:\\\/\\\/euromark.ppmkt.fr\\\/fr\\\/#\\\/schema\\\/logo\\\/image\\\/\",\"url\":\"\",\"contentUrl\":\"\",\"caption\":\"Sar\"},\"image\":{\"@id\":\"http:\\\/\\\/euromark.ppmkt.fr\\\/fr\\\/#\\\/schema\\\/logo\\\/image\\\/\"}}]}<\/script>\n<!-- \/ Yoast SEO plugin. -->","yoast_head_json":{"title":"Nos formations - Euromark, r\u00e9f\u00e9rent en produits de marquage routier","description":"D\u00e9couvrez les diff\u00e9rentes formations de Euromark, r\u00e9f\u00e9rent en produits de marquage routier. Nos formations font parties de nos expertises.","robots":{"index":"index","follow":"follow","max-snippet":"max-snippet:-1","max-image-preview":"max-image-preview:large","max-video-preview":"max-video-preview:-1"},"canonical":"http:\/\/euromark.ppmkt.fr\/fr\/nos-expertises\/nos-formations\/","og_locale":"fr_FR","og_type":"article","og_title":"Nos formations - Euromark, r\u00e9f\u00e9rent en produits de marquage routier","og_description":"D\u00e9couvrez les diff\u00e9rentes formations de Euromark, r\u00e9f\u00e9rent en produits de marquage routier. Nos formations font parties de nos expertises.","og_url":"http:\/\/euromark.ppmkt.fr\/fr\/nos-expertises\/nos-formations\/","og_site_name":"Euromark","article_modified_time":"2025-12-03T08:32:55+00:00","og_image":[{"url":"http:\/\/euromark.ppmkt.fr\/wp-content\/uploads\/2025\/12\/formasar-122x1221-1.jpg","type":"","width":"","height":""}],"twitter_card":"summary_large_image","twitter_misc":{"Dur\u00e9e de lecture estim\u00e9e":"2 minutes"},"schema":{"@context":"https:\/\/schema.org","@graph":[{"@type":"WebPage","@id":"http:\/\/euromark.ppmkt.fr\/fr\/nos-expertises\/nos-formations\/","url":"http:\/\/euromark.ppmkt.fr\/fr\/nos-expertises\/nos-formations\/","name":"Nos formations - Euromark, r\u00e9f\u00e9rent en produits de marquage routier","isPartOf":{"@id":"http:\/\/euromark.ppmkt.fr\/fr\/#website"},"primaryImageOfPage":{"@id":"http:\/\/euromark.ppmkt.fr\/fr\/nos-expertises\/nos-formations\/#primaryimage"},"image":{"@id":"http:\/\/euromark.ppmkt.fr\/fr\/nos-expertises\/nos-formations\/#primaryimage"},"thumbnailUrl":"http:\/\/euromark.ppmkt.fr\/wp-content\/uploads\/2025\/12\/formasar-122x1221-1.jpg","datePublished":"2025-09-09T11:58:55+00:00","dateModified":"2025-12-03T08:32:55+00:00","description":"D\u00e9couvrez les diff\u00e9rentes formations de Euromark, r\u00e9f\u00e9rent en produits de marquage routier. Nos formations font parties de nos expertises.","breadcrumb":{"@id":"http:\/\/euromark.ppmkt.fr\/fr\/nos-expertises\/nos-formations\/#breadcrumb"},"inLanguage":"fr-FR","potentialAction":[{"@type":"ReadAction","target":["http:\/\/euromark.ppmkt.fr\/fr\/nos-expertises\/nos-formations\/"]}]},{"@type":"ImageObject","inLanguage":"fr-FR","@id":"http:\/\/euromark.ppmkt.fr\/fr\/nos-expertises\/nos-formations\/#primaryimage","url":"http:\/\/euromark.ppmkt.fr\/wp-content\/uploads\/2025\/12\/formasar-122x1221-1.jpg","contentUrl":"http:\/\/euromark.ppmkt.fr\/wp-content\/uploads\/2025\/12\/formasar-122x1221-1.jpg"},{"@type":"BreadcrumbList","@id":"http:\/\/euromark.ppmkt.fr\/fr\/nos-expertises\/nos-formations\/#breadcrumb","itemListElement":[{"@type":"ListItem","position":1,"name":"Accueil","item":"http:\/\/euromark.ppmkt.fr\/fr\/"},{"@type":"ListItem","position":2,"name":"Nos expertises","item":"http:\/\/euromark.ppmkt.fr\/fr\/nos-expertises\/"},{"@type":"ListItem","position":3,"name":"Nos formations"}]},{"@type":"WebSite","@id":"http:\/\/euromark.ppmkt.fr\/fr\/#website","url":"http:\/\/euromark.ppmkt.fr\/fr\/","name":"Sar","description":"","publisher":{"@id":"http:\/\/euromark.ppmkt.fr\/fr\/#organization"},"potentialAction":[{"@type":"SearchAction","target":{"@type":"EntryPoint","urlTemplate":"http:\/\/euromark.ppmkt.fr\/fr\/?s={search_term_string}"},"query-input":{"@type":"PropertyValueSpecification","valueRequired":true,"valueName":"search_term_string"}}],"inLanguage":"fr-FR"},{"@type":"Organization","@id":"http:\/\/euromark.ppmkt.fr\/fr\/#organization","name":"Sar","url":"http:\/\/euromark.ppmkt.fr\/fr\/","logo":{"@type":"ImageObject","inLanguage":"fr-FR","@id":"http:\/\/euromark.ppmkt.fr\/fr\/#\/schema\/logo\/image\/","url":"","contentUrl":"","caption":"Sar"},"image":{"@id":"http:\/\/euromark.ppmkt.fr\/fr\/#\/schema\/logo\/image\/"}}]}},"_links":{"self":[{"href":"http:\/\/euromark.ppmkt.fr\/fr\/wp-json\/wp\/v2\/pages\/3401","targetHints":{"allow":["GET"]}}],"collection":[{"href":"http:\/\/euromark.ppmkt.fr\/fr\/wp-json\/wp\/v2\/pages"}],"about":[{"href":"http:\/\/euromark.ppmkt.fr\/fr\/wp-json\/wp\/v2\/types\/page"}],"author":[{"embeddable":true,"href":"http:\/\/euromark.ppmkt.fr\/fr\/wp-json\/wp\/v2\/users\/6"}],"replies":[{"embeddable":true,"href":"http:\/\/euromark.ppmkt.fr\/fr\/wp-json\/wp\/v2\/comments?post=3401"}],"version-history":[{"count":22,"href":"http:\/\/euromark.ppmkt.fr\/fr\/wp-json\/wp\/v2\/pages\/3401\/revisions"}],"predecessor-version":[{"id":5950,"href":"http:\/\/euromark.ppmkt.fr\/fr\/wp-json\/wp\/v2\/pages\/3401\/revisions\/5950"}],"up":[{"embeddable":true,"href":"http:\/\/euromark.ppmkt.fr\/fr\/wp-json\/wp\/v2\/pages\/3399"}],"wp:attachment":[{"href":"http:\/\/euromark.ppmkt.fr\/fr\/wp-json\/wp\/v2\/media?parent=3401"}],"curies":[{"name":"wp","href":"https:\/\/api.w.org\/{rel}","templated":true}]}}