{"id":3403,"date":"2025-09-09T13:59:12","date_gmt":"2025-09-09T11:59:12","guid":{"rendered":"http:\/\/euromark.ppmkt.fr\/?page_id=3403"},"modified":"2025-11-07T09:31:53","modified_gmt":"2025-11-07T08:31:53","slug":"nos-outils-digitaux","status":"publish","type":"page","link":"http:\/\/euromark.ppmkt.fr\/fr\/nos-expertises\/nos-outils-digitaux\/","title":{"rendered":"Nos outils digitaux"},"content":{"rendered":"\n<div style=\"height:10px\" aria-hidden=\"true\" class=\"wp-block-spacer\"><\/div>\n\n\n\n<h3 class=\"wp-block-heading\">Euromark TOOLS \u2013&nbsp; la 1\u00e8re bo\u00eete \u00e0 outils digitale d\u00e9di\u00e9e aux applicateurs<\/h3>\n\n\n\n<p>Euromark innove avec une application digitale con\u00e7ue pour simplifier le quotidien des applicateurs de marquage routier (disponible sur smartphone Android et iOS).<\/p>\n\n\n\n<div class=\"wp-block-columns are-vertically-aligned-center is-layout-flex wp-container-core-columns-is-layout-9d6595d7 wp-block-columns-is-layout-flex\">\n<div class=\"wp-block-column is-vertically-aligned-center is-layout-flow wp-block-column-is-layout-flow\"><div class=\"wp-block-image\">\n<figure class=\"aligncenter size-large is-resized\"><img loading=\"lazy\" decoding=\"async\" width=\"951\" height=\"535\" src=\"http:\/\/euromark.ppmkt.fr\/wp-content\/uploads\/2025\/09\/sar-tools-2-951x535.png\" alt=\"\" class=\"wp-image-3531\" style=\"aspect-ratio:9\/16;object-fit:cover;width:auto;height:400px\" srcset=\"http:\/\/euromark.ppmkt.fr\/wp-content\/uploads\/2025\/09\/sar-tools-2-951x535.png 951w, http:\/\/euromark.ppmkt.fr\/wp-content\/uploads\/2025\/09\/sar-tools-2-250x141.png 250w, http:\/\/euromark.ppmkt.fr\/wp-content\/uploads\/2025\/09\/sar-tools-2-702x395.png 702w, http:\/\/euromark.ppmkt.fr\/wp-content\/uploads\/2025\/09\/sar-tools-2-1536x864.png 1536w, http:\/\/euromark.ppmkt.fr\/wp-content\/uploads\/2025\/09\/sar-tools-2.png 1920w\" sizes=\"auto, (max-width: 951px) 100vw, 951px\" \/><\/figure>\n<\/div><\/div>\n\n\n\n<div class=\"wp-block-column is-vertically-aligned-center qrcode is-layout-flow wp-block-column-is-layout-flow\">\n<figure class=\"wp-block-image size-full\"><img loading=\"lazy\" decoding=\"async\" width=\"400\" height=\"400\" src=\"http:\/\/euromark.ppmkt.fr\/wp-content\/uploads\/2025\/09\/Euromark-TOOLS-Android-avec-legende.png\" alt=\"\" class=\"wp-image-3533\" style=\"aspect-ratio:3\/4;object-fit:cover\" srcset=\"http:\/\/euromark.ppmkt.fr\/wp-content\/uploads\/2025\/09\/Euromark-TOOLS-Android-avec-legende.png 400w, http:\/\/euromark.ppmkt.fr\/wp-content\/uploads\/2025\/09\/Euromark-TOOLS-Android-avec-legende-250x250.png 250w, http:\/\/euromark.ppmkt.fr\/wp-content\/uploads\/2025\/09\/Euromark-TOOLS-Android-avec-legende-395x395.png 395w\" sizes=\"auto, (max-width: 400px) 100vw, 400px\" \/><\/figure>\n<\/div>\n\n\n\n<div class=\"wp-block-column is-vertically-aligned-center qrcode is-layout-flow wp-block-column-is-layout-flow\">\n<figure class=\"wp-block-image size-full\"><img loading=\"lazy\" decoding=\"async\" width=\"400\" height=\"400\" src=\"http:\/\/euromark.ppmkt.fr\/wp-content\/uploads\/2025\/09\/Euromark-TOOLS-IOS-avec-legende.png\" alt=\"\" class=\"wp-image-3534\" style=\"aspect-ratio:3\/4;object-fit:cover\" srcset=\"http:\/\/euromark.ppmkt.fr\/wp-content\/uploads\/2025\/09\/Euromark-TOOLS-IOS-avec-legende.png 400w, http:\/\/euromark.ppmkt.fr\/wp-content\/uploads\/2025\/09\/Euromark-TOOLS-IOS-avec-legende-250x250.png 250w, http:\/\/euromark.ppmkt.fr\/wp-content\/uploads\/2025\/09\/Euromark-TOOLS-IOS-avec-legende-395x395.png 395w\" sizes=\"auto, (max-width: 400px) 100vw, 400px\" \/><\/figure>\n<\/div>\n<\/div>\n\n\n\n<div style=\"height:20px\" aria-hidden=\"true\" class=\"wp-block-spacer\"><\/div>\n\n\n\n<h2 class=\"wp-block-heading\">Pourquoi choisissons-nous de vous accompagner&nbsp;?<\/h2>\n\n\n\n<p>La signalisation horizontale joue un r\u00f4le essentiel dans la s\u00e9curit\u00e9 routi\u00e8re : elle guide les usagers, signale les dangers, mat\u00e9rialise les r\u00e8gles de circulation et structure l\u2019espace routier.<\/p>\n\n\n\n<p>Conform\u00e9ment \u00e0 l\u2019article 111-1 du Code de la voirie routi\u00e8re, sa mise en \u0153uvre doit respecter des normes techniques et r\u00e9glementaires strictes.<\/p>\n\n\n\n<p>La qualit\u00e9 d\u2019un marquage ne d\u00e9pend pas uniquement des produits utilis\u00e9s. Elle repose sur un ensemble de facteurs : produits, supports, conditions climatiques, environnement, mat\u00e9riel, techniques d\u2019application, conformit\u00e9 r\u00e9glementaire, et surtout l\u2019expertise des applicateurs.<\/p>\n\n\n\n<p>Pour garantir un marquage de qualit\u00e9, les applicateurs doivent :<\/p>\n\n\n\n<ul class=\"wp-block-list\">\n<li>Ma\u00eetriser les connaissances th\u00e9oriques et pratiques li\u00e9es \u00e0 la manipulation, au transport, au stockage des produits ainsi qu\u2019\u00e0 la pr\u00e9vention des risques.<\/li>\n\n\n\n<li>Mobiliser les comp\u00e9tences n\u00e9cessaires \u00e0 chaque \u00e9tape d\u2019un chantier :\n<ul class=\"wp-block-list\">\n<li>Pr\u00e9paration du chantier<\/li>\n\n\n\n<li>Connaissance des produits et de leurs sp\u00e9cificit\u00e9s<\/li>\n\n\n\n<li>R\u00e9glage, utilisation et maintenance du mat\u00e9riel<\/li>\n\n\n\n<li>R\u00e9alisation des travaux dans les r\u00e8gles de l\u2019art<\/li>\n\n\n\n<li>Contr\u00f4le qualit\u00e9 des marquages.<\/li>\n<\/ul>\n<\/li>\n<\/ul>\n\n\n\n<p><strong>Dans un environnement r\u00e9glementaire exigeant, les applicateurs doivent acc\u00e9der \u00e0 une grande quantit\u00e9 d\u2019informations techniques.<\/strong><\/p>\n\n\n\n<div style=\"height:60px\" aria-hidden=\"true\" class=\"wp-block-spacer\"><\/div>\n\n\n\n<h2 class=\"wp-block-heading\">Ce que nous vous offrons&nbsp;?<\/h2>\n\n\n\n<p>Disponible sur smartphone Android et iOS,&nbsp;<strong>l\u2019application Euromark TOOLS<\/strong>&nbsp;centralise l\u2019ensemble des ressources utiles dans une interface intuitive et r\u00e9guli\u00e8rement mise \u00e0 jour.<\/p>\n\n\n\n<p>L\u2019application propose diff\u00e9rentes fonctionnalit\u00e9s, dont :<\/p>\n\n\n\n<ul class=\"wp-block-list\">\n<li>Un acc\u00e8s direct aux textes r\u00e9glementaires et documents techniques<\/li>\n\n\n\n<li>Des outils de mesure, de contr\u00f4le et des tables de correspondance<\/li>\n\n\n\n<li>Des aides au choix de la buse (Airless) et \u00e0 la modulation<\/li>\n\n\n\n<li>Des outils math\u00e9matiques et g\u00e9om\u00e9triques<\/li>\n\n\n\n<li>Et bien d\u2019autres fonctionnalit\u00e9s pratiques pens\u00e9es pour le terrain.<\/li>\n<\/ul>\n\n\n\n<p>Vous en aurez fini avec les classeurs encombrants et les recherches interminables : avec Euromark TOOLS, les applicateurs acc\u00e8dent \u00e0 toutes les informations utiles, o\u00f9 qu\u2019ils soient, \u00e0 tout moment.<\/p>\n\n\n\n<div style=\"height:49px\" aria-hidden=\"true\" class=\"wp-block-spacer\"><\/div>\n\n\n\n<h2 class=\"wp-block-heading\">Signastore&nbsp;: La marketplace des \u00e9quipements de voirie<\/h2>\n\n\n\n<div class=\"wp-block-columns is-layout-flex wp-container-core-columns-is-layout-9d6595d7 wp-block-columns-is-layout-flex\">\n<div class=\"wp-block-column is-layout-flow wp-block-column-is-layout-flow\" style=\"flex-basis:33.33%\">\n<div style=\"height:35px\" aria-hidden=\"true\" class=\"wp-block-spacer\"><\/div>\n\n\n\n<figure class=\"wp-block-image size-full m-0\"><img loading=\"lazy\" decoding=\"async\" width=\"2560\" height=\"722\" src=\"http:\/\/euromark.ppmkt.fr\/wp-content\/uploads\/2025\/10\/signastore-scaled.png\" alt=\"\" class=\"wp-image-4227\" srcset=\"http:\/\/euromark.ppmkt.fr\/wp-content\/uploads\/2025\/10\/signastore-scaled.png 2560w, http:\/\/euromark.ppmkt.fr\/wp-content\/uploads\/2025\/10\/signastore-250x71.png 250w, http:\/\/euromark.ppmkt.fr\/wp-content\/uploads\/2025\/10\/signastore-1600x451.png 1600w, http:\/\/euromark.ppmkt.fr\/wp-content\/uploads\/2025\/10\/signastore-800x226.png 800w, http:\/\/euromark.ppmkt.fr\/wp-content\/uploads\/2025\/10\/signastore-1536x433.png 1536w, http:\/\/euromark.ppmkt.fr\/wp-content\/uploads\/2025\/10\/signastore-2048x578.png 2048w\" sizes=\"auto, (max-width: 2560px) 100vw, 2560px\" \/><\/figure>\n<\/div>\n\n\n\n<div class=\"wp-block-column is-layout-flow wp-block-column-is-layout-flow\" style=\"flex-basis:66.66%\">\n<p>Euromark propose \u00e0 la vente une s\u00e9lection de produits techniques et fiables (peintures \u00e0 solution aqueuse et solvant\u00e9es, enduits \u00e0 froid, billes de verres et charges antid\u00e9rapantes, etc.) permettant aux professionnels de trouver facilement des \u00e9quipements adapt\u00e9s \u00e0 leurs besoins, avec une logistique simplifi\u00e9e un service client r\u00e9actif. <\/p>\n\n\n\n<h3 class=\"wp-block-heading\">D\u00e9couvrez Signastore&nbsp;: <a href=\"https:\/\/signastore.fr\/44-produits-de-marquage\" target=\"_blank\" rel=\"noreferrer noopener\">Produits de marquage<\/a><\/h3>\n<\/div>\n<\/div>\n\n\n\n<p><\/p>\n","protected":false},"excerpt":{"rendered":"<p>Euromark TOOLS \u2013&nbsp; la 1\u00e8re bo\u00eete \u00e0 outils digitale d\u00e9di\u00e9e aux applicateurs Euromark innove avec une application digitale con\u00e7ue pour&#8230;<\/p>\n","protected":false},"author":6,"featured_media":0,"parent":3399,"menu_order":3,"comment_status":"closed","ping_status":"closed","template":"","meta":{"_acf_changed":false,"footnotes":""},"class_list":["post-3403","page","type-page","status-publish","hentry"],"acf":[],"yoast_head":"<!-- This site is optimized with the Yoast SEO plugin v27.5 - https:\/\/yoast.com\/product\/yoast-seo-wordpress\/ -->\n<title>Nos outils digitaux - Euromark, r\u00e9f\u00e9rent en produits de marquage routier<\/title>\n<meta name=\"description\" content=\"D\u00e9couvrez les diff\u00e9rents outils digitaux de Euromark, r\u00e9f\u00e9rent en produits de marquage routier. Nos outils digitaux font partis de nos expertises.\" \/>\n<meta name=\"robots\" content=\"index, follow, max-snippet:-1, max-image-preview:large, max-video-preview:-1\" \/>\n<link rel=\"canonical\" href=\"http:\/\/euromark.ppmkt.fr\/fr\/nos-expertises\/nos-outils-digitaux\/\" \/>\n<meta property=\"og:locale\" content=\"fr_FR\" \/>\n<meta property=\"og:type\" content=\"article\" \/>\n<meta property=\"og:title\" content=\"Nos outils digitaux - Euromark, r\u00e9f\u00e9rent en produits de marquage routier\" \/>\n<meta property=\"og:description\" content=\"D\u00e9couvrez les diff\u00e9rents outils digitaux de Euromark, r\u00e9f\u00e9rent en produits de marquage routier. Nos outils digitaux font partis de nos expertises.\" \/>\n<meta property=\"og:url\" content=\"http:\/\/euromark.ppmkt.fr\/fr\/nos-expertises\/nos-outils-digitaux\/\" \/>\n<meta property=\"og:site_name\" content=\"Euromark\" \/>\n<meta property=\"article:modified_time\" content=\"2025-11-07T08:31:53+00:00\" \/>\n<meta property=\"og:image\" content=\"http:\/\/euromark.ppmkt.fr\/wp-content\/uploads\/2025\/09\/sar-tools-2-951x535.png\" \/>\n<meta name=\"twitter:card\" content=\"summary_large_image\" \/>\n<meta name=\"twitter:label1\" content=\"Dur\u00e9e de lecture estim\u00e9e\" \/>\n\t<meta name=\"twitter:data1\" content=\"3 minutes\" \/>\n<script type=\"application\/ld+json\" class=\"yoast-schema-graph\">{\"@context\":\"https:\\\/\\\/schema.org\",\"@graph\":[{\"@type\":\"WebPage\",\"@id\":\"http:\\\/\\\/euromark.ppmkt.fr\\\/fr\\\/nos-expertises\\\/nos-outils-digitaux\\\/\",\"url\":\"http:\\\/\\\/euromark.ppmkt.fr\\\/fr\\\/nos-expertises\\\/nos-outils-digitaux\\\/\",\"name\":\"Nos outils digitaux - Euromark, r\u00e9f\u00e9rent en produits de marquage routier\",\"isPartOf\":{\"@id\":\"http:\\\/\\\/euromark.ppmkt.fr\\\/fr\\\/#website\"},\"primaryImageOfPage\":{\"@id\":\"http:\\\/\\\/euromark.ppmkt.fr\\\/fr\\\/nos-expertises\\\/nos-outils-digitaux\\\/#primaryimage\"},\"image\":{\"@id\":\"http:\\\/\\\/euromark.ppmkt.fr\\\/fr\\\/nos-expertises\\\/nos-outils-digitaux\\\/#primaryimage\"},\"thumbnailUrl\":\"http:\\\/\\\/euromark.ppmkt.fr\\\/wp-content\\\/uploads\\\/2025\\\/09\\\/sar-tools-2-951x535.png\",\"datePublished\":\"2025-09-09T11:59:12+00:00\",\"dateModified\":\"2025-11-07T08:31:53+00:00\",\"description\":\"D\u00e9couvrez les diff\u00e9rents outils digitaux de Euromark, r\u00e9f\u00e9rent en produits de marquage routier. Nos outils digitaux font partis de nos expertises.\",\"breadcrumb\":{\"@id\":\"http:\\\/\\\/euromark.ppmkt.fr\\\/fr\\\/nos-expertises\\\/nos-outils-digitaux\\\/#breadcrumb\"},\"inLanguage\":\"fr-FR\",\"potentialAction\":[{\"@type\":\"ReadAction\",\"target\":[\"http:\\\/\\\/euromark.ppmkt.fr\\\/fr\\\/nos-expertises\\\/nos-outils-digitaux\\\/\"]}]},{\"@type\":\"ImageObject\",\"inLanguage\":\"fr-FR\",\"@id\":\"http:\\\/\\\/euromark.ppmkt.fr\\\/fr\\\/nos-expertises\\\/nos-outils-digitaux\\\/#primaryimage\",\"url\":\"http:\\\/\\\/euromark.ppmkt.fr\\\/wp-content\\\/uploads\\\/2025\\\/09\\\/sar-tools-2-951x535.png\",\"contentUrl\":\"http:\\\/\\\/euromark.ppmkt.fr\\\/wp-content\\\/uploads\\\/2025\\\/09\\\/sar-tools-2-951x535.png\"},{\"@type\":\"BreadcrumbList\",\"@id\":\"http:\\\/\\\/euromark.ppmkt.fr\\\/fr\\\/nos-expertises\\\/nos-outils-digitaux\\\/#breadcrumb\",\"itemListElement\":[{\"@type\":\"ListItem\",\"position\":1,\"name\":\"Accueil\",\"item\":\"http:\\\/\\\/euromark.ppmkt.fr\\\/fr\\\/\"},{\"@type\":\"ListItem\",\"position\":2,\"name\":\"Nos expertises\",\"item\":\"http:\\\/\\\/euromark.ppmkt.fr\\\/fr\\\/nos-expertises\\\/\"},{\"@type\":\"ListItem\",\"position\":3,\"name\":\"Nos outils digitaux\"}]},{\"@type\":\"WebSite\",\"@id\":\"http:\\\/\\\/euromark.ppmkt.fr\\\/fr\\\/#website\",\"url\":\"http:\\\/\\\/euromark.ppmkt.fr\\\/fr\\\/\",\"name\":\"Sar\",\"description\":\"\",\"publisher\":{\"@id\":\"http:\\\/\\\/euromark.ppmkt.fr\\\/fr\\\/#organization\"},\"potentialAction\":[{\"@type\":\"SearchAction\",\"target\":{\"@type\":\"EntryPoint\",\"urlTemplate\":\"http:\\\/\\\/euromark.ppmkt.fr\\\/fr\\\/?s={search_term_string}\"},\"query-input\":{\"@type\":\"PropertyValueSpecification\",\"valueRequired\":true,\"valueName\":\"search_term_string\"}}],\"inLanguage\":\"fr-FR\"},{\"@type\":\"Organization\",\"@id\":\"http:\\\/\\\/euromark.ppmkt.fr\\\/fr\\\/#organization\",\"name\":\"Sar\",\"url\":\"http:\\\/\\\/euromark.ppmkt.fr\\\/fr\\\/\",\"logo\":{\"@type\":\"ImageObject\",\"inLanguage\":\"fr-FR\",\"@id\":\"http:\\\/\\\/euromark.ppmkt.fr\\\/fr\\\/#\\\/schema\\\/logo\\\/image\\\/\",\"url\":\"\",\"contentUrl\":\"\",\"caption\":\"Sar\"},\"image\":{\"@id\":\"http:\\\/\\\/euromark.ppmkt.fr\\\/fr\\\/#\\\/schema\\\/logo\\\/image\\\/\"}}]}<\/script>\n<!-- \/ Yoast SEO plugin. -->","yoast_head_json":{"title":"Nos outils digitaux - Euromark, r\u00e9f\u00e9rent en produits de marquage routier","description":"D\u00e9couvrez les diff\u00e9rents outils digitaux de Euromark, r\u00e9f\u00e9rent en produits de marquage routier. Nos outils digitaux font partis de nos expertises.","robots":{"index":"index","follow":"follow","max-snippet":"max-snippet:-1","max-image-preview":"max-image-preview:large","max-video-preview":"max-video-preview:-1"},"canonical":"http:\/\/euromark.ppmkt.fr\/fr\/nos-expertises\/nos-outils-digitaux\/","og_locale":"fr_FR","og_type":"article","og_title":"Nos outils digitaux - Euromark, r\u00e9f\u00e9rent en produits de marquage routier","og_description":"D\u00e9couvrez les diff\u00e9rents outils digitaux de Euromark, r\u00e9f\u00e9rent en produits de marquage routier. Nos outils digitaux font partis de nos expertises.","og_url":"http:\/\/euromark.ppmkt.fr\/fr\/nos-expertises\/nos-outils-digitaux\/","og_site_name":"Euromark","article_modified_time":"2025-11-07T08:31:53+00:00","og_image":[{"url":"http:\/\/euromark.ppmkt.fr\/wp-content\/uploads\/2025\/09\/sar-tools-2-951x535.png","type":"","width":"","height":""}],"twitter_card":"summary_large_image","twitter_misc":{"Dur\u00e9e de lecture estim\u00e9e":"3 minutes"},"schema":{"@context":"https:\/\/schema.org","@graph":[{"@type":"WebPage","@id":"http:\/\/euromark.ppmkt.fr\/fr\/nos-expertises\/nos-outils-digitaux\/","url":"http:\/\/euromark.ppmkt.fr\/fr\/nos-expertises\/nos-outils-digitaux\/","name":"Nos outils digitaux - Euromark, r\u00e9f\u00e9rent en produits de marquage routier","isPartOf":{"@id":"http:\/\/euromark.ppmkt.fr\/fr\/#website"},"primaryImageOfPage":{"@id":"http:\/\/euromark.ppmkt.fr\/fr\/nos-expertises\/nos-outils-digitaux\/#primaryimage"},"image":{"@id":"http:\/\/euromark.ppmkt.fr\/fr\/nos-expertises\/nos-outils-digitaux\/#primaryimage"},"thumbnailUrl":"http:\/\/euromark.ppmkt.fr\/wp-content\/uploads\/2025\/09\/sar-tools-2-951x535.png","datePublished":"2025-09-09T11:59:12+00:00","dateModified":"2025-11-07T08:31:53+00:00","description":"D\u00e9couvrez les diff\u00e9rents outils digitaux de Euromark, r\u00e9f\u00e9rent en produits de marquage routier. Nos outils digitaux font partis de nos expertises.","breadcrumb":{"@id":"http:\/\/euromark.ppmkt.fr\/fr\/nos-expertises\/nos-outils-digitaux\/#breadcrumb"},"inLanguage":"fr-FR","potentialAction":[{"@type":"ReadAction","target":["http:\/\/euromark.ppmkt.fr\/fr\/nos-expertises\/nos-outils-digitaux\/"]}]},{"@type":"ImageObject","inLanguage":"fr-FR","@id":"http:\/\/euromark.ppmkt.fr\/fr\/nos-expertises\/nos-outils-digitaux\/#primaryimage","url":"http:\/\/euromark.ppmkt.fr\/wp-content\/uploads\/2025\/09\/sar-tools-2-951x535.png","contentUrl":"http:\/\/euromark.ppmkt.fr\/wp-content\/uploads\/2025\/09\/sar-tools-2-951x535.png"},{"@type":"BreadcrumbList","@id":"http:\/\/euromark.ppmkt.fr\/fr\/nos-expertises\/nos-outils-digitaux\/#breadcrumb","itemListElement":[{"@type":"ListItem","position":1,"name":"Accueil","item":"http:\/\/euromark.ppmkt.fr\/fr\/"},{"@type":"ListItem","position":2,"name":"Nos expertises","item":"http:\/\/euromark.ppmkt.fr\/fr\/nos-expertises\/"},{"@type":"ListItem","position":3,"name":"Nos outils digitaux"}]},{"@type":"WebSite","@id":"http:\/\/euromark.ppmkt.fr\/fr\/#website","url":"http:\/\/euromark.ppmkt.fr\/fr\/","name":"Sar","description":"","publisher":{"@id":"http:\/\/euromark.ppmkt.fr\/fr\/#organization"},"potentialAction":[{"@type":"SearchAction","target":{"@type":"EntryPoint","urlTemplate":"http:\/\/euromark.ppmkt.fr\/fr\/?s={search_term_string}"},"query-input":{"@type":"PropertyValueSpecification","valueRequired":true,"valueName":"search_term_string"}}],"inLanguage":"fr-FR"},{"@type":"Organization","@id":"http:\/\/euromark.ppmkt.fr\/fr\/#organization","name":"Sar","url":"http:\/\/euromark.ppmkt.fr\/fr\/","logo":{"@type":"ImageObject","inLanguage":"fr-FR","@id":"http:\/\/euromark.ppmkt.fr\/fr\/#\/schema\/logo\/image\/","url":"","contentUrl":"","caption":"Sar"},"image":{"@id":"http:\/\/euromark.ppmkt.fr\/fr\/#\/schema\/logo\/image\/"}}]}},"_links":{"self":[{"href":"http:\/\/euromark.ppmkt.fr\/fr\/wp-json\/wp\/v2\/pages\/3403","targetHints":{"allow":["GET"]}}],"collection":[{"href":"http:\/\/euromark.ppmkt.fr\/fr\/wp-json\/wp\/v2\/pages"}],"about":[{"href":"http:\/\/euromark.ppmkt.fr\/fr\/wp-json\/wp\/v2\/types\/page"}],"author":[{"embeddable":true,"href":"http:\/\/euromark.ppmkt.fr\/fr\/wp-json\/wp\/v2\/users\/6"}],"replies":[{"embeddable":true,"href":"http:\/\/euromark.ppmkt.fr\/fr\/wp-json\/wp\/v2\/comments?post=3403"}],"version-history":[{"count":31,"href":"http:\/\/euromark.ppmkt.fr\/fr\/wp-json\/wp\/v2\/pages\/3403\/revisions"}],"predecessor-version":[{"id":5884,"href":"http:\/\/euromark.ppmkt.fr\/fr\/wp-json\/wp\/v2\/pages\/3403\/revisions\/5884"}],"up":[{"embeddable":true,"href":"http:\/\/euromark.ppmkt.fr\/fr\/wp-json\/wp\/v2\/pages\/3399"}],"wp:attachment":[{"href":"http:\/\/euromark.ppmkt.fr\/fr\/wp-json\/wp\/v2\/media?parent=3403"}],"curies":[{"name":"wp","href":"https:\/\/api.w.org\/{rel}","templated":true}]}}