{"id":3405,"date":"2025-09-09T13:59:26","date_gmt":"2025-09-09T11:59:26","guid":{"rendered":"http:\/\/euromark.ppmkt.fr\/?page_id=3405"},"modified":"2025-11-03T11:33:25","modified_gmt":"2025-11-03T10:33:25","slug":"nos-partenaires","status":"publish","type":"page","link":"http:\/\/euromark.ppmkt.fr\/fr\/nos-expertises\/nos-partenaires\/","title":{"rendered":"Nos partenaires"},"content":{"rendered":"\n<p>Afin d\u2019exercer son savoir-faire en France, Euromark s\u2019appuie sur l\u2019expertise de partenaires industriels internes au groupe VINCI dont elle fait partie.<\/p>\n\n\n\n<p>Parce que la performance passe aussi par la synergie, Euromark s\u2019entoure de partenaires industriels reconnus en \u00e9quipements et ing\u00e9nierie de la route, qui partagent notre exigence d\u2019innovation, de qualit\u00e9 et de durabilit\u00e9. Ensemble, nous d\u00e9veloppons des solutions compl\u00e9mentaires pour r\u00e9pondre aux enjeux techniques, environnementaux et patrimoniaux de nos clients.<\/p>\n\n\n\n<div style=\"height:60px\" aria-hidden=\"true\" class=\"wp-block-spacer\"><\/div>\n\n\n\n<div class=\"wp-block-columns are-vertically-aligned-center is-layout-flex wp-container-core-columns-is-layout-9d6595d7 wp-block-columns-is-layout-flex\">\n<div class=\"wp-block-column is-vertically-aligned-center is-layout-flow wp-block-column-is-layout-flow\" style=\"flex-basis:25%\">\n<figure class=\"wp-block-image size-full m-0\"><img loading=\"lazy\" decoding=\"async\" width=\"550\" height=\"200\" src=\"http:\/\/euromark.ppmkt.fr\/wp-content\/uploads\/2025\/10\/Euroliners-logo.png\" alt=\"\" class=\"wp-image-4219\" srcset=\"http:\/\/euromark.ppmkt.fr\/wp-content\/uploads\/2025\/10\/Euroliners-logo.png 550w, http:\/\/euromark.ppmkt.fr\/wp-content\/uploads\/2025\/10\/Euroliners-logo-250x91.png 250w\" sizes=\"auto, (max-width: 550px) 100vw, 550px\" \/><\/figure>\n<\/div>\n\n\n\n<div class=\"wp-block-column is-vertically-aligned-center is-layout-flow wp-block-column-is-layout-flow\" style=\"flex-basis:75%\">\n<h2 class=\"wp-block-heading\">Euroliners\u00a0: fabricant de mat\u00e9riels de marquage<\/h2>\n\n\n\n<p>R\u00e9f\u00e9rent sur le march\u00e9 des mat\u00e9riels de marquage, Euroliners con\u00e7oit, produit et entretient une gamme compl\u00e8te de mat\u00e9riels pour l\u2019application des marquages routiers. De la machine pouss\u00e9e pour les petits travaux sp\u00e9ciaux, jusqu\u2019au camion applicateur pour les grands lin\u00e9aires, la migration vers la motorisation \u00e9lectrique est un axe fort de d\u00e9veloppement.<\/p>\n\n\n\n<h3 class=\"wp-block-heading\">D\u00e9couvrez Euroliners&nbsp;: <a href=\"http:\/\/euroliners.fr\" target=\"_blank\" rel=\"noreferrer noopener\">euroliners.fr<\/a><\/h3>\n<\/div>\n<\/div>\n\n\n\n<div style=\"height:60px\" aria-hidden=\"true\" class=\"wp-block-spacer\"><\/div>\n\n\n\n<div class=\"wp-block-columns are-vertically-aligned-center is-layout-flex wp-container-core-columns-is-layout-9d6595d7 wp-block-columns-is-layout-flex\">\n<div class=\"wp-block-column is-vertically-aligned-center is-layout-flow wp-block-column-is-layout-flow\" style=\"flex-basis:25%\"><div class=\"wp-block-image m-0\">\n<figure class=\"aligncenter size-full is-resized\"><img loading=\"lazy\" decoding=\"async\" width=\"1679\" height=\"409\" src=\"http:\/\/euromark.ppmkt.fr\/wp-content\/uploads\/2025\/10\/Diagway.png\" alt=\"\" class=\"wp-image-4223\" style=\"width:142px;height:auto\" srcset=\"http:\/\/euromark.ppmkt.fr\/wp-content\/uploads\/2025\/10\/Diagway.png 1679w, http:\/\/euromark.ppmkt.fr\/wp-content\/uploads\/2025\/10\/Diagway-250x61.png 250w, http:\/\/euromark.ppmkt.fr\/wp-content\/uploads\/2025\/10\/Diagway-1600x390.png 1600w, http:\/\/euromark.ppmkt.fr\/wp-content\/uploads\/2025\/10\/Diagway-800x195.png 800w, http:\/\/euromark.ppmkt.fr\/wp-content\/uploads\/2025\/10\/Diagway-1536x374.png 1536w\" sizes=\"auto, (max-width: 1679px) 100vw, 1679px\" \/><\/figure>\n<\/div>\n\n<div class=\"wp-block-image m-0\">\n<figure class=\"aligncenter size-full is-resized\"><img loading=\"lazy\" decoding=\"async\" width=\"1987\" height=\"409\" src=\"http:\/\/euromark.ppmkt.fr\/wp-content\/uploads\/2025\/10\/Roadcare.png\" alt=\"\" class=\"wp-image-4224\" style=\"width:159px;height:auto\" srcset=\"http:\/\/euromark.ppmkt.fr\/wp-content\/uploads\/2025\/10\/Roadcare.png 1987w, http:\/\/euromark.ppmkt.fr\/wp-content\/uploads\/2025\/10\/Roadcare-250x51.png 250w, http:\/\/euromark.ppmkt.fr\/wp-content\/uploads\/2025\/10\/Roadcare-1600x329.png 1600w, http:\/\/euromark.ppmkt.fr\/wp-content\/uploads\/2025\/10\/Roadcare-800x165.png 800w, http:\/\/euromark.ppmkt.fr\/wp-content\/uploads\/2025\/10\/Roadcare-1536x316.png 1536w\" sizes=\"auto, (max-width: 1987px) 100vw, 1987px\" \/><\/figure>\n<\/div><\/div>\n\n\n\n<div class=\"wp-block-column is-vertically-aligned-center is-layout-flow wp-block-column-is-layout-flow\" style=\"flex-basis:75%\">\n<h2 class=\"wp-block-heading\">Diagway\/Roadcare : sp\u00e9cialistes en ing\u00e9nierie routi\u00e8re<\/h2>\n\n\n\n<p>Diagway et Roadcare&nbsp;accompagnent les gestionnaires publics et priv\u00e9s dans l\u2019entretien, la s\u00e9curisation et l\u2019optimisation de leurs patrimoines&nbsp;(routiers, industriels, naturels).<br>Diagway intervient en&nbsp;diagnostic et conseil&nbsp;sur les infrastructures de transport, tandis que Roadcare propose un&nbsp;outil d\u2019auto-diagnostic bas\u00e9 sur l\u2019intelligence artificielle, pour anticiper les besoins et optimiser les budgets d\u2019entretien.<\/p>\n\n\n\n<h3 class=\"wp-block-heading\">D\u00e9couvrez Diagway et Roadcare&nbsp;: <a href=\"http:\/\/diagway.com\" target=\"_blank\" rel=\"noreferrer noopener\">diagway.com<\/a><\/h3>\n<\/div>\n<\/div>\n\n\n\n<div style=\"height:40px\" aria-hidden=\"true\" class=\"wp-block-spacer\"><\/div>\n","protected":false},"excerpt":{"rendered":"<p>Afin d\u2019exercer son savoir-faire en France, Euromark s\u2019appuie sur l\u2019expertise de partenaires industriels internes au groupe VINCI dont elle fait&#8230;<\/p>\n","protected":false},"author":6,"featured_media":0,"parent":3399,"menu_order":4,"comment_status":"closed","ping_status":"closed","template":"","meta":{"_acf_changed":false,"footnotes":""},"class_list":["post-3405","page","type-page","status-publish","hentry"],"acf":[],"yoast_head":"<!-- This site is optimized with the Yoast SEO plugin v27.5 - https:\/\/yoast.com\/product\/yoast-seo-wordpress\/ -->\n<title>Nos partenaires - Euromark, r\u00e9f\u00e9rent en produits de marquage routier<\/title>\n<meta name=\"description\" content=\"D\u00e9couvrez les diff\u00e9rents partenaires de Euromark, r\u00e9f\u00e9rent en produits de marquage routier. Nos partenaires nous accompagnent dans nos expertises.\" \/>\n<meta name=\"robots\" content=\"index, follow, max-snippet:-1, max-image-preview:large, max-video-preview:-1\" \/>\n<link rel=\"canonical\" href=\"http:\/\/euromark.ppmkt.fr\/fr\/nos-expertises\/nos-partenaires\/\" \/>\n<meta property=\"og:locale\" content=\"fr_FR\" \/>\n<meta property=\"og:type\" content=\"article\" \/>\n<meta property=\"og:title\" content=\"Nos partenaires - Euromark, r\u00e9f\u00e9rent en produits de marquage routier\" \/>\n<meta property=\"og:description\" content=\"D\u00e9couvrez les diff\u00e9rents partenaires de Euromark, r\u00e9f\u00e9rent en produits de marquage routier. Nos partenaires nous accompagnent dans nos expertises.\" \/>\n<meta property=\"og:url\" content=\"http:\/\/euromark.ppmkt.fr\/fr\/nos-expertises\/nos-partenaires\/\" \/>\n<meta property=\"og:site_name\" content=\"Euromark\" \/>\n<meta property=\"article:modified_time\" content=\"2025-11-03T10:33:25+00:00\" \/>\n<meta property=\"og:image\" content=\"http:\/\/euromark.ppmkt.fr\/wp-content\/uploads\/2025\/10\/Euroliners-logo.png\" \/>\n<meta name=\"twitter:card\" content=\"summary_large_image\" \/>\n<meta name=\"twitter:label1\" content=\"Dur\u00e9e de lecture estim\u00e9e\" \/>\n\t<meta name=\"twitter:data1\" content=\"2 minutes\" \/>\n<script type=\"application\/ld+json\" class=\"yoast-schema-graph\">{\"@context\":\"https:\\\/\\\/schema.org\",\"@graph\":[{\"@type\":\"WebPage\",\"@id\":\"http:\\\/\\\/euromark.ppmkt.fr\\\/fr\\\/nos-expertises\\\/nos-partenaires\\\/\",\"url\":\"http:\\\/\\\/euromark.ppmkt.fr\\\/fr\\\/nos-expertises\\\/nos-partenaires\\\/\",\"name\":\"Nos partenaires - Euromark, r\u00e9f\u00e9rent en produits de marquage routier\",\"isPartOf\":{\"@id\":\"http:\\\/\\\/euromark.ppmkt.fr\\\/fr\\\/#website\"},\"primaryImageOfPage\":{\"@id\":\"http:\\\/\\\/euromark.ppmkt.fr\\\/fr\\\/nos-expertises\\\/nos-partenaires\\\/#primaryimage\"},\"image\":{\"@id\":\"http:\\\/\\\/euromark.ppmkt.fr\\\/fr\\\/nos-expertises\\\/nos-partenaires\\\/#primaryimage\"},\"thumbnailUrl\":\"http:\\\/\\\/euromark.ppmkt.fr\\\/wp-content\\\/uploads\\\/2025\\\/10\\\/Euroliners-logo.png\",\"datePublished\":\"2025-09-09T11:59:26+00:00\",\"dateModified\":\"2025-11-03T10:33:25+00:00\",\"description\":\"D\u00e9couvrez les diff\u00e9rents partenaires de Euromark, r\u00e9f\u00e9rent en produits de marquage routier. Nos partenaires nous accompagnent dans nos expertises.\",\"breadcrumb\":{\"@id\":\"http:\\\/\\\/euromark.ppmkt.fr\\\/fr\\\/nos-expertises\\\/nos-partenaires\\\/#breadcrumb\"},\"inLanguage\":\"fr-FR\",\"potentialAction\":[{\"@type\":\"ReadAction\",\"target\":[\"http:\\\/\\\/euromark.ppmkt.fr\\\/fr\\\/nos-expertises\\\/nos-partenaires\\\/\"]}]},{\"@type\":\"ImageObject\",\"inLanguage\":\"fr-FR\",\"@id\":\"http:\\\/\\\/euromark.ppmkt.fr\\\/fr\\\/nos-expertises\\\/nos-partenaires\\\/#primaryimage\",\"url\":\"http:\\\/\\\/euromark.ppmkt.fr\\\/wp-content\\\/uploads\\\/2025\\\/10\\\/Euroliners-logo.png\",\"contentUrl\":\"http:\\\/\\\/euromark.ppmkt.fr\\\/wp-content\\\/uploads\\\/2025\\\/10\\\/Euroliners-logo.png\"},{\"@type\":\"BreadcrumbList\",\"@id\":\"http:\\\/\\\/euromark.ppmkt.fr\\\/fr\\\/nos-expertises\\\/nos-partenaires\\\/#breadcrumb\",\"itemListElement\":[{\"@type\":\"ListItem\",\"position\":1,\"name\":\"Accueil\",\"item\":\"http:\\\/\\\/euromark.ppmkt.fr\\\/fr\\\/\"},{\"@type\":\"ListItem\",\"position\":2,\"name\":\"Nos expertises\",\"item\":\"http:\\\/\\\/euromark.ppmkt.fr\\\/fr\\\/nos-expertises\\\/\"},{\"@type\":\"ListItem\",\"position\":3,\"name\":\"Nos partenaires\"}]},{\"@type\":\"WebSite\",\"@id\":\"http:\\\/\\\/euromark.ppmkt.fr\\\/fr\\\/#website\",\"url\":\"http:\\\/\\\/euromark.ppmkt.fr\\\/fr\\\/\",\"name\":\"Sar\",\"description\":\"\",\"publisher\":{\"@id\":\"http:\\\/\\\/euromark.ppmkt.fr\\\/fr\\\/#organization\"},\"potentialAction\":[{\"@type\":\"SearchAction\",\"target\":{\"@type\":\"EntryPoint\",\"urlTemplate\":\"http:\\\/\\\/euromark.ppmkt.fr\\\/fr\\\/?s={search_term_string}\"},\"query-input\":{\"@type\":\"PropertyValueSpecification\",\"valueRequired\":true,\"valueName\":\"search_term_string\"}}],\"inLanguage\":\"fr-FR\"},{\"@type\":\"Organization\",\"@id\":\"http:\\\/\\\/euromark.ppmkt.fr\\\/fr\\\/#organization\",\"name\":\"Sar\",\"url\":\"http:\\\/\\\/euromark.ppmkt.fr\\\/fr\\\/\",\"logo\":{\"@type\":\"ImageObject\",\"inLanguage\":\"fr-FR\",\"@id\":\"http:\\\/\\\/euromark.ppmkt.fr\\\/fr\\\/#\\\/schema\\\/logo\\\/image\\\/\",\"url\":\"\",\"contentUrl\":\"\",\"caption\":\"Sar\"},\"image\":{\"@id\":\"http:\\\/\\\/euromark.ppmkt.fr\\\/fr\\\/#\\\/schema\\\/logo\\\/image\\\/\"}}]}<\/script>\n<!-- \/ Yoast SEO plugin. -->","yoast_head_json":{"title":"Nos partenaires - Euromark, r\u00e9f\u00e9rent en produits de marquage routier","description":"D\u00e9couvrez les diff\u00e9rents partenaires de Euromark, r\u00e9f\u00e9rent en produits de marquage routier. Nos partenaires nous accompagnent dans nos expertises.","robots":{"index":"index","follow":"follow","max-snippet":"max-snippet:-1","max-image-preview":"max-image-preview:large","max-video-preview":"max-video-preview:-1"},"canonical":"http:\/\/euromark.ppmkt.fr\/fr\/nos-expertises\/nos-partenaires\/","og_locale":"fr_FR","og_type":"article","og_title":"Nos partenaires - Euromark, r\u00e9f\u00e9rent en produits de marquage routier","og_description":"D\u00e9couvrez les diff\u00e9rents partenaires de Euromark, r\u00e9f\u00e9rent en produits de marquage routier. Nos partenaires nous accompagnent dans nos expertises.","og_url":"http:\/\/euromark.ppmkt.fr\/fr\/nos-expertises\/nos-partenaires\/","og_site_name":"Euromark","article_modified_time":"2025-11-03T10:33:25+00:00","og_image":[{"url":"http:\/\/euromark.ppmkt.fr\/wp-content\/uploads\/2025\/10\/Euroliners-logo.png","type":"","width":"","height":""}],"twitter_card":"summary_large_image","twitter_misc":{"Dur\u00e9e de lecture estim\u00e9e":"2 minutes"},"schema":{"@context":"https:\/\/schema.org","@graph":[{"@type":"WebPage","@id":"http:\/\/euromark.ppmkt.fr\/fr\/nos-expertises\/nos-partenaires\/","url":"http:\/\/euromark.ppmkt.fr\/fr\/nos-expertises\/nos-partenaires\/","name":"Nos partenaires - Euromark, r\u00e9f\u00e9rent en produits de marquage routier","isPartOf":{"@id":"http:\/\/euromark.ppmkt.fr\/fr\/#website"},"primaryImageOfPage":{"@id":"http:\/\/euromark.ppmkt.fr\/fr\/nos-expertises\/nos-partenaires\/#primaryimage"},"image":{"@id":"http:\/\/euromark.ppmkt.fr\/fr\/nos-expertises\/nos-partenaires\/#primaryimage"},"thumbnailUrl":"http:\/\/euromark.ppmkt.fr\/wp-content\/uploads\/2025\/10\/Euroliners-logo.png","datePublished":"2025-09-09T11:59:26+00:00","dateModified":"2025-11-03T10:33:25+00:00","description":"D\u00e9couvrez les diff\u00e9rents partenaires de Euromark, r\u00e9f\u00e9rent en produits de marquage routier. Nos partenaires nous accompagnent dans nos expertises.","breadcrumb":{"@id":"http:\/\/euromark.ppmkt.fr\/fr\/nos-expertises\/nos-partenaires\/#breadcrumb"},"inLanguage":"fr-FR","potentialAction":[{"@type":"ReadAction","target":["http:\/\/euromark.ppmkt.fr\/fr\/nos-expertises\/nos-partenaires\/"]}]},{"@type":"ImageObject","inLanguage":"fr-FR","@id":"http:\/\/euromark.ppmkt.fr\/fr\/nos-expertises\/nos-partenaires\/#primaryimage","url":"http:\/\/euromark.ppmkt.fr\/wp-content\/uploads\/2025\/10\/Euroliners-logo.png","contentUrl":"http:\/\/euromark.ppmkt.fr\/wp-content\/uploads\/2025\/10\/Euroliners-logo.png"},{"@type":"BreadcrumbList","@id":"http:\/\/euromark.ppmkt.fr\/fr\/nos-expertises\/nos-partenaires\/#breadcrumb","itemListElement":[{"@type":"ListItem","position":1,"name":"Accueil","item":"http:\/\/euromark.ppmkt.fr\/fr\/"},{"@type":"ListItem","position":2,"name":"Nos expertises","item":"http:\/\/euromark.ppmkt.fr\/fr\/nos-expertises\/"},{"@type":"ListItem","position":3,"name":"Nos partenaires"}]},{"@type":"WebSite","@id":"http:\/\/euromark.ppmkt.fr\/fr\/#website","url":"http:\/\/euromark.ppmkt.fr\/fr\/","name":"Sar","description":"","publisher":{"@id":"http:\/\/euromark.ppmkt.fr\/fr\/#organization"},"potentialAction":[{"@type":"SearchAction","target":{"@type":"EntryPoint","urlTemplate":"http:\/\/euromark.ppmkt.fr\/fr\/?s={search_term_string}"},"query-input":{"@type":"PropertyValueSpecification","valueRequired":true,"valueName":"search_term_string"}}],"inLanguage":"fr-FR"},{"@type":"Organization","@id":"http:\/\/euromark.ppmkt.fr\/fr\/#organization","name":"Sar","url":"http:\/\/euromark.ppmkt.fr\/fr\/","logo":{"@type":"ImageObject","inLanguage":"fr-FR","@id":"http:\/\/euromark.ppmkt.fr\/fr\/#\/schema\/logo\/image\/","url":"","contentUrl":"","caption":"Sar"},"image":{"@id":"http:\/\/euromark.ppmkt.fr\/fr\/#\/schema\/logo\/image\/"}}]}},"_links":{"self":[{"href":"http:\/\/euromark.ppmkt.fr\/fr\/wp-json\/wp\/v2\/pages\/3405","targetHints":{"allow":["GET"]}}],"collection":[{"href":"http:\/\/euromark.ppmkt.fr\/fr\/wp-json\/wp\/v2\/pages"}],"about":[{"href":"http:\/\/euromark.ppmkt.fr\/fr\/wp-json\/wp\/v2\/types\/page"}],"author":[{"embeddable":true,"href":"http:\/\/euromark.ppmkt.fr\/fr\/wp-json\/wp\/v2\/users\/6"}],"replies":[{"embeddable":true,"href":"http:\/\/euromark.ppmkt.fr\/fr\/wp-json\/wp\/v2\/comments?post=3405"}],"version-history":[{"count":18,"href":"http:\/\/euromark.ppmkt.fr\/fr\/wp-json\/wp\/v2\/pages\/3405\/revisions"}],"predecessor-version":[{"id":4946,"href":"http:\/\/euromark.ppmkt.fr\/fr\/wp-json\/wp\/v2\/pages\/3405\/revisions\/4946"}],"up":[{"embeddable":true,"href":"http:\/\/euromark.ppmkt.fr\/fr\/wp-json\/wp\/v2\/pages\/3399"}],"wp:attachment":[{"href":"http:\/\/euromark.ppmkt.fr\/fr\/wp-json\/wp\/v2\/media?parent=3405"}],"curies":[{"name":"wp","href":"https:\/\/api.w.org\/{rel}","templated":true}]}}