{"id":3408,"date":"2025-09-09T14:03:03","date_gmt":"2025-09-09T12:03:03","guid":{"rendered":"http:\/\/euromark.ppmkt.fr\/?page_id=3408"},"modified":"2025-12-02T16:35:25","modified_gmt":"2025-12-02T15:35:25","slug":"nos-services","status":"publish","type":"page","link":"http:\/\/euromark.ppmkt.fr\/fr\/nos-expertises\/nos-services\/","title":{"rendered":"Nos services"},"content":{"rendered":"\n<div style=\"height:26px\" aria-hidden=\"true\" class=\"wp-block-spacer\"><\/div>\n\n\n\n<h2 class=\"wp-block-heading\">Mesures de performances<\/h2>\n\n\n\n<p><strong>Euromark, sp\u00e9cialiste du marquage routier, dispose d\u2019une \u00e9quipe technique hautement qualifi\u00e9e, d\u00e9di\u00e9e \u00e0 la r\u00e9alisation et \u00e0 l\u2019analyse des mesures de performance des marquages.<\/strong><\/p>\n\n\n\n<div style=\"height:60px\" aria-hidden=\"true\" class=\"wp-block-spacer\"><\/div>\n\n\n\n<h2 class=\"wp-block-heading\">Assistance technique<\/h2>\n\n\n\n<p>Le <strong>P\u00f4le Applicatif <\/strong>est un service sp\u00e9cialement d\u00e9di\u00e9 aux clients Euromark. Ses missions principales sont :<\/p>\n\n\n\n<ul class=\"wp-block-list\">\n<li>L&rsquo;assistance technique \u00e0 l\u2019application des produits et la mise en ad\u00e9quation du couple mat\u00e9riel\/produit<\/li>\n\n\n\n<li>Les essais produit<\/li>\n\n\n\n<li>Les mesures de performances<\/li>\n<\/ul>\n\n\n\n<div style=\"height:20px\" aria-hidden=\"true\" class=\"wp-block-spacer\"><\/div>\n\n\n\n<h3 class=\"wp-block-heading\">Ces mesures sont conformes \u00e0 la norme NF EN 1436 et incluent :&nbsp;<\/h3>\n\n\n\n<ul class=\"wp-block-list\">\n<li><strong>La r\u00e9tror\u00e9flexion RL<\/strong>, mesur\u00e9e en conditions statiques et dynamiques (appareil Zehntner)&nbsp;<\/li>\n\n\n\n<li><strong>La r\u00e9tror\u00e9flexion<\/strong> en conditions humides et mouill\u00e9es, selon le protocole VNTP (visible de nuit par temps de pluie)&nbsp;<\/li>\n\n\n\n<li><strong>Le coefficient d\u2019antiglissance<\/strong> (SRT)&nbsp;<\/li>\n\n\n\n<li><strong>Le coefficient de luminance<\/strong> diffuse en statique (Qd)&nbsp;<\/li>\n\n\n\n<li>Leur certification NF<\/li>\n<\/ul>\n\n\n\n<div style=\"height:40px\" aria-hidden=\"true\" class=\"wp-block-spacer\"><\/div>\n\n\n\n<div class=\"wp-block-buttons is-content-justification-center is-layout-flex wp-container-core-buttons-is-layout-16018d1d wp-block-buttons-is-layout-flex\">\n<div class=\"wp-block-button\"><a class=\"wp-block-button__link wp-element-button\" href=\"http:\/\/euromark.ppmkt.fr\/wp-content\/uploads\/2025\/10\/Euromark-Certification-NF.pdf\" target=\"_blank\" rel=\"noreferrer noopener\">En savoir plus sur la certification NF<\/a><\/div>\n<\/div>\n","protected":false},"excerpt":{"rendered":"<p>Mesures de performances Euromark, sp\u00e9cialiste du marquage routier, dispose d\u2019une \u00e9quipe technique hautement qualifi\u00e9e, d\u00e9di\u00e9e \u00e0 la r\u00e9alisation et \u00e0&#8230;<\/p>\n","protected":false},"author":6,"featured_media":0,"parent":3399,"menu_order":1,"comment_status":"closed","ping_status":"closed","template":"","meta":{"_acf_changed":false,"footnotes":""},"class_list":["post-3408","page","type-page","status-publish","hentry"],"acf":[],"yoast_head":"<!-- This site is optimized with the Yoast SEO plugin v27.5 - https:\/\/yoast.com\/product\/yoast-seo-wordpress\/ -->\n<title>Nos services - Euromark, r\u00e9f\u00e9rent en produits de marquage routier<\/title>\n<meta name=\"description\" content=\"D\u00e9couvrez les diff\u00e9rents services de Euromark, r\u00e9f\u00e9rent en produits de marquage routier. Nos services font partis de nos expertises.\" \/>\n<meta name=\"robots\" content=\"index, follow, max-snippet:-1, max-image-preview:large, max-video-preview:-1\" \/>\n<link rel=\"canonical\" href=\"http:\/\/euromark.ppmkt.fr\/fr\/nos-expertises\/nos-services\/\" \/>\n<meta property=\"og:locale\" content=\"fr_FR\" \/>\n<meta property=\"og:type\" content=\"article\" \/>\n<meta property=\"og:title\" content=\"Nos services - Euromark, r\u00e9f\u00e9rent en produits de marquage routier\" \/>\n<meta property=\"og:description\" content=\"D\u00e9couvrez les diff\u00e9rents services de Euromark, r\u00e9f\u00e9rent en produits de marquage routier. Nos services font partis de nos expertises.\" \/>\n<meta property=\"og:url\" content=\"http:\/\/euromark.ppmkt.fr\/fr\/nos-expertises\/nos-services\/\" \/>\n<meta property=\"og:site_name\" content=\"Euromark\" \/>\n<meta property=\"article:modified_time\" content=\"2025-12-02T15:35:25+00:00\" \/>\n<meta name=\"twitter:card\" content=\"summary_large_image\" \/>\n<meta name=\"twitter:label1\" content=\"Dur\u00e9e de lecture estim\u00e9e\" \/>\n\t<meta name=\"twitter:data1\" content=\"1 minute\" \/>\n<script type=\"application\/ld+json\" class=\"yoast-schema-graph\">{\"@context\":\"https:\\\/\\\/schema.org\",\"@graph\":[{\"@type\":\"WebPage\",\"@id\":\"http:\\\/\\\/euromark.ppmkt.fr\\\/fr\\\/nos-expertises\\\/nos-services\\\/\",\"url\":\"http:\\\/\\\/euromark.ppmkt.fr\\\/fr\\\/nos-expertises\\\/nos-services\\\/\",\"name\":\"Nos services - Euromark, r\u00e9f\u00e9rent en produits de marquage routier\",\"isPartOf\":{\"@id\":\"http:\\\/\\\/euromark.ppmkt.fr\\\/fr\\\/#website\"},\"datePublished\":\"2025-09-09T12:03:03+00:00\",\"dateModified\":\"2025-12-02T15:35:25+00:00\",\"description\":\"D\u00e9couvrez les diff\u00e9rents services de Euromark, r\u00e9f\u00e9rent en produits de marquage routier. Nos services font partis de nos expertises.\",\"breadcrumb\":{\"@id\":\"http:\\\/\\\/euromark.ppmkt.fr\\\/fr\\\/nos-expertises\\\/nos-services\\\/#breadcrumb\"},\"inLanguage\":\"fr-FR\",\"potentialAction\":[{\"@type\":\"ReadAction\",\"target\":[\"http:\\\/\\\/euromark.ppmkt.fr\\\/fr\\\/nos-expertises\\\/nos-services\\\/\"]}]},{\"@type\":\"BreadcrumbList\",\"@id\":\"http:\\\/\\\/euromark.ppmkt.fr\\\/fr\\\/nos-expertises\\\/nos-services\\\/#breadcrumb\",\"itemListElement\":[{\"@type\":\"ListItem\",\"position\":1,\"name\":\"Accueil\",\"item\":\"http:\\\/\\\/euromark.ppmkt.fr\\\/fr\\\/\"},{\"@type\":\"ListItem\",\"position\":2,\"name\":\"Nos expertises\",\"item\":\"http:\\\/\\\/euromark.ppmkt.fr\\\/fr\\\/nos-expertises\\\/\"},{\"@type\":\"ListItem\",\"position\":3,\"name\":\"Nos services\"}]},{\"@type\":\"WebSite\",\"@id\":\"http:\\\/\\\/euromark.ppmkt.fr\\\/fr\\\/#website\",\"url\":\"http:\\\/\\\/euromark.ppmkt.fr\\\/fr\\\/\",\"name\":\"Sar\",\"description\":\"\",\"publisher\":{\"@id\":\"http:\\\/\\\/euromark.ppmkt.fr\\\/fr\\\/#organization\"},\"potentialAction\":[{\"@type\":\"SearchAction\",\"target\":{\"@type\":\"EntryPoint\",\"urlTemplate\":\"http:\\\/\\\/euromark.ppmkt.fr\\\/fr\\\/?s={search_term_string}\"},\"query-input\":{\"@type\":\"PropertyValueSpecification\",\"valueRequired\":true,\"valueName\":\"search_term_string\"}}],\"inLanguage\":\"fr-FR\"},{\"@type\":\"Organization\",\"@id\":\"http:\\\/\\\/euromark.ppmkt.fr\\\/fr\\\/#organization\",\"name\":\"Sar\",\"url\":\"http:\\\/\\\/euromark.ppmkt.fr\\\/fr\\\/\",\"logo\":{\"@type\":\"ImageObject\",\"inLanguage\":\"fr-FR\",\"@id\":\"http:\\\/\\\/euromark.ppmkt.fr\\\/fr\\\/#\\\/schema\\\/logo\\\/image\\\/\",\"url\":\"\",\"contentUrl\":\"\",\"caption\":\"Sar\"},\"image\":{\"@id\":\"http:\\\/\\\/euromark.ppmkt.fr\\\/fr\\\/#\\\/schema\\\/logo\\\/image\\\/\"}}]}<\/script>\n<!-- \/ Yoast SEO plugin. -->","yoast_head_json":{"title":"Nos services - Euromark, r\u00e9f\u00e9rent en produits de marquage routier","description":"D\u00e9couvrez les diff\u00e9rents services de Euromark, r\u00e9f\u00e9rent en produits de marquage routier. Nos services font partis de nos expertises.","robots":{"index":"index","follow":"follow","max-snippet":"max-snippet:-1","max-image-preview":"max-image-preview:large","max-video-preview":"max-video-preview:-1"},"canonical":"http:\/\/euromark.ppmkt.fr\/fr\/nos-expertises\/nos-services\/","og_locale":"fr_FR","og_type":"article","og_title":"Nos services - Euromark, r\u00e9f\u00e9rent en produits de marquage routier","og_description":"D\u00e9couvrez les diff\u00e9rents services de Euromark, r\u00e9f\u00e9rent en produits de marquage routier. Nos services font partis de nos expertises.","og_url":"http:\/\/euromark.ppmkt.fr\/fr\/nos-expertises\/nos-services\/","og_site_name":"Euromark","article_modified_time":"2025-12-02T15:35:25+00:00","twitter_card":"summary_large_image","twitter_misc":{"Dur\u00e9e de lecture estim\u00e9e":"1 minute"},"schema":{"@context":"https:\/\/schema.org","@graph":[{"@type":"WebPage","@id":"http:\/\/euromark.ppmkt.fr\/fr\/nos-expertises\/nos-services\/","url":"http:\/\/euromark.ppmkt.fr\/fr\/nos-expertises\/nos-services\/","name":"Nos services - Euromark, r\u00e9f\u00e9rent en produits de marquage routier","isPartOf":{"@id":"http:\/\/euromark.ppmkt.fr\/fr\/#website"},"datePublished":"2025-09-09T12:03:03+00:00","dateModified":"2025-12-02T15:35:25+00:00","description":"D\u00e9couvrez les diff\u00e9rents services de Euromark, r\u00e9f\u00e9rent en produits de marquage routier. Nos services font partis de nos expertises.","breadcrumb":{"@id":"http:\/\/euromark.ppmkt.fr\/fr\/nos-expertises\/nos-services\/#breadcrumb"},"inLanguage":"fr-FR","potentialAction":[{"@type":"ReadAction","target":["http:\/\/euromark.ppmkt.fr\/fr\/nos-expertises\/nos-services\/"]}]},{"@type":"BreadcrumbList","@id":"http:\/\/euromark.ppmkt.fr\/fr\/nos-expertises\/nos-services\/#breadcrumb","itemListElement":[{"@type":"ListItem","position":1,"name":"Accueil","item":"http:\/\/euromark.ppmkt.fr\/fr\/"},{"@type":"ListItem","position":2,"name":"Nos expertises","item":"http:\/\/euromark.ppmkt.fr\/fr\/nos-expertises\/"},{"@type":"ListItem","position":3,"name":"Nos services"}]},{"@type":"WebSite","@id":"http:\/\/euromark.ppmkt.fr\/fr\/#website","url":"http:\/\/euromark.ppmkt.fr\/fr\/","name":"Sar","description":"","publisher":{"@id":"http:\/\/euromark.ppmkt.fr\/fr\/#organization"},"potentialAction":[{"@type":"SearchAction","target":{"@type":"EntryPoint","urlTemplate":"http:\/\/euromark.ppmkt.fr\/fr\/?s={search_term_string}"},"query-input":{"@type":"PropertyValueSpecification","valueRequired":true,"valueName":"search_term_string"}}],"inLanguage":"fr-FR"},{"@type":"Organization","@id":"http:\/\/euromark.ppmkt.fr\/fr\/#organization","name":"Sar","url":"http:\/\/euromark.ppmkt.fr\/fr\/","logo":{"@type":"ImageObject","inLanguage":"fr-FR","@id":"http:\/\/euromark.ppmkt.fr\/fr\/#\/schema\/logo\/image\/","url":"","contentUrl":"","caption":"Sar"},"image":{"@id":"http:\/\/euromark.ppmkt.fr\/fr\/#\/schema\/logo\/image\/"}}]}},"_links":{"self":[{"href":"http:\/\/euromark.ppmkt.fr\/fr\/wp-json\/wp\/v2\/pages\/3408","targetHints":{"allow":["GET"]}}],"collection":[{"href":"http:\/\/euromark.ppmkt.fr\/fr\/wp-json\/wp\/v2\/pages"}],"about":[{"href":"http:\/\/euromark.ppmkt.fr\/fr\/wp-json\/wp\/v2\/types\/page"}],"author":[{"embeddable":true,"href":"http:\/\/euromark.ppmkt.fr\/fr\/wp-json\/wp\/v2\/users\/6"}],"replies":[{"embeddable":true,"href":"http:\/\/euromark.ppmkt.fr\/fr\/wp-json\/wp\/v2\/comments?post=3408"}],"version-history":[{"count":25,"href":"http:\/\/euromark.ppmkt.fr\/fr\/wp-json\/wp\/v2\/pages\/3408\/revisions"}],"predecessor-version":[{"id":5926,"href":"http:\/\/euromark.ppmkt.fr\/fr\/wp-json\/wp\/v2\/pages\/3408\/revisions\/5926"}],"up":[{"embeddable":true,"href":"http:\/\/euromark.ppmkt.fr\/fr\/wp-json\/wp\/v2\/pages\/3399"}],"wp:attachment":[{"href":"http:\/\/euromark.ppmkt.fr\/fr\/wp-json\/wp\/v2\/media?parent=3408"}],"curies":[{"name":"wp","href":"https:\/\/api.w.org\/{rel}","templated":true}]}}