{"id":364,"date":"2024-04-11T12:08:31","date_gmt":"2024-04-11T10:08:31","guid":{"rendered":"http:\/\/euromark.ppmkt.fr\/?page_id=364"},"modified":"2025-12-03T08:51:18","modified_gmt":"2025-12-03T07:51:18","slug":"histoire","status":"publish","type":"page","link":"http:\/\/euromark.ppmkt.fr\/fr\/qui-nous-sommes\/histoire\/","title":{"rendered":"Notre Histoire"},"content":{"rendered":"\n<p class=\"sous-titre\">Euromark, c\u2019est plus de 60 ans d\u2019histoire.<\/p>\n\n\n\n<p>N\u00e9e dans le sillage du <strong>d\u00e9veloppement du r\u00e9seau routier national<\/strong>, Euromark a accompagn\u00e9 \u00e0 l\u2019essor de la <strong>signalisation horizontale<\/strong> en France. &nbsp;Acteur majeur de la mise en place d\u2019une certification et d\u2019une r\u00e9glementation exigeantes, Euromark a su depuis construire et renforcer sa r\u00e9putation de r\u00e9f\u00e9rent sur sa <strong>capacit\u00e9 \u00e0 innover<\/strong> pour r\u00e9pondre aux \u00e9volutions technologiques, aux <strong>enjeux de s\u00e9curit\u00e9 et environnementaux<\/strong>, et aux besoins de ses clients.<\/p>\n\n\n\n<div style=\"height:25px\" aria-hidden=\"true\" class=\"wp-block-spacer\"><\/div>\n\n\n\n    <div class=\"dates-cles\">\n                    <div class=\"bloc-date \">\n                <div class=\"content\">\n                    <div class=\"head wow fadeInUp\">\n                        <h2 class=\"date-cle\">1964<\/h2>\n                        <div class=\"image\">\n                            <img decoding=\"async\" class=\"picto-date-cle\" src=\"http:\/\/euromark.ppmkt.fr\/wp-content\/uploads\/2025\/05\/Plaque-Publicitaire.png\" alt=\"Icone cr\u00e9ation\">\n                        <\/div>\n                    <\/div>\n                    <div class=\"description wow fadeInUp\"><p><strong>Cr\u00e9ation de Euromark &#8211; Soci\u00e9t\u00e9 d\u2019Applications Routi\u00e8res,<\/strong> sp\u00e9cialis\u00e9e dans la fabrication de marquage routier, bas\u00e9e \u00e0 Agnetz dans l\u2019Oise (60).<\/p>\n<\/div>\n                <\/div>\n                <div class=\"empty-bloc\"><\/div>\n            <\/div>\n                    <div class=\"bloc-date reverse\">\n                <div class=\"content\">\n                    <div class=\"head wow fadeInUp\">\n                        <h2 class=\"date-cle\">1998<\/h2>\n                        <div class=\"image\">\n                            <img decoding=\"async\" class=\"picto-date-cle\" src=\"http:\/\/euromark.ppmkt.fr\/wp-content\/uploads\/2025\/12\/Euromark-picto-accueil.png\" alt=\"produit de marquage\">\n                        <\/div>\n                    <\/div>\n                    <div class=\"description wow fadeInUp\"><p>Lancement de la<strong> 1<sup>\u00e8re<\/sup> peinture solvant\u00e9e sans tolu\u00e8ne,<\/strong> marquant un tournant vers des formulations plus s\u00fbres pour les utilisateurs.<\/p>\n<\/div>\n                <\/div>\n                <div class=\"empty-bloc\"><\/div>\n            <\/div>\n                    <div class=\"bloc-date \">\n                <div class=\"content\">\n                    <div class=\"head wow fadeInUp\">\n                        <h2 class=\"date-cle\">2003<\/h2>\n                        <div class=\"image\">\n                            <img decoding=\"async\" class=\"picto-date-cle\" src=\"http:\/\/euromark.ppmkt.fr\/wp-content\/uploads\/2025\/09\/certification.png\" alt=\"\">\n                        <\/div>\n                    <\/div>\n                    <div class=\"description wow fadeInUp\"><p>Lancement des premiers produits \u00e0 l\u2019eau, dans une d\u00e9marche environnementale proactive.<\/p>\n<\/div>\n                <\/div>\n                <div class=\"empty-bloc\"><\/div>\n            <\/div>\n                    <div class=\"bloc-date reverse\">\n                <div class=\"content\">\n                    <div class=\"head wow fadeInUp\">\n                        <h2 class=\"date-cle\">2008<\/h2>\n                        <div class=\"image\">\n                            <img decoding=\"async\" class=\"picto-date-cle\" src=\"http:\/\/euromark.ppmkt.fr\/wp-content\/uploads\/2025\/09\/entreprise-vinci.png\" alt=\"\">\n                        <\/div>\n                    <\/div>\n                    <div class=\"description wow fadeInUp\"><p><strong>Euromark rejoint VINCI Construction<\/strong>, renfor\u00e7ant son ancrage industriel.<\/p>\n<\/div>\n                <\/div>\n                <div class=\"empty-bloc\"><\/div>\n            <\/div>\n                    <div class=\"bloc-date \">\n                <div class=\"content\">\n                    <div class=\"head wow fadeInUp\">\n                        <h2 class=\"date-cle\">2010<\/h2>\n                        <div class=\"image\">\n                            <img decoding=\"async\" class=\"picto-date-cle\" src=\"http:\/\/euromark.ppmkt.fr\/wp-content\/uploads\/2025\/05\/batiment.png\" alt=\"\">\n                        <\/div>\n                    <\/div>\n                    <div class=\"description wow fadeInUp\"><p>Mise en place de <strong>l\u2019analyse du cycle de vie (ACV)<\/strong> pour l\u2019ensemble des produits Euromark.<\/p>\n<\/div>\n                <\/div>\n                <div class=\"empty-bloc\"><\/div>\n            <\/div>\n                    <div class=\"bloc-date reverse\">\n                <div class=\"content\">\n                    <div class=\"head wow fadeInUp\">\n                        <h2 class=\"date-cle\">2013<\/h2>\n                        <div class=\"image\">\n                            <img decoding=\"async\" class=\"picto-date-cle\" src=\"http:\/\/euromark.ppmkt.fr\/wp-content\/uploads\/2025\/09\/certification.png\" alt=\"\">\n                        <\/div>\n                    <\/div>\n                    <div class=\"description wow fadeInUp\"><p>D\u00e9veloppement des <strong>1ers produits de marquage certifi\u00e9s sans dioxyde de titane (Ti02)<\/strong>.<\/p>\n<\/div>\n                <\/div>\n                <div class=\"empty-bloc\"><\/div>\n            <\/div>\n                    <div class=\"bloc-date \">\n                <div class=\"content\">\n                    <div class=\"head wow fadeInUp\">\n                        <h2 class=\"date-cle\">2014<\/h2>\n                        <div class=\"image\">\n                            <img decoding=\"async\" class=\"picto-date-cle\" src=\"http:\/\/euromark.ppmkt.fr\/wp-content\/uploads\/2025\/09\/picto_blanc-prd-specifique.png\" alt=\"\">\n                        <\/div>\n                    <\/div>\n                    <div class=\"description wow fadeInUp\"><p>Certifications <strong>des peintures avec acc\u00e9l\u00e9rateur de s\u00e9chage Rapido, <\/strong>pour une productivit\u00e9 accrue sur les chantiers.<\/p>\n<\/div>\n                <\/div>\n                <div class=\"empty-bloc\"><\/div>\n            <\/div>\n                    <div class=\"bloc-date reverse\">\n                <div class=\"content\">\n                    <div class=\"head wow fadeInUp\">\n                        <h2 class=\"date-cle\">2022<\/h2>\n                        <div class=\"image\">\n                            <img decoding=\"async\" class=\"picto-date-cle\" src=\"http:\/\/euromark.ppmkt.fr\/wp-content\/uploads\/2025\/05\/Pictogramme-casque.png\" alt=\"\">\n                        <\/div>\n                    <\/div>\n                    <div class=\"description wow fadeInUp\"><p>Lancement des <strong>thermoplastiques basse temp\u00e9rature<\/strong>.<\/p>\n<\/div>\n                <\/div>\n                <div class=\"empty-bloc\"><\/div>\n            <\/div>\n            <\/div>\n\n\n\n<script>\n\n$(document).foundation();\n$(function () {\n\/\/   new WOW().init();\n  let isAnimated = false;\n\n  function scrollCallback() {\n\n    $('.dates-cles .date-cle').each(function (i, counter) {\n        var $this = $(counter);\n\n        if ( ($(window).scrollTop() + $(window).height()) >= $this.offset().top && !$this.hasClass('started')) {\n            $this.addClass('started');\n            jQuery({ Counter: 0 }).animate({ Counter: $this.text() }, {\n                duration: 1000,\n                easing: 'swing',\n                step: function (i) {\n                $this.text(Math.ceil(i));\n                },\n                complete : function() {\n\n                },\n            });\n        }\n    });\n\n    $(window).bind('scroll', function(){\n        $('.dates-cles .date-cle').each(function (i, counter) {\n            var $this = $(counter);\n\n            if ( ($(window).scrollTop() + $(window).height()) >= $this.offset().top && !$this.hasClass('started')) {\n                $this.addClass('started');\n                jQuery({ Counter: 0 }).animate({ Counter: $this.text() }, {\n                    duration: 1000,\n                    easing: 'swing',\n                    step: function (i) {\n                    $this.text(Math.ceil(i));\n                    },\n                    complete : function() {\n\n                    },\n                });\n            }\n        });\n    })}\n    scrollCallback()\n})\n\n<\/script>\n\n\n<div style=\"height:60px\" aria-hidden=\"true\" class=\"wp-block-spacer\"><\/div>\n\n\n\n<h3 class=\"wp-block-heading has-text-align-center\">Envie d\u2019en savoir plus sur notre histoire\u00a0? <a href=\"http:\/\/euromark.ppmkt.fr\/wp-content\/uploads\/2025\/12\/Notre-histoire.pdf\" target=\"_blank\" rel=\"noreferrer noopener\">D\u00e9couvrez notre documentation !<\/a><\/h3>\n\n\n\n<p><\/p>\n","protected":false},"excerpt":{"rendered":"<p>Euromark, c\u2019est plus de 60 ans d\u2019histoire. N\u00e9e dans le sillage du d\u00e9veloppement du r\u00e9seau routier national, Euromark a accompagn\u00e9&#8230;<\/p>\n","protected":false},"author":1,"featured_media":0,"parent":199,"menu_order":75,"comment_status":"closed","ping_status":"closed","template":"","meta":{"_acf_changed":false,"footnotes":""},"class_list":["post-364","page","type-page","status-publish","hentry"],"acf":[],"yoast_head":"<!-- This site is optimized with the Yoast SEO plugin v27.5 - https:\/\/yoast.com\/product\/yoast-seo-wordpress\/ -->\n<title>Notre Histoire - Euromark, r\u00e9f\u00e9rent en produits de marquage routier<\/title>\n<meta name=\"description\" content=\"D\u00e9couvrez l&#039;histoire de Euromark depuis 1964. Au cours des ann\u00e9es, nos \u00e9quipes ont su r\u00e9pondre aux \u00e9volutions technologiques et aux besoins de ses clients.\" \/>\n<meta name=\"robots\" content=\"index, follow, max-snippet:-1, max-image-preview:large, max-video-preview:-1\" \/>\n<link rel=\"canonical\" href=\"http:\/\/euromark.ppmkt.fr\/fr\/qui-nous-sommes\/histoire\/\" \/>\n<meta property=\"og:locale\" content=\"fr_FR\" \/>\n<meta property=\"og:type\" content=\"article\" \/>\n<meta property=\"og:title\" content=\"Notre Histoire - Euromark, r\u00e9f\u00e9rent en produits de marquage routier\" \/>\n<meta property=\"og:description\" content=\"D\u00e9couvrez l&#039;histoire de Euromark depuis 1964. Au cours des ann\u00e9es, nos \u00e9quipes ont su r\u00e9pondre aux \u00e9volutions technologiques et aux besoins de ses clients.\" \/>\n<meta property=\"og:url\" content=\"http:\/\/euromark.ppmkt.fr\/fr\/qui-nous-sommes\/histoire\/\" \/>\n<meta property=\"og:site_name\" content=\"Euromark\" \/>\n<meta property=\"article:modified_time\" content=\"2025-12-03T07:51:18+00:00\" \/>\n<meta name=\"twitter:card\" content=\"summary_large_image\" \/>\n<meta name=\"twitter:label1\" content=\"Dur\u00e9e de lecture estim\u00e9e\" \/>\n\t<meta name=\"twitter:data1\" content=\"1 minute\" \/>\n<script type=\"application\/ld+json\" class=\"yoast-schema-graph\">{\"@context\":\"https:\\\/\\\/schema.org\",\"@graph\":[{\"@type\":\"WebPage\",\"@id\":\"http:\\\/\\\/euromark.ppmkt.fr\\\/fr\\\/qui-nous-sommes\\\/histoire\\\/\",\"url\":\"http:\\\/\\\/euromark.ppmkt.fr\\\/fr\\\/qui-nous-sommes\\\/histoire\\\/\",\"name\":\"Notre Histoire - Euromark, r\u00e9f\u00e9rent en produits de marquage routier\",\"isPartOf\":{\"@id\":\"http:\\\/\\\/euromark.ppmkt.fr\\\/fr\\\/#website\"},\"datePublished\":\"2024-04-11T10:08:31+00:00\",\"dateModified\":\"2025-12-03T07:51:18+00:00\",\"description\":\"D\u00e9couvrez l'histoire de Euromark depuis 1964. Au cours des ann\u00e9es, nos \u00e9quipes ont su r\u00e9pondre aux \u00e9volutions technologiques et aux besoins de ses clients.\",\"breadcrumb\":{\"@id\":\"http:\\\/\\\/euromark.ppmkt.fr\\\/fr\\\/qui-nous-sommes\\\/histoire\\\/#breadcrumb\"},\"inLanguage\":\"fr-FR\",\"potentialAction\":[{\"@type\":\"ReadAction\",\"target\":[\"http:\\\/\\\/euromark.ppmkt.fr\\\/fr\\\/qui-nous-sommes\\\/histoire\\\/\"]}]},{\"@type\":\"BreadcrumbList\",\"@id\":\"http:\\\/\\\/euromark.ppmkt.fr\\\/fr\\\/qui-nous-sommes\\\/histoire\\\/#breadcrumb\",\"itemListElement\":[{\"@type\":\"ListItem\",\"position\":1,\"name\":\"Accueil\",\"item\":\"http:\\\/\\\/euromark.ppmkt.fr\\\/fr\\\/\"},{\"@type\":\"ListItem\",\"position\":2,\"name\":\"Qui nous sommes\",\"item\":\"http:\\\/\\\/euromark.ppmkt.fr\\\/fr\\\/qui-nous-sommes\\\/\"},{\"@type\":\"ListItem\",\"position\":3,\"name\":\"Notre Histoire\"}]},{\"@type\":\"WebSite\",\"@id\":\"http:\\\/\\\/euromark.ppmkt.fr\\\/fr\\\/#website\",\"url\":\"http:\\\/\\\/euromark.ppmkt.fr\\\/fr\\\/\",\"name\":\"Sar\",\"description\":\"\",\"publisher\":{\"@id\":\"http:\\\/\\\/euromark.ppmkt.fr\\\/fr\\\/#organization\"},\"potentialAction\":[{\"@type\":\"SearchAction\",\"target\":{\"@type\":\"EntryPoint\",\"urlTemplate\":\"http:\\\/\\\/euromark.ppmkt.fr\\\/fr\\\/?s={search_term_string}\"},\"query-input\":{\"@type\":\"PropertyValueSpecification\",\"valueRequired\":true,\"valueName\":\"search_term_string\"}}],\"inLanguage\":\"fr-FR\"},{\"@type\":\"Organization\",\"@id\":\"http:\\\/\\\/euromark.ppmkt.fr\\\/fr\\\/#organization\",\"name\":\"Sar\",\"url\":\"http:\\\/\\\/euromark.ppmkt.fr\\\/fr\\\/\",\"logo\":{\"@type\":\"ImageObject\",\"inLanguage\":\"fr-FR\",\"@id\":\"http:\\\/\\\/euromark.ppmkt.fr\\\/fr\\\/#\\\/schema\\\/logo\\\/image\\\/\",\"url\":\"\",\"contentUrl\":\"\",\"caption\":\"Sar\"},\"image\":{\"@id\":\"http:\\\/\\\/euromark.ppmkt.fr\\\/fr\\\/#\\\/schema\\\/logo\\\/image\\\/\"}}]}<\/script>\n<!-- \/ Yoast SEO plugin. -->","yoast_head_json":{"title":"Notre Histoire - Euromark, r\u00e9f\u00e9rent en produits de marquage routier","description":"D\u00e9couvrez l'histoire de Euromark depuis 1964. Au cours des ann\u00e9es, nos \u00e9quipes ont su r\u00e9pondre aux \u00e9volutions technologiques et aux besoins de ses clients.","robots":{"index":"index","follow":"follow","max-snippet":"max-snippet:-1","max-image-preview":"max-image-preview:large","max-video-preview":"max-video-preview:-1"},"canonical":"http:\/\/euromark.ppmkt.fr\/fr\/qui-nous-sommes\/histoire\/","og_locale":"fr_FR","og_type":"article","og_title":"Notre Histoire - Euromark, r\u00e9f\u00e9rent en produits de marquage routier","og_description":"D\u00e9couvrez l'histoire de Euromark depuis 1964. Au cours des ann\u00e9es, nos \u00e9quipes ont su r\u00e9pondre aux \u00e9volutions technologiques et aux besoins de ses clients.","og_url":"http:\/\/euromark.ppmkt.fr\/fr\/qui-nous-sommes\/histoire\/","og_site_name":"Euromark","article_modified_time":"2025-12-03T07:51:18+00:00","twitter_card":"summary_large_image","twitter_misc":{"Dur\u00e9e de lecture estim\u00e9e":"1 minute"},"schema":{"@context":"https:\/\/schema.org","@graph":[{"@type":"WebPage","@id":"http:\/\/euromark.ppmkt.fr\/fr\/qui-nous-sommes\/histoire\/","url":"http:\/\/euromark.ppmkt.fr\/fr\/qui-nous-sommes\/histoire\/","name":"Notre Histoire - Euromark, r\u00e9f\u00e9rent en produits de marquage routier","isPartOf":{"@id":"http:\/\/euromark.ppmkt.fr\/fr\/#website"},"datePublished":"2024-04-11T10:08:31+00:00","dateModified":"2025-12-03T07:51:18+00:00","description":"D\u00e9couvrez l'histoire de Euromark depuis 1964. Au cours des ann\u00e9es, nos \u00e9quipes ont su r\u00e9pondre aux \u00e9volutions technologiques et aux besoins de ses clients.","breadcrumb":{"@id":"http:\/\/euromark.ppmkt.fr\/fr\/qui-nous-sommes\/histoire\/#breadcrumb"},"inLanguage":"fr-FR","potentialAction":[{"@type":"ReadAction","target":["http:\/\/euromark.ppmkt.fr\/fr\/qui-nous-sommes\/histoire\/"]}]},{"@type":"BreadcrumbList","@id":"http:\/\/euromark.ppmkt.fr\/fr\/qui-nous-sommes\/histoire\/#breadcrumb","itemListElement":[{"@type":"ListItem","position":1,"name":"Accueil","item":"http:\/\/euromark.ppmkt.fr\/fr\/"},{"@type":"ListItem","position":2,"name":"Qui nous sommes","item":"http:\/\/euromark.ppmkt.fr\/fr\/qui-nous-sommes\/"},{"@type":"ListItem","position":3,"name":"Notre Histoire"}]},{"@type":"WebSite","@id":"http:\/\/euromark.ppmkt.fr\/fr\/#website","url":"http:\/\/euromark.ppmkt.fr\/fr\/","name":"Sar","description":"","publisher":{"@id":"http:\/\/euromark.ppmkt.fr\/fr\/#organization"},"potentialAction":[{"@type":"SearchAction","target":{"@type":"EntryPoint","urlTemplate":"http:\/\/euromark.ppmkt.fr\/fr\/?s={search_term_string}"},"query-input":{"@type":"PropertyValueSpecification","valueRequired":true,"valueName":"search_term_string"}}],"inLanguage":"fr-FR"},{"@type":"Organization","@id":"http:\/\/euromark.ppmkt.fr\/fr\/#organization","name":"Sar","url":"http:\/\/euromark.ppmkt.fr\/fr\/","logo":{"@type":"ImageObject","inLanguage":"fr-FR","@id":"http:\/\/euromark.ppmkt.fr\/fr\/#\/schema\/logo\/image\/","url":"","contentUrl":"","caption":"Sar"},"image":{"@id":"http:\/\/euromark.ppmkt.fr\/fr\/#\/schema\/logo\/image\/"}}]}},"_links":{"self":[{"href":"http:\/\/euromark.ppmkt.fr\/fr\/wp-json\/wp\/v2\/pages\/364","targetHints":{"allow":["GET"]}}],"collection":[{"href":"http:\/\/euromark.ppmkt.fr\/fr\/wp-json\/wp\/v2\/pages"}],"about":[{"href":"http:\/\/euromark.ppmkt.fr\/fr\/wp-json\/wp\/v2\/types\/page"}],"author":[{"embeddable":true,"href":"http:\/\/euromark.ppmkt.fr\/fr\/wp-json\/wp\/v2\/users\/1"}],"replies":[{"embeddable":true,"href":"http:\/\/euromark.ppmkt.fr\/fr\/wp-json\/wp\/v2\/comments?post=364"}],"version-history":[{"count":88,"href":"http:\/\/euromark.ppmkt.fr\/fr\/wp-json\/wp\/v2\/pages\/364\/revisions"}],"predecessor-version":[{"id":5928,"href":"http:\/\/euromark.ppmkt.fr\/fr\/wp-json\/wp\/v2\/pages\/364\/revisions\/5928"}],"up":[{"embeddable":true,"href":"http:\/\/euromark.ppmkt.fr\/fr\/wp-json\/wp\/v2\/pages\/199"}],"wp:attachment":[{"href":"http:\/\/euromark.ppmkt.fr\/fr\/wp-json\/wp\/v2\/media?parent=364"}],"curies":[{"name":"wp","href":"https:\/\/api.w.org\/{rel}","templated":true}]}}