{"id":5938,"date":"2025-12-03T09:24:19","date_gmt":"2025-12-03T08:24:19","guid":{"rendered":"http:\/\/euromark.ppmkt.fr\/?page_id=5938"},"modified":"2025-12-03T09:45:53","modified_gmt":"2025-12-03T08:45:53","slug":"nos-tutoriels-techniques","status":"publish","type":"page","link":"http:\/\/euromark.ppmkt.fr\/fr\/nos-expertises\/nos-tutoriels-techniques\/","title":{"rendered":"Nos tutoriels techniques"},"content":{"rendered":"\n<p>Tout ce que vous avez voulu savoir sur l&rsquo;application des produits Euromark&nbsp;:<\/p>\n\n\n\n<div class=\"wp-block-columns is-layout-flex wp-container-core-columns-is-layout-9d6595d7 wp-block-columns-is-layout-flex\">\n<div class=\"wp-block-column is-layout-flow wp-block-column-is-layout-flow\">\n<ul class=\"wp-block-list wp-embed-aspect-16-9 wp-has-aspect-ratio\">\n<li>Application primaire d&rsquo;accrochage \u2013 PRIMAJET Z<\/li>\n<\/ul>\n\n\n\n<figure class=\"wp-block-embed aligncenter is-type-video is-provider-youtube wp-block-embed-youtube wp-embed-aspect-16-9 wp-has-aspect-ratio\"><div class=\"wp-block-embed__wrapper\">\n<div class=\"oembed\">\n\t<iframe loading=\"lazy\" title=\"Application primaire  d&#039;accrochage pour thermo  PRIMAJET\" width=\"500\" height=\"281\" src=\"https:\/\/www.youtube.com\/embed\/bn7zR8rVmLE?feature=oembed\" frameborder=\"0\" allow=\"accelerometer; autoplay; clipboard-write; encrypted-media; gyroscope; picture-in-picture; web-share\" referrerpolicy=\"strict-origin-when-cross-origin\" allowfullscreen><\/iframe><\/div>\n\n<\/div><\/figure>\n\n\n\n<ul class=\"wp-block-list wp-embed-aspect-16-9 wp-has-aspect-ratio\">\n<li>Application enduit \u00e0 chaud &#8211; REBELLION<\/li>\n<\/ul>\n\n\n\n<figure class=\"wp-block-embed aligncenter is-type-video is-provider-youtube wp-block-embed-youtube wp-embed-aspect-16-9 wp-has-aspect-ratio\"><div class=\"wp-block-embed__wrapper\">\n<div class=\"oembed\">\n\t<iframe loading=\"lazy\" title=\"Application enduit \u00e0 chaud - REBELLION\" width=\"500\" height=\"281\" src=\"https:\/\/www.youtube.com\/embed\/QH99e_-q3ck?feature=oembed\" frameborder=\"0\" allow=\"accelerometer; autoplay; clipboard-write; encrypted-media; gyroscope; picture-in-picture; web-share\" referrerpolicy=\"strict-origin-when-cross-origin\" allowfullscreen><\/iframe><\/div>\n\n<\/div><\/figure>\n\n\n\n<ul class=\"wp-block-list wp-embed-aspect-16-9 wp-has-aspect-ratio\">\n<li>Application manuelle peinture routi\u00e8re avec charges antid\u00e9rapantes en injection<\/li>\n<\/ul>\n\n\n\n<figure class=\"wp-block-embed aligncenter is-type-video is-provider-youtube wp-block-embed-youtube\"><div class=\"wp-block-embed__wrapper\">\nhttps:\/\/www.youtube.com\/watch?v=DAyCz09SVnYu0026t=18s\n<\/div><\/figure>\n\n\n\n<ul class=\"wp-block-list wp-embed-aspect-16-9 wp-has-aspect-ratio\">\n<li>Application des enduits \u00e0 froid<\/li>\n<\/ul>\n\n\n\n<figure class=\"wp-block-embed aligncenter is-type-video is-provider-youtube wp-block-embed-youtube\"><div class=\"wp-block-embed__wrapper\">\nhttps:\/\/www.youtube.com\/watch?v=PTdSIIgW3fou0026t=43s\n<\/div><\/figure>\n<\/div>\n\n\n\n<div class=\"wp-block-column is-layout-flow wp-block-column-is-layout-flow\">\n<ul class=\"wp-block-list wp-embed-aspect-16-9 wp-has-aspect-ratio\">\n<li>Application enduit \u00e0 froid &#8211; ROLLFLEX<\/li>\n<\/ul>\n\n\n\n<figure class=\"wp-block-embed aligncenter is-type-video is-provider-youtube wp-block-embed-youtube wp-embed-aspect-16-9 wp-has-aspect-ratio\"><div class=\"wp-block-embed__wrapper\">\n<div class=\"oembed\">\n\t<iframe loading=\"lazy\" title=\"Application ROLLFLEX Euromark\" width=\"500\" height=\"281\" src=\"https:\/\/www.youtube.com\/embed\/_ucCoZa8cH8?feature=oembed\" frameborder=\"0\" allow=\"accelerometer; autoplay; clipboard-write; encrypted-media; gyroscope; picture-in-picture; web-share\" referrerpolicy=\"strict-origin-when-cross-origin\" allowfullscreen><\/iframe><\/div>\n\n<\/div><\/figure>\n\n\n\n<ul class=\"wp-block-list wp-embed-aspect-16-9 wp-has-aspect-ratio\">\n<li>&nbsp;Application asphalte &#8211; EUROPHALT +<\/li>\n<\/ul>\n\n\n\n<figure class=\"wp-block-embed aligncenter is-provider-youtube wp-block-embed-youtube\"><div class=\"wp-block-embed__wrapper\">\nhttps:\/\/www.youtube.com\/watch?v=vb7CjIRp2sIu0026t=13s\n<\/div><\/figure>\n\n\n\n<ul class=\"wp-block-list wp-embed-aspect-16-9 wp-has-aspect-ratio\">\n<li>Application produit d\u2019am\u00e9nagement et de s\u00e9curit\u00e9 &#8211; PEPITE<\/li>\n<\/ul>\n\n\n\n<figure class=\"wp-block-embed aligncenter is-type-video is-provider-youtube wp-block-embed-youtube\"><div class=\"wp-block-embed__wrapper\">\nhttps:\/\/www.youtube.com\/watch?v=2hzXQOfcODku0026t=45s\n<\/div><\/figure>\n<\/div>\n<\/div>\n","protected":false},"excerpt":{"rendered":"<p>Tout ce que vous avez voulu savoir sur l&rsquo;application des produits Euromark&nbsp;:<\/p>\n","protected":false},"author":1,"featured_media":0,"parent":3399,"menu_order":2,"comment_status":"closed","ping_status":"closed","template":"page-formation.php","meta":{"_acf_changed":false,"footnotes":""},"class_list":["post-5938","page","type-page","status-publish","hentry"],"acf":[],"yoast_head":"<!-- This site is optimized with the Yoast SEO plugin v27.5 - https:\/\/yoast.com\/product\/yoast-seo-wordpress\/ -->\n<title>Nos tutoriels techniques - Euromark, r\u00e9f\u00e9rent en produits de marquage routier<\/title>\n<meta name=\"description\" content=\"D\u00e9couvrez les diff\u00e9rentes formations de Euromark, r\u00e9f\u00e9rent en produits de marquage routier. Nos formations font parties de nos expertises.\" \/>\n<meta name=\"robots\" content=\"index, follow, max-snippet:-1, max-image-preview:large, max-video-preview:-1\" \/>\n<link rel=\"canonical\" href=\"http:\/\/euromark.ppmkt.fr\/fr\/nos-expertises\/nos-tutoriels-techniques\/\" \/>\n<meta property=\"og:locale\" content=\"fr_FR\" \/>\n<meta property=\"og:type\" content=\"article\" \/>\n<meta property=\"og:title\" content=\"Nos tutoriels techniques - Euromark, r\u00e9f\u00e9rent en produits de marquage routier\" \/>\n<meta property=\"og:description\" content=\"D\u00e9couvrez les diff\u00e9rentes formations de Euromark, r\u00e9f\u00e9rent en produits de marquage routier. Nos formations font parties de nos expertises.\" \/>\n<meta property=\"og:url\" content=\"http:\/\/euromark.ppmkt.fr\/fr\/nos-expertises\/nos-tutoriels-techniques\/\" \/>\n<meta property=\"og:site_name\" content=\"Euromark\" \/>\n<meta property=\"article:modified_time\" content=\"2025-12-03T08:45:53+00:00\" \/>\n<meta name=\"twitter:card\" content=\"summary_large_image\" \/>\n<meta name=\"twitter:label1\" content=\"Dur\u00e9e de lecture estim\u00e9e\" \/>\n\t<meta name=\"twitter:data1\" content=\"1 minute\" \/>\n<script type=\"application\/ld+json\" class=\"yoast-schema-graph\">{\"@context\":\"https:\\\/\\\/schema.org\",\"@graph\":[{\"@type\":\"WebPage\",\"@id\":\"http:\\\/\\\/euromark.ppmkt.fr\\\/fr\\\/nos-expertises\\\/nos-tutoriels-techniques\\\/\",\"url\":\"http:\\\/\\\/euromark.ppmkt.fr\\\/fr\\\/nos-expertises\\\/nos-tutoriels-techniques\\\/\",\"name\":\"Nos tutoriels techniques - Euromark, r\u00e9f\u00e9rent en produits de marquage routier\",\"isPartOf\":{\"@id\":\"http:\\\/\\\/euromark.ppmkt.fr\\\/fr\\\/#website\"},\"datePublished\":\"2025-12-03T08:24:19+00:00\",\"dateModified\":\"2025-12-03T08:45:53+00:00\",\"description\":\"D\u00e9couvrez les diff\u00e9rentes formations de Euromark, r\u00e9f\u00e9rent en produits de marquage routier. Nos formations font parties de nos expertises.\",\"breadcrumb\":{\"@id\":\"http:\\\/\\\/euromark.ppmkt.fr\\\/fr\\\/nos-expertises\\\/nos-tutoriels-techniques\\\/#breadcrumb\"},\"inLanguage\":\"fr-FR\",\"potentialAction\":[{\"@type\":\"ReadAction\",\"target\":[\"http:\\\/\\\/euromark.ppmkt.fr\\\/fr\\\/nos-expertises\\\/nos-tutoriels-techniques\\\/\"]}]},{\"@type\":\"BreadcrumbList\",\"@id\":\"http:\\\/\\\/euromark.ppmkt.fr\\\/fr\\\/nos-expertises\\\/nos-tutoriels-techniques\\\/#breadcrumb\",\"itemListElement\":[{\"@type\":\"ListItem\",\"position\":1,\"name\":\"Accueil\",\"item\":\"http:\\\/\\\/euromark.ppmkt.fr\\\/fr\\\/\"},{\"@type\":\"ListItem\",\"position\":2,\"name\":\"Nos expertises\",\"item\":\"http:\\\/\\\/euromark.ppmkt.fr\\\/fr\\\/nos-expertises\\\/\"},{\"@type\":\"ListItem\",\"position\":3,\"name\":\"Nos tutoriels techniques\"}]},{\"@type\":\"WebSite\",\"@id\":\"http:\\\/\\\/euromark.ppmkt.fr\\\/fr\\\/#website\",\"url\":\"http:\\\/\\\/euromark.ppmkt.fr\\\/fr\\\/\",\"name\":\"Sar\",\"description\":\"\",\"publisher\":{\"@id\":\"http:\\\/\\\/euromark.ppmkt.fr\\\/fr\\\/#organization\"},\"potentialAction\":[{\"@type\":\"SearchAction\",\"target\":{\"@type\":\"EntryPoint\",\"urlTemplate\":\"http:\\\/\\\/euromark.ppmkt.fr\\\/fr\\\/?s={search_term_string}\"},\"query-input\":{\"@type\":\"PropertyValueSpecification\",\"valueRequired\":true,\"valueName\":\"search_term_string\"}}],\"inLanguage\":\"fr-FR\"},{\"@type\":\"Organization\",\"@id\":\"http:\\\/\\\/euromark.ppmkt.fr\\\/fr\\\/#organization\",\"name\":\"Sar\",\"url\":\"http:\\\/\\\/euromark.ppmkt.fr\\\/fr\\\/\",\"logo\":{\"@type\":\"ImageObject\",\"inLanguage\":\"fr-FR\",\"@id\":\"http:\\\/\\\/euromark.ppmkt.fr\\\/fr\\\/#\\\/schema\\\/logo\\\/image\\\/\",\"url\":\"\",\"contentUrl\":\"\",\"caption\":\"Sar\"},\"image\":{\"@id\":\"http:\\\/\\\/euromark.ppmkt.fr\\\/fr\\\/#\\\/schema\\\/logo\\\/image\\\/\"}}]}<\/script>\n<!-- \/ Yoast SEO plugin. -->","yoast_head_json":{"title":"Nos tutoriels techniques - Euromark, r\u00e9f\u00e9rent en produits de marquage routier","description":"D\u00e9couvrez les diff\u00e9rentes formations de Euromark, r\u00e9f\u00e9rent en produits de marquage routier. Nos formations font parties de nos expertises.","robots":{"index":"index","follow":"follow","max-snippet":"max-snippet:-1","max-image-preview":"max-image-preview:large","max-video-preview":"max-video-preview:-1"},"canonical":"http:\/\/euromark.ppmkt.fr\/fr\/nos-expertises\/nos-tutoriels-techniques\/","og_locale":"fr_FR","og_type":"article","og_title":"Nos tutoriels techniques - Euromark, r\u00e9f\u00e9rent en produits de marquage routier","og_description":"D\u00e9couvrez les diff\u00e9rentes formations de Euromark, r\u00e9f\u00e9rent en produits de marquage routier. Nos formations font parties de nos expertises.","og_url":"http:\/\/euromark.ppmkt.fr\/fr\/nos-expertises\/nos-tutoriels-techniques\/","og_site_name":"Euromark","article_modified_time":"2025-12-03T08:45:53+00:00","twitter_card":"summary_large_image","twitter_misc":{"Dur\u00e9e de lecture estim\u00e9e":"1 minute"},"schema":{"@context":"https:\/\/schema.org","@graph":[{"@type":"WebPage","@id":"http:\/\/euromark.ppmkt.fr\/fr\/nos-expertises\/nos-tutoriels-techniques\/","url":"http:\/\/euromark.ppmkt.fr\/fr\/nos-expertises\/nos-tutoriels-techniques\/","name":"Nos tutoriels techniques - Euromark, r\u00e9f\u00e9rent en produits de marquage routier","isPartOf":{"@id":"http:\/\/euromark.ppmkt.fr\/fr\/#website"},"datePublished":"2025-12-03T08:24:19+00:00","dateModified":"2025-12-03T08:45:53+00:00","description":"D\u00e9couvrez les diff\u00e9rentes formations de Euromark, r\u00e9f\u00e9rent en produits de marquage routier. Nos formations font parties de nos expertises.","breadcrumb":{"@id":"http:\/\/euromark.ppmkt.fr\/fr\/nos-expertises\/nos-tutoriels-techniques\/#breadcrumb"},"inLanguage":"fr-FR","potentialAction":[{"@type":"ReadAction","target":["http:\/\/euromark.ppmkt.fr\/fr\/nos-expertises\/nos-tutoriels-techniques\/"]}]},{"@type":"BreadcrumbList","@id":"http:\/\/euromark.ppmkt.fr\/fr\/nos-expertises\/nos-tutoriels-techniques\/#breadcrumb","itemListElement":[{"@type":"ListItem","position":1,"name":"Accueil","item":"http:\/\/euromark.ppmkt.fr\/fr\/"},{"@type":"ListItem","position":2,"name":"Nos expertises","item":"http:\/\/euromark.ppmkt.fr\/fr\/nos-expertises\/"},{"@type":"ListItem","position":3,"name":"Nos tutoriels techniques"}]},{"@type":"WebSite","@id":"http:\/\/euromark.ppmkt.fr\/fr\/#website","url":"http:\/\/euromark.ppmkt.fr\/fr\/","name":"Sar","description":"","publisher":{"@id":"http:\/\/euromark.ppmkt.fr\/fr\/#organization"},"potentialAction":[{"@type":"SearchAction","target":{"@type":"EntryPoint","urlTemplate":"http:\/\/euromark.ppmkt.fr\/fr\/?s={search_term_string}"},"query-input":{"@type":"PropertyValueSpecification","valueRequired":true,"valueName":"search_term_string"}}],"inLanguage":"fr-FR"},{"@type":"Organization","@id":"http:\/\/euromark.ppmkt.fr\/fr\/#organization","name":"Sar","url":"http:\/\/euromark.ppmkt.fr\/fr\/","logo":{"@type":"ImageObject","inLanguage":"fr-FR","@id":"http:\/\/euromark.ppmkt.fr\/fr\/#\/schema\/logo\/image\/","url":"","contentUrl":"","caption":"Sar"},"image":{"@id":"http:\/\/euromark.ppmkt.fr\/fr\/#\/schema\/logo\/image\/"}}]}},"_links":{"self":[{"href":"http:\/\/euromark.ppmkt.fr\/fr\/wp-json\/wp\/v2\/pages\/5938","targetHints":{"allow":["GET"]}}],"collection":[{"href":"http:\/\/euromark.ppmkt.fr\/fr\/wp-json\/wp\/v2\/pages"}],"about":[{"href":"http:\/\/euromark.ppmkt.fr\/fr\/wp-json\/wp\/v2\/types\/page"}],"author":[{"embeddable":true,"href":"http:\/\/euromark.ppmkt.fr\/fr\/wp-json\/wp\/v2\/users\/1"}],"replies":[{"embeddable":true,"href":"http:\/\/euromark.ppmkt.fr\/fr\/wp-json\/wp\/v2\/comments?post=5938"}],"version-history":[{"count":9,"href":"http:\/\/euromark.ppmkt.fr\/fr\/wp-json\/wp\/v2\/pages\/5938\/revisions"}],"predecessor-version":[{"id":5968,"href":"http:\/\/euromark.ppmkt.fr\/fr\/wp-json\/wp\/v2\/pages\/5938\/revisions\/5968"}],"up":[{"embeddable":true,"href":"http:\/\/euromark.ppmkt.fr\/fr\/wp-json\/wp\/v2\/pages\/3399"}],"wp:attachment":[{"href":"http:\/\/euromark.ppmkt.fr\/fr\/wp-json\/wp\/v2\/media?parent=5938"}],"curies":[{"name":"wp","href":"https:\/\/api.w.org\/{rel}","templated":true}]}}